{"id":1842,"date":"2025-12-26T21:51:53","date_gmt":"2025-12-27T05:51:53","guid":{"rendered":"https:\/\/qyonz.com\/?page_id=1842"},"modified":"2026-01-05T23:46:51","modified_gmt":"2026-01-06T07:46:51","slug":"benutzungsbedingungen","status":"publish","type":"page","link":"https:\/\/qyonz.com\/de\/policies\/terms-of-use\/","title":{"rendered":"Nutzungsbedingungen"},"content":{"rendered":"<div data-elementor-type=\"wp-page\" data-elementor-id=\"1842\" class=\"elementor elementor-1842\" data-elementor-post-type=\"page\">\n\t\t\t\t<div class=\"wd-negative-gap elementor-element elementor-element-77e3158 e-flex e-con-boxed e-con e-parent\" data-id=\"77e3158\" data-element_type=\"container\" data-e-type=\"container\">\n\t\t\t\t\t<div class=\"e-con-inner\">\n\t\t\t\t<div class=\"elementor-element elementor-element-ad37566 elementor-widget elementor-widget-html\" data-id=\"ad37566\" data-element_type=\"widget\" data-e-type=\"widget\" data-widget_type=\"html.default\">\n\t\t\t\t\t<!-- Cosmetics OEM Terms of Use - Elementor Compatible HTML -->\n<style>\n.terms-container {\n    max-width: 1200px;\n    margin: 0 auto;\n    padding: 40px 30px;\n    color: #333;\n    line-height: 1.8;\n    background: #fff;\n}\n\n@media (max-width: 768px) {\n    .terms-container {\n        max-width: 100%;\n        padding: 25px 15px;\n    }\n}\n\n.terms-container h1 {\n    color: #66886D;\n    font-size: 32px;\n    text-align: center;\n    margin-bottom: 10px;\n    font-weight: 700;\n    border-bottom: 3px solid #66886D;\n    padding-bottom: 20px;\n}\n\n.terms-container .last-updated {\n    text-align: center;\n    color: #888;\n    font-size: 14px;\n    margin-bottom: 40px;\n}\n\n.terms-container h2 {\n    color: #66886D;\n    font-size: 20px;\n    margin-top: 35px;\n    margin-bottom: 15px;\n    padding-left: 15px;\n    border-left: 4px solid #66886D;\n    font-weight: 600;\n}\n\n.terms-container h3 {\n    color: #4a6b50;\n    font-size: 16px;\n    margin-top: 20px;\n    margin-bottom: 10px;\n    font-weight: 600;\n}\n\n.terms-container p {\n    margin-bottom: 15px;\n    text-align: justify;\n}\n\n.terms-container ul, .terms-container ol {\n    margin-bottom: 15px;\n    padding-left: 25px;\n}\n\n.terms-container li {\n    margin-bottom: 8px;\n}\n\n.terms-container .highlight-box {\n    background: linear-gradient(135deg, #f8faf8 0%, #eef3ef 100%);\n    border-left: 4px solid #66886D;\n    padding: 20px 25px;\n    margin: 25px 0;\n    border-radius: 0 8px 8px 0;\n}\n\n.terms-container .highlight-box p {\n    margin-bottom: 0;\n}\n\n.terms-container .important-notice {\n    background: #fff9e6;\n    border: 1px solid #f0d860;\n    padding: 15px 20px;\n    border-radius: 6px;\n    margin: 20px 0;\n}\n\n.terms-container a {\n    color: #66886D;\n    text-decoration: none;\n    font-weight: 500;\n}\n\n.terms-container a:hover {\n    text-decoration: underline;\n}\n\n.terms-container .section-intro {\n    font-style: italic;\n    color: #666;\n    margin-bottom: 20px;\n}\n\n.terms-container table {\n    width: 100%;\n    border-collapse: collapse;\n    margin: 20px 0;\n}\n\n.terms-container table th {\n    background: #66886D;\n    color: #fff;\n    padding: 12px 15px;\n    text-align: left;\n}\n\n.terms-container table td {\n    padding: 12px 15px;\n    border-bottom: 1px solid #e0e0e0;\n}\n\n.terms-container table tr:nth-child(even) {\n    background: #f9f9f9;\n}\n<\/style>\n\n<div class=\"terms-container\">\n    <h1>Nutzungsbedingungen<\/h1>\n    <p class=\"last-updated\">Zuletzt aktualisiert: Dezember 2024<\/p>\n\n    <div class=\"highlight-box\">\n        <p><strong>Willkommen auf unserer OEM\/ODM-Plattform f\u00fcr die Herstellung von Kosmetika.<\/strong> Diese Nutzungsbedingungen regeln Ihren Zugang zu und Ihre Nutzung unserer Website, unserer Dienstleistungen und unserer Gesch\u00e4ftspartnerschaftsm\u00f6glichkeiten. Indem Sie auf unsere Plattform zugreifen oder unsere Produktionsdienstleistungen in Anspruch nehmen, best\u00e4tigen Sie, dass Sie diese Bedingungen gelesen und verstanden haben und sich damit einverstanden erkl\u00e4ren, an sie gebunden zu sein.<\/p>\n    <\/div>\n\n    <h2>1. Einf\u00fchrung und Akzeptanz<\/h2>\n    <p>Diese Nutzungsbedingungen (\"Bedingungen\") stellen eine rechtsverbindliche Vereinbarung zwischen Ihnen (\"Kunde\", \"Sie\" oder \"Ihr\") und unserem Unternehmen (\"Qyonz\", \"wir\", \"uns\" oder \"unser\") dar, einem f\u00fchrenden OEM\/ODM-Hersteller von Kosmetika, der sich auf die Herstellung von Haut-, Haar- und K\u00f6rperpflegeprodukten sowie von dekorativer Kosmetik spezialisiert hat.<\/p>\n    <p>Durch den Zugriff auf unsere Website, die \u00dcbermittlung von Anfragen, die Anforderung von Mustern oder die Aufgabe von Bestellungen best\u00e4tigen Sie, dass:<\/p>\n    <ul>\n        <li>Sie sind berechtigt, im Namen Ihres Unternehmens verbindliche Vereinbarungen zu treffen<\/li>\n        <li>Sie sind mindestens 18 Jahre alt<\/li>\n        <li>Sie halten sich an alle geltenden Gesetze und Vorschriften zur Herstellung und zum Vertrieb von Kosmetika in Ihrem Land.<\/li>\n        <li>Alle Informationen, die Sie uns zur Verf\u00fcgung stellen, sind korrekt, aktuell und vollst\u00e4ndig.<\/li>\n    <\/ul>\n\n    <h2>2. Unsere Dienstleistungen<\/h2>\n    <p class=\"section-intro\">Wir bieten umfassende L\u00f6sungen f\u00fcr die Herstellung von Kosmetika an, die auf die unterschiedlichen Bed\u00fcrfnisse der Unternehmen zugeschnitten sind.<\/p>\n    \n    <h3>2.1 OEM (Original Equipment Manufacturing)<\/h3>\n    <p>Wir stellen kosmetische Produkte nach Ihren genauen Spezifikationen und Rezepturen her. Unsere OEM-Dienstleistungen umfassen:<\/p>\n    <ul>\n        <li>Herstellung Ihrer firmeneigenen Formeln in unseren hochmodernen Anlagen<\/li>\n        <li>Strenge Einhaltung Ihrer Qualit\u00e4tsstandards und Spezifikationen<\/li>\n        <li>Flexible Verpackungs- und Etikettierungsoptionen zur Anpassung an Ihre Markenidentit\u00e4t<\/li>\n        <li>Skalierbares Produktionsvolumen von kleinen Chargen bis hin zur Gro\u00dfserienfertigung<\/li>\n    <\/ul>\n\n    <h3>2.2 ODM (Original Design Manufacturing)<\/h3>\n    <p>Wir bieten vermarktungsfertige Formulierungen, die f\u00fcr Ihr Unternehmen angepasst und gebrandet werden k\u00f6nnen:<\/p>\n    <ul>\n        <li>Zugang zu unserer umfangreichen Bibliothek mit bew\u00e4hrten, marktgetesteten Formulierungen<\/li>\n        <li>Anpassungsm\u00f6glichkeiten einschlie\u00dflich Duft, Farbe, Textur und Wirkstoffe<\/li>\n        <li>Vollst\u00e4ndige Unterst\u00fctzung der Produktentwicklung vom Konzept bis zum fertigen Produkt<\/li>\n        <li>Dokumentation zur Einhaltung von Vorschriften f\u00fcr die wichtigsten globalen M\u00e4rkte<\/li>\n    <\/ul>\n\n    <h3>2.3 Private Label-Dienste<\/h3>\n    <p>F\u00fchren Sie Ihre Kosmetikmarke schnell mit unseren schl\u00fcsselfertigen Eigenmarkenl\u00f6sungen ein:<\/p>\n    <ul>\n        <li>Vorformulierte Produkte, die sofort vermarktet werden k\u00f6nnen<\/li>\n        <li>Niedrige Mindestbestellmengen - ideal f\u00fcr Start-ups und aufstrebende Marken<\/li>\n        <li>Umfassende Dienstleistungen im Bereich Verpackungsdesign und -druck<\/li>\n        <li>Schnelle Durchlaufzeiten zur Beschleunigung Ihrer Markteinf\u00fchrung<\/li>\n    <\/ul>\n\n    <h2>3. Qualit\u00e4tssicherung und Zertifizierungen<\/h2>\n    <div class=\"highlight-box\">\n        <p><strong>Unser Bekenntnis zu Spitzenleistungen:<\/strong> Wir halten die h\u00f6chsten Qualit\u00e4ts- und Sicherheitsstandards in der Kosmetikherstellung ein. Unsere Einrichtungen sind mit modernen Produktionslinien ausgestattet und arbeiten nach strengen GMP-Richtlinien (Good Manufacturing Practice).<\/p>\n    <\/div>\n    \n    <p>Zu unseren Qualit\u00e4tszertifizierungen und -standards geh\u00f6ren:<\/p>\n    <ul>\n        <li><strong>ISO 22716:2007<\/strong> - GMP-Zertifizierung f\u00fcr Kosmetika zur Gew\u00e4hrleistung eines einheitlichen Qualit\u00e4tsmanagements<\/li>\n        <li><strong>ISO 9001:2015<\/strong> - Zertifizierung des Qualit\u00e4tsmanagementsystems<\/li>\n        <li><strong>FDA-Registrierung<\/strong> - Entspricht den Anforderungen der U.S. Food and Drug Administration<\/li>\n        <li><strong>EU-Kosmetikverordnung (EG) Nr. 1223\/2009<\/strong> - Vollst\u00e4ndige Erf\u00fcllung der Anforderungen f\u00fcr den Zugang zum europ\u00e4ischen Markt<\/li>\n        <li><strong>Grausamkeitsfreie Herstellung<\/strong> - Keine Tierversuche in unseren Produktionsprozessen<\/li>\n        <li><strong>Bio- und Naturzertifizierungen<\/strong> - Verf\u00fcgbar f\u00fcr qualifizierte Produktlinien<\/li>\n    <\/ul>\n\n    <h2>4. Bestellverfahren und Mindestbestellmengen<\/h2>\n    \n    <h3>4.1 Anfrage und Angebot<\/h3>\n    <p>Unser schlanker Bestellprozess sorgt f\u00fcr Transparenz und Effizienz:<\/p>\n    <ol>\n        <li><strong>Erste Konsultation:<\/strong> Senden Sie uns Ihre Produktanforderungen \u00fcber unser Anfrageformular oder wenden Sie sich direkt an unser Vertriebsteam<\/li>\n        <li><strong>Bewertung der Durchf\u00fchrbarkeit:<\/strong> Unser F&amp;E-Team bewertet Ihre Spezifikationen und gibt technische Empfehlungen<\/li>\n        <li><strong>Zitat:<\/strong> Sie erhalten ein detailliertes Angebot mit St\u00fcckpreisen, Werkzeugkosten und Produktionszeitplan<\/li>\n        <li><strong>Musterentwicklung:<\/strong> Nach Genehmigung entwickeln wir Muster f\u00fcr Ihre Bewertung<\/li>\n        <li><strong>Produktion:<\/strong> Nach der Musterfreigabe und der Auftragsbest\u00e4tigung beginnen wir mit der Massenproduktion.<\/li>\n    <\/ol>\n\n    <h3>4.2 Mindestbestellmengen (MOQ)<\/h3>\n    <p>Unsere flexible MOQ-Politik ist f\u00fcr Unternehmen jeder Gr\u00f6\u00dfe geeignet:<\/p>\n    <table>\n        <tr>\n            <th>Produktkategorie<\/th>\n            <th>Standard-MOQ<\/th>\n            <th>Anmerkungen<\/th>\n        <\/tr>\n        <tr>\n            <td>Hautpflege (Cremes, Seren)<\/td>\n            <td>1.000 - 3.000 Einheiten<\/td>\n            <td>Variiert je nach Verpackungsart<\/td>\n        <\/tr>\n        <tr>\n            <td>Haarpflegeprodukte<\/td>\n            <td>2.000 - 5.000 Einheiten<\/td>\n            <td>Bulk-Optionen verf\u00fcgbar<\/td>\n        <\/tr>\n        <tr>\n            <td>Farbige Kosmetika<\/td>\n            <td>3.000 - 5.000 Einheiten<\/td>\n            <td>Pro SKU Basis<\/td>\n        <\/tr>\n        <tr>\n            <td>K\u00f6rperpflege<\/td>\n            <td>2.000 - 3.000 Einheiten<\/td>\n            <td>Flexibel f\u00fcr gro\u00dfe Formate<\/td>\n        <\/tr>\n    <\/table>\n    <p><em>Hinweis: Die MOQ-Anforderungen k\u00f6nnen bei langfristigen Partnerschaftsvereinbarungen oder Mehrproduktbestellungen verhandelbar sein. Bitte kontaktieren Sie unser Vertriebsteam f\u00fcr individuelle L\u00f6sungen.<\/em><\/p>\n\n    <h2>5. Preisgestaltung und Zahlungsbedingungen<\/h2>\n    \n    <h3>5.1 Preisstruktur<\/h3>\n    <p>Unsere Preise sind wettbewerbsf\u00e4hig und transparent und spiegeln die Qualit\u00e4t unserer Produkte und Dienstleistungen wider:<\/p>\n    <ul>\n        <li>St\u00fcckpreise je nach Bestellmenge, Komplexit\u00e4t der Formel und Verpackungsspezifikationen<\/li>\n        <li>Die Kosten f\u00fcr Werkzeuge und Formen werden f\u00fcr kundenspezifische Verpackungen separat angegeben.<\/li>\n        <li>F\u00fcr die Entwicklung kundenspezifischer Formulierungen geltende Mustergeb\u00fchren (werden auf Gro\u00dfbestellungen angerechnet)<\/li>\n        <li>Mengenrabatte f\u00fcr gr\u00f6\u00dfere Bestellungen und Stammkunden<\/li>\n    <\/ul>\n\n    <h3>5.2 Zahlungsbedingungen<\/h3>\n    <p>Standardzahlungsbedingungen f\u00fcr Fertigungsauftr\u00e4ge:<\/p>\n    <ul>\n        <li><strong>Bestellbeispiele:<\/strong> 100% Zahlung bei Auftragsbest\u00e4tigung<\/li>\n        <li><strong>Gro\u00dfbestellungen:<\/strong> 30% Anzahlung bei Auftragsbest\u00e4tigung, 70% Restbetrag vor Versand<\/li>\n        <li><strong>Etablierte Kunden:<\/strong> Ma\u00dfgeschneiderte Zahlungsbedingungen nach Kreditgenehmigung verf\u00fcgbar<\/li>\n    <\/ul>\n    <p>Wir akzeptieren Zahlungen per Bank\u00fcberweisung (T\/T), Akkreditiv (L\/C) und andere einvernehmlich vereinbarte Methoden.<\/p>\n\n    <h2>6. Rechte an geistigem Eigentum<\/h2>\n    \n    <div class=\"important-notice\">\n        <p><strong>Das ist wichtig:<\/strong> Wir nehmen den Schutz des geistigen Eigentums ernst. Alle urheberrechtlich gesch\u00fctzten Informationen, die wir im Rahmen unserer Partnerschaft weitergeben, werden mit \u00e4u\u00dferster Vertraulichkeit behandelt.<\/p>\n    <\/div>\n\n    <h3>6.1 Geistiges Eigentum des Kunden<\/h3>\n    <p>Sie behalten alle Rechte an:<\/p>\n    <ul>\n        <li>Ihre gesch\u00fctzten Formulierungen und Gesch\u00e4ftsgeheimnisse<\/li>\n        <li>Markennamen, Warenzeichen und Logos<\/li>\n        <li>Produktdesigns und Verpackungskonzepte, die Sie bereitstellen<\/li>\n        <li>Marketingmaterialien und Produktaussagen<\/li>\n    <\/ul>\n\n    <h3>6.2 Das geistige Eigentum des Unternehmens<\/h3>\n    <p>Wir behalten uns alle Rechte daran vor:<\/p>\n    <ul>\n        <li>Unsere firmeneigenen ODM-Formulierungen und Herstellungsverfahren<\/li>\n        <li>Technisches Know-how und Produktionsmethoden<\/li>\n        <li>Unser Markenname, unsere Warenzeichen und unsere Unternehmensidentit\u00e4t<\/li>\n        <li>Inhalt, Gestaltung und Funktionalit\u00e4t der Website<\/li>\n    <\/ul>\n\n    <h3>6.3 Entwickeltes geistiges Eigentum<\/h3>\n    <p>F\u00fcr kundenspezifische Formulierungen, die in Zusammenarbeit entwickelt werden, werden die Eigentumsrechte vor Beginn der Entwicklung in individuellen Projektvereinbarungen klar definiert.<\/p>\n\n    <h2>7. Vertraulichkeit<\/h2>\n    <p>Wir verpflichten uns, Ihre Gesch\u00e4ftsinformationen zu sch\u00fctzen:<\/p>\n    <ul>\n        <li>Alle Kundenformulierungen, Gesch\u00e4ftspl\u00e4ne und gesch\u00fctzten Informationen werden streng vertraulich behandelt.<\/li>\n        <li>Geheimhaltungsvereinbarungen (NDAs) sind auf Anfrage erh\u00e4ltlich und werden f\u00fcr alle Partnerschaften empfohlen.<\/li>\n        <li>Unsere Mitarbeiter und Auftragnehmer sind zur Vertraulichkeit verpflichtet.<\/li>\n        <li>Kundeninformationen werden niemals ohne ausdr\u00fcckliche schriftliche Zustimmung an Dritte weitergegeben.<\/li>\n        <li>Sichere Datenhandhabungs- und -speicherungsprotokolle werden w\u00e4hrend unserer gesamten T\u00e4tigkeit beibehalten.<\/li>\n    <\/ul>\n\n    <h2>8. Produkthaftung und Garantien<\/h2>\n    \n    <h3>8.1 Herstellergarantie<\/h3>\n    <p>Wir garantieren, dass alle von uns hergestellten Produkte:<\/p>\n    <ul>\n        <li>\u00dcbereinstimmung mit den vereinbarten Spezifikationen und Qualit\u00e4tsstandards<\/li>\n        <li>in \u00dcbereinstimmung mit den geltenden GMP-Anforderungen hergestellt werden<\/li>\n        <li>frei von Material- und Verarbeitungsfehlern sein<\/li>\n        <li>Bei ordnungsgem\u00e4\u00dfer Lagerung die angegebene Haltbarkeitsdauer einhalten<\/li>\n    <\/ul>\n\n    <h3>8.2 Begrenzung der Haftung<\/h3>\n    <p>Unsere Haftung beschr\u00e4nkt sich auf den Ersatz mangelhafter Produkte oder die Erstattung des Kaufpreises f\u00fcr die betroffenen Waren. Wir sind nicht haftbar f\u00fcr:<\/p>\n    <ul>\n        <li>Indirekte, zuf\u00e4llige oder Folgesch\u00e4den<\/li>\n        <li>Verlust von Gewinnen oder Gesch\u00e4ftsm\u00f6glichkeiten<\/li>\n        <li>Anspr\u00fcche, die sich aus der \u00c4nderung von Produkten durch den Kunden nach der Lieferung ergeben<\/li>\n        <li>Probleme, die durch unsachgem\u00e4\u00dfe Lagerung, Handhabung oder Verwendung von Produkten entstehen<\/li>\n        <li>Regulatorische Fragen in den Zielm\u00e4rkten des Kunden, f\u00fcr die wir keine Compliance-Dokumentation vorgelegt haben<\/li>\n    <\/ul>\n\n    <h3>8.3 Verantwortlichkeiten des Kunden<\/h3>\n    <p>Sie sind verantwortlich f\u00fcr:<\/p>\n    <ul>\n        <li>Sicherstellen, dass die Produkte den Vorschriften in Ihren Vertriebsm\u00e4rkten entsprechen<\/li>\n        <li>Genaue Produktkennzeichnung und Marketingaussagen<\/li>\n        <li>Ordnungsgem\u00e4\u00dfe Lagerung und Handhabung der Produkte nach der Lieferung<\/li>\n        <li>Einholung der erforderlichen Einfuhrgenehmigungen und Registrierungen<\/li>\n        <li>Produkthaftpflichtversicherung f\u00fcr Ihre vertriebenen Produkte<\/li>\n    <\/ul>\n\n    <h2>9. Versand und Lieferung<\/h2>\n    <p>Wir bieten flexible Versandoptionen, um Ihren logistischen Anforderungen gerecht zu werden:<\/p>\n    <ul>\n        <li><strong>Incoterms:<\/strong> FOB, CIF, DDP und andere Bedingungen je nach Ihren W\u00fcnschen<\/li>\n        <li><strong>Versandmethoden:<\/strong> Seefracht, Luftfracht und Expresskurierdienste<\/li>\n        <li><strong>Vorlaufzeiten:<\/strong> Normalerweise 30-45 Tage f\u00fcr die Produktion plus Versandzeit (variiert je nach Komplexit\u00e4t der Bestellung)<\/li>\n        <li><strong>Dokumentation:<\/strong> Vollst\u00e4ndige Ausfuhrdokumente, einschlie\u00dflich Handelsrechnung, Packliste, Analysebescheinigungen und Ursprungszeugnisse<\/li>\n    <\/ul>\n\n    <h2>10. R\u00fccksendungen und Reklamationen<\/h2>\n    <p>Qualit\u00e4tsbeanstandungen m\u00fcssen innerhalb von 14 Tagen nach Erhalt der Ware eingereicht werden:<\/p>\n    <ul>\n        <li>Reklamationen m\u00fcssen eine detaillierte Beschreibung, Fotos und die betroffenen Chargennummern enthalten<\/li>\n        <li>Einbehaltung von Mustern der betroffenen Produkte f\u00fcr die Untersuchung durch unser Qualit\u00e4tsteam<\/li>\n        <li>Wir antworten auf alle Beschwerden innerhalb von 5 Werktagen.<\/li>\n        <li>Nachgewiesene M\u00e4ngel werden nach unserem Ermessen durch Ersatz, Gutschrift oder R\u00fcckerstattung behoben.<\/li>\n    <\/ul>\n    <p><em>Individuell gefertigte Produkte k\u00f6nnen nicht zur\u00fcckgegeben werden, es sei denn, es liegt ein nachgewiesener Herstellungsfehler vor.<\/em><\/p>\n\n    <h2>11. H\u00f6here Gewalt<\/h2>\n    <p>Keine der Parteien haftet f\u00fcr Verz\u00f6gerungen oder Ausf\u00e4lle bei der Erf\u00fcllung, die auf Umst\u00e4nde zur\u00fcckzuf\u00fchren sind, die au\u00dferhalb ihrer Kontrolle liegen, einschlie\u00dflich, aber nicht beschr\u00e4nkt auf:<\/p>\n    <ul>\n        <li>Naturkatastrophen, Epidemien oder Pandemien<\/li>\n        <li>Krieg, Terrorismus oder zivile Unruhen<\/li>\n        <li>Regierungsma\u00dfnahmen, Embargos oder Handelsbeschr\u00e4nkungen<\/li>\n        <li>Unterbrechung der Lieferkette bei Rohstoffen<\/li>\n        <li>Ausf\u00e4lle von Versorgungseinrichtungen oder Transportunterbrechungen<\/li>\n    <\/ul>\n    <p>In solchen F\u00e4llen werden wir uns umgehend mit Ihnen in Verbindung setzen und gemeinsam daran arbeiten, die Auswirkungen auf Ihr Unternehmen zu minimieren.<\/p>\n\n    <h2>12. Beendigung<\/h2>\n    <p>Jede der beiden Parteien kann die Gesch\u00e4ftsbeziehung beenden:<\/p>\n    <ul>\n        <li>Nach Erledigung aller ausstehenden Auftr\u00e4ge und Verpflichtungen<\/li>\n        <li>Mit einer K\u00fcndigungsfrist von 30 Tagen f\u00fcr laufende Servicevertr\u00e4ge<\/li>\n        <li>Unmittelbar nach einer wesentlichen Verletzung durch die andere Partei<\/li>\n    <\/ul>\n    <p>Mit der K\u00fcndigung werden alle ausstehenden Zahlungen sofort f\u00e4llig, und die Geheimhaltungsverpflichtungen bleiben bestehen.<\/p>\n\n    <h2>13. Geltendes Recht und Streitbeilegung<\/h2>\n    <p>Diese Bedingungen unterliegen den geltenden internationalen Handelsgesetzen und -praktiken und sind in \u00dcbereinstimmung mit diesen auszulegen. Alle Streitigkeiten, die sich aus diesen Bedingungen oder unserer Gesch\u00e4ftsbeziehung ergeben, sind durch zu l\u00f6sen:<\/p>\n    <ol>\n        <li><strong>Verhandlung:<\/strong> Gespr\u00e4che zwischen Bevollm\u00e4chtigten in gutem Glauben<\/li>\n        <li><strong>Mediation:<\/strong> Scheitert die Verhandlung, vereinbaren die Parteien einen Mediationsversuch<\/li>\n        <li><strong>Schlichtung:<\/strong> Ungel\u00f6ste Streitigkeiten werden einem verbindlichen Schiedsverfahren nach international anerkannten Schiedsregeln unterworfen.<\/li>\n    <\/ol>\n\n    <h2>14. Website-Nutzung<\/h2>\n    <p>Wenn Sie unsere Website nutzen, erkl\u00e4ren Sie sich damit einverstanden:<\/p>\n    <ul>\n        <li>die Website nur f\u00fcr rechtm\u00e4\u00dfige Gesch\u00e4ftszwecke zu nutzen<\/li>\n        <li>nicht versuchen, sich unbefugten Zugang zu unseren Systemen zu verschaffen<\/li>\n        <li>den Inhalt der Website nicht ohne Genehmigung zu vervielf\u00e4ltigen, zu verbreiten oder zu ver\u00e4ndern<\/li>\n        <li>Bereitstellung genauer Informationen in allen Formularen und Mitteilungen<\/li>\n    <\/ul>\n\n    <h2>15. Privatsph\u00e4re und Datenschutz<\/h2>\n    <p>Wir respektieren Ihre Privatsph\u00e4re und sch\u00fctzen Ihre pers\u00f6nlichen und gesch\u00e4ftlichen Daten:<\/p>\n    <ul>\n        <li>Die gesammelten Informationen werden ausschlie\u00dflich f\u00fcr die gesch\u00e4ftliche Kommunikation und die Auftragsabwicklung verwendet.<\/li>\n        <li>Wir verkaufen Ihre Daten nicht und geben sie nicht an Dritte weiter.<\/li>\n        <li>Sichere Protokolle sch\u00fctzen Daten\u00fcbertragung und -speicherung<\/li>\n        <li>Sie k\u00f6nnen jederzeit Zugang zu Ihren personenbezogenen Daten oder deren L\u00f6schung beantragen<\/li>\n    <\/ul>\n    <p>Ausf\u00fchrliche Informationen finden Sie in unserer Datenschutzrichtlinie.<\/p>\n\n    <h2>16. \u00c4nderungsantr\u00e4ge<\/h2>\n    <p>Wir behalten uns das Recht vor, diese Bedingungen jederzeit zu \u00e4ndern. Die \u00c4nderungen werden mit der Ver\u00f6ffentlichung auf unserer Website wirksam. F\u00fcr bestehende Bestellungen und Vertr\u00e4ge gelten die zum Zeitpunkt der Auftragsbest\u00e4tigung g\u00fcltigen Bedingungen. Wir empfehlen Ihnen, diese Bedingungen in regelm\u00e4\u00dfigen Abst\u00e4nden zu \u00fcberpr\u00fcfen.<\/p>\n\n    <h2>17. Trennbarkeit<\/h2>\n    <p>Sollte sich eine Bestimmung dieser Bedingungen als ung\u00fcltig oder nicht durchsetzbar erweisen, bleiben die \u00fcbrigen Bestimmungen in vollem Umfang in Kraft und wirksam. Die ung\u00fcltige Bestimmung ist so weit zu \u00e4ndern, wie es f\u00fcr ihre G\u00fcltigkeit und Durchsetzbarkeit erforderlich ist.<\/p>\n\n    <h2>18. Gesamte Vereinbarung<\/h2>\n    <p>Diese Bedingungen, zusammen mit allen spezifischen Angeboten, Auftragsbest\u00e4tigungen und Zusatzvereinbarungen, stellen die gesamte Vereinbarung zwischen Ihnen und uns bez\u00fcglich unserer Gesch\u00e4ftsbeziehung dar. Alle fr\u00fcheren Diskussionen, Zusicherungen oder Vereinbarungen werden durch diese Bedingungen ersetzt, es sei denn, sie wurden ausdr\u00fccklich schriftlich aufgenommen.<\/p>\n\n    <p style=\"text-align: center; margin-top: 40px; color: #888; font-size: 13px;\">\u00a9 2024 Qyonz. Alle Rechte vorbehalten.<\/p>\n<\/div>\n\t\t\t\t<\/div>\n\t\t\t\t\t<\/div>\n\t\t\t\t<\/div>\n\t\t\t\t<\/div>","protected":false},"excerpt":{"rendered":"<p>Terms of Use Last Updated: December 2024 Welcome to our Cosmetics OEM\/ODM Manufacturing Platform. These Terms of Use govern your<\/p>","protected":false},"author":1,"featured_media":0,"parent":1838,"menu_order":0,"comment_status":"closed","ping_status":"closed","template":"","meta":{"_acf_changed":false,"rank_math_title":"Terms of Use | Qyonz OEM & ODM Beauty Manufacturer","rank_math_description":"Read Qyonz\u2019s Terms of Use outlining conditions for accessing our OEM & ODM beauty manufacturing services. Learn about user rights, data, and compliance.","rank_math_focus_keyword":"Qyonz Terms of Use  OEM service terms  user rights and compliance  legal policy for beauty manufacturing  ODM agreement conditions  website usage policy","footnotes":""},"class_list":["post-1842","page","type-page","status-publish","hentry"],"acf":[],"_links":{"self":[{"href":"https:\/\/qyonz.com\/de\/wp-json\/wp\/v2\/pages\/1842","targetHints":{"allow":["GET"]}}],"collection":[{"href":"https:\/\/qyonz.com\/de\/wp-json\/wp\/v2\/pages"}],"about":[{"href":"https:\/\/qyonz.com\/de\/wp-json\/wp\/v2\/types\/page"}],"author":[{"embeddable":true,"href":"https:\/\/qyonz.com\/de\/wp-json\/wp\/v2\/users\/1"}],"replies":[{"embeddable":true,"href":"https:\/\/qyonz.com\/de\/wp-json\/wp\/v2\/comments?post=1842"}],"version-history":[{"count":4,"href":"https:\/\/qyonz.com\/de\/wp-json\/wp\/v2\/pages\/1842\/revisions"}],"predecessor-version":[{"id":1847,"href":"https:\/\/qyonz.com\/de\/wp-json\/wp\/v2\/pages\/1842\/revisions\/1847"}],"up":[{"embeddable":true,"href":"https:\/\/qyonz.com\/de\/wp-json\/wp\/v2\/pages\/1838"}],"wp:attachment":[{"href":"https:\/\/qyonz.com\/de\/wp-json\/wp\/v2\/media?parent=1842"}],"curies":[{"name":"wp","href":"https:\/\/api.w.org\/{rel}","templated":true}]}}