{"id":1848,"date":"2025-12-26T22:03:23","date_gmt":"2025-12-27T06:03:23","guid":{"rendered":"https:\/\/qyonz.com\/?page_id=1848"},"modified":"2026-01-05T23:48:26","modified_gmt":"2026-01-06T07:48:26","slug":"cookie-richtlinie","status":"publish","type":"page","link":"https:\/\/qyonz.com\/de\/policies\/cookie-policy\/","title":{"rendered":"Cookie-Richtlinie"},"content":{"rendered":"<div data-elementor-type=\"wp-page\" data-elementor-id=\"1848\" class=\"elementor elementor-1848\" data-elementor-post-type=\"page\">\n\t\t\t\t<div class=\"wd-negative-gap elementor-element elementor-element-f4fc1bc e-flex e-con-boxed e-con e-parent\" data-id=\"f4fc1bc\" data-element_type=\"container\" data-e-type=\"container\">\n\t\t\t\t\t<div class=\"e-con-inner\">\n\t\t\t\t<div class=\"elementor-element elementor-element-85f7f09 elementor-widget elementor-widget-html\" data-id=\"85f7f09\" data-element_type=\"widget\" data-e-type=\"widget\" data-widget_type=\"html.default\">\n\t\t\t\t\t<!-- Qyonz Cookie Policy - Elementor Compatible HTML -->\n<style>\n.cookie-policy-container {\n    max-width: 1200px;\n    margin: 0 auto;\n    padding: 40px 30px;\n    color: #333;\n    line-height: 1.8;\n    background: #fff;\n}\n\n@media (max-width: 768px) {\n    .cookie-policy-container {\n        max-width: 100%;\n        padding: 25px 15px;\n    }\n}\n\n.cookie-policy-container h1 {\n    color: #66886D;\n    font-size: 32px;\n    text-align: center;\n    margin-bottom: 10px;\n    font-weight: 700;\n    border-bottom: 3px solid #66886D;\n    padding-bottom: 20px;\n}\n\n.cookie-policy-container .last-updated {\n    text-align: center;\n    color: #888;\n    font-size: 14px;\n    margin-bottom: 40px;\n}\n\n.cookie-policy-container h2 {\n    color: #66886D;\n    font-size: 20px;\n    margin-top: 35px;\n    margin-bottom: 15px;\n    padding-left: 15px;\n    border-left: 4px solid #66886D;\n    font-weight: 600;\n}\n\n.cookie-policy-container h3 {\n    color: #4a6b50;\n    font-size: 16px;\n    margin-top: 20px;\n    margin-bottom: 10px;\n    font-weight: 600;\n}\n\n.cookie-policy-container p {\n    margin-bottom: 15px;\n    text-align: justify;\n}\n\n.cookie-policy-container ul, .cookie-policy-container ol {\n    margin-bottom: 15px;\n    padding-left: 25px;\n}\n\n.cookie-policy-container li {\n    margin-bottom: 8px;\n}\n\n.cookie-policy-container .highlight-box {\n    background: linear-gradient(135deg, #f8faf8 0%, #eef3ef 100%);\n    border-left: 4px solid #66886D;\n    padding: 20px 25px;\n    margin: 25px 0;\n    border-radius: 0 8px 8px 0;\n}\n\n.cookie-policy-container .highlight-box p {\n    margin-bottom: 0;\n}\n\n.cookie-policy-container .important-notice {\n    background: #fff9e6;\n    border: 1px solid #f0d860;\n    padding: 15px 20px;\n    border-radius: 6px;\n    margin: 20px 0;\n}\n\n.cookie-policy-container a {\n    color: #66886D;\n    text-decoration: none;\n    font-weight: 500;\n}\n\n.cookie-policy-container a:hover {\n    text-decoration: underline;\n}\n\n.cookie-policy-container table {\n    width: 100%;\n    border-collapse: collapse;\n    margin: 20px 0;\n}\n\n.cookie-policy-container table th {\n    background: #66886D;\n    color: #fff;\n    padding: 12px 15px;\n    text-align: left;\n}\n\n.cookie-policy-container table td {\n    padding: 12px 15px;\n    border-bottom: 1px solid #e0e0e0;\n}\n\n.cookie-policy-container table tr:nth-child(even) {\n    background: #f9f9f9;\n}\n\n.cookie-policy-container .cookie-type-card {\n    background: #f9faf9;\n    border: 1px solid #e0e5e0;\n    border-radius: 8px;\n    padding: 20px;\n    margin: 15px 0;\n}\n\n.cookie-policy-container .cookie-type-card h3 {\n    margin-top: 0;\n    color: #66886D;\n}\n\n.cookie-policy-container .cookie-type-card .badge {\n    display: inline-block;\n    padding: 4px 10px;\n    border-radius: 4px;\n    font-size: 12px;\n    font-weight: 600;\n    margin-left: 10px;\n}\n\n.cookie-policy-container .badge-required {\n    background: #66886D;\n    color: #fff;\n}\n\n.cookie-policy-container .badge-optional {\n    background: #e0e5e0;\n    color: #555;\n}\n<\/style>\n\n<div class=\"cookie-policy-container\">\n    <h1>Cookie-Richtlinie<\/h1>\n    <p class=\"last-updated\">Zuletzt aktualisiert: Dezember 2024<\/p>\n\n    <div class=\"highlight-box\">\n        <p><strong>Ihre Privatsph\u00e4re ist f\u00fcr uns wichtig.<\/strong> Diese Cookie-Richtlinie erkl\u00e4rt, wie Qyonz (\"wir\", \"uns\" oder \"unser\") Cookies und \u00e4hnliche Tracking-Technologien verwendet, wenn Sie unsere Website besuchen. Wir verpflichten uns, transparent zu machen, welche Daten wir sammeln und wie wir sie verwenden, um Ihr Surferlebnis zu verbessern.<\/p>\n    <\/div>\n\n    <h2>1. Was sind Cookies?<\/h2>\n    <p>Cookies sind kleine Textdateien, die auf Ihrem Ger\u00e4t (Computer, Tablet oder Mobiltelefon) gespeichert werden, wenn Sie eine Website besuchen. Sie werden h\u00e4ufig verwendet, um Websites effizienter zu machen, ein besseres Nutzererlebnis zu bieten und Website-Besitzern n\u00fctzliche Informationen dar\u00fcber zu geben, wie ihre Website genutzt wird.<\/p>\n    <p>Cookies k\u00f6nnen nach ihrer Lebensdauer und dem Bereich, zu dem sie geh\u00f6ren, klassifiziert werden:<\/p>\n    <ul>\n        <li><strong>Sitzungs-Cookies:<\/strong> Tempor\u00e4re Cookies, die gel\u00f6scht werden, wenn Sie Ihren Browser schlie\u00dfen. Sie helfen, Ihre Sitzung aufrechtzuerhalten, w\u00e4hrend Sie durch unsere Website navigieren.<\/li>\n        <li><strong>Dauerhafte Cookies:<\/strong> Cookies, die f\u00fcr einen bestimmten Zeitraum auf Ihrem Ger\u00e4t verbleiben oder bis Sie sie l\u00f6schen. Sie helfen uns, Sie zu erkennen, wenn Sie auf unsere Website zur\u00fcckkehren.<\/li>\n        <li><strong>Cookies der ersten Partei:<\/strong> Cookies, die direkt von unserer Website gesetzt werden.<\/li>\n        <li><strong>Cookies von Drittanbietern:<\/strong> Cookies, die von externen Diensten gesetzt werden, die wir nutzen, wie z. B. Analytik-Anbieter.<\/li>\n    <\/ul>\n\n    <h2>2. Wie wir Cookies verwenden<\/h2>\n    <p>Wir verwenden Cookies und \u00e4hnliche Technologien f\u00fcr verschiedene Zwecke, um Ihre Erfahrung auf unserer Website zu verbessern und um zu verstehen, wie unsere Website genutzt wird. Unsere Verwendung von Cookies f\u00e4llt in die folgenden Kategorien:<\/p>\n\n    <div class=\"cookie-type-card\">\n        <h3>Unverzichtbare Cookies <span class=\"badge badge-required\">Erforderlich<\/span><\/h3>\n        <p>Diese Cookies sind f\u00fcr den Betrieb unserer Website unbedingt erforderlich. Sie erm\u00f6glichen Kernfunktionen wie Sicherheit, Netzwerkmanagement und Kontozugang. Sie k\u00f6nnen diese Cookies nicht abw\u00e4hlen, da die Website ohne sie nicht ordnungsgem\u00e4\u00df funktionieren kann.<\/p>\n        <ul>\n            <li>Benutzerauthentifizierung und Sitzungsmanagement<\/li>\n            <li>Sicherheitsmerkmale und Betrugspr\u00e4vention<\/li>\n            <li>Lastausgleich zur Gew\u00e4hrleistung der Verf\u00fcgbarkeit der Website<\/li>\n            <li>Erinnern Sie sich an Ihre Cookie-Einstellungen<\/li>\n        <\/ul>\n    <\/div>\n\n    <div class=\"cookie-type-card\">\n        <h3>Funktionale Cookies <span class=\"badge badge-optional\">Optional<\/span><\/h3>\n        <p>Diese Cookies erm\u00f6glichen eine verbesserte Funktionalit\u00e4t und Personalisierung, z. B. die Speicherung Ihrer Pr\u00e4ferenzen und Einstellungen. Wenn Sie diese Cookies deaktivieren, funktionieren einige Funktionen m\u00f6glicherweise nicht wie vorgesehen.<\/p>\n        <ul>\n            <li>Pr\u00e4ferenzen f\u00fcr Sprache und Region<\/li>\n            <li>Speicherung der Historie Ihrer Produktanfragen<\/li>\n            <li>Ma\u00dfgeschneiderte Inhalte auf der Grundlage Ihrer Interessen<\/li>\n            <li>Live-Chat-Funktionalit\u00e4t und Support-Funktionen<\/li>\n        <\/ul>\n    <\/div>\n\n    <div class=\"cookie-type-card\">\n        <h3>Analyse-Cookies <span class=\"badge badge-optional\">Optional<\/span><\/h3>\n        <p>Diese Cookies helfen uns zu verstehen, wie Besucher mit unserer Website interagieren, indem sie anonym Informationen sammeln und melden. Dies hilft uns, die Struktur, den Inhalt und die Benutzerfreundlichkeit unserer Website zu verbessern.<\/p>\n        <ul>\n            <li>Besuchte Seiten und Verweildauer auf jeder Seite<\/li>\n            <li>Verkehrsquellen und Verweisinformationen<\/li>\n            <li>Benutzerf\u00fchrung und Navigationsmuster<\/li>\n            <li>Fehlerverfolgung und Leistungs\u00fcberwachung<\/li>\n        <\/ul>\n    <\/div>\n\n    <div class=\"cookie-type-card\">\n        <h3>Marketing-Cookies <span class=\"badge badge-optional\">Optional<\/span><\/h3>\n        <p>Diese Cookies werden verwendet, um Besucher auf verschiedenen Websites zu verfolgen und relevante Werbung anzuzeigen. Sie helfen uns, die Wirksamkeit unserer Marketingkampagnen zu messen und die Anzahl der Anzeigen zu begrenzen.<\/p>\n        <ul>\n            <li>Gezielte Werbung auf der Grundlage Ihrer Interessen<\/li>\n            <li>Retargeting-Kampagnen f\u00fcr wiederkehrende Besucher<\/li>\n            <li>Integration sozialer Medien und Funktionen zur gemeinsamen Nutzung<\/li>\n            <li>Messung der Kampagnenleistung<\/li>\n        <\/ul>\n    <\/div>\n\n    <h2>3. Cookies, die wir verwenden<\/h2>\n    <p>Im Folgenden finden Sie eine detaillierte Liste der Cookies, die wir auf unserer Website verwenden:<\/p>\n\n    <table>\n        <tr>\n            <th>Name des Cookies<\/th>\n            <th>Typ<\/th>\n            <th>Zweck<\/th>\n            <th>Dauer<\/th>\n        <\/tr>\n        <tr>\n            <td>session_id<\/td>\n            <td>Wesentlich<\/td>\n            <td>Beh\u00e4lt den Status der Benutzersitzung bei<\/td>\n            <td>Sitzung<\/td>\n        <\/tr>\n        <tr>\n            <td>csrf_token<\/td>\n            <td>Wesentlich<\/td>\n            <td>Schutz vor Cross-Site Request Forgery<\/td>\n            <td>Sitzung<\/td>\n        <\/tr>\n        <tr>\n            <td>cookie_zustimmung<\/td>\n            <td>Wesentlich<\/td>\n            <td>Speichert Ihre Cookie-Einstellungen<\/td>\n            <td>1 Jahr<\/td>\n        <\/tr>\n        <tr>\n            <td>Sprache_Voreinstellung<\/td>\n            <td>Funktionell<\/td>\n            <td>Merkt sich Ihre bevorzugte Sprache<\/td>\n            <td>1 Jahr<\/td>\n        <\/tr>\n        <tr>\n            <td>aktuelle_Anfragen<\/td>\n            <td>Funktionell<\/td>\n            <td>Speichert Informationen zu aktuellen Produktanfragen<\/td>\n            <td>30 Tage<\/td>\n        <\/tr>\n        <tr>\n            <td>_ga<\/td>\n            <td>Analytik<\/td>\n            <td>Google Analytics - unterscheidet einzelne Nutzer<\/td>\n            <td>2 Jahre<\/td>\n        <\/tr>\n        <tr>\n            <td>_ga_*<\/td>\n            <td>Analytik<\/td>\n            <td>Google Analytics - beh\u00e4lt den Sitzungsstatus bei<\/td>\n            <td>2 Jahre<\/td>\n        <\/tr>\n        <tr>\n            <td>_gid<\/td>\n            <td>Analytik<\/td>\n            <td>Google Analytics - unterscheidet die Nutzer<\/td>\n            <td>24 Stunden<\/td>\n        <\/tr>\n        <tr>\n            <td>_fbp<\/td>\n            <td>Marketing<\/td>\n            <td>Facebook Pixel - Werbung und Analytik<\/td>\n            <td>3 Monate<\/td>\n        <\/tr>\n        <tr>\n            <td>_gcl_au<\/td>\n            <td>Marketing<\/td>\n            <td>Google Ads Conversion Tracking<\/td>\n            <td>3 Monate<\/td>\n        <\/tr>\n    <\/table>\n\n    <h2>4. Cookies von Drittanbietern<\/h2>\n    <p>Wir arbeiten mit vertrauensw\u00fcrdigen Drittanbietern zusammen, die m\u00f6glicherweise Cookies auf unserer Website setzen. Diese Anbieter helfen uns mit Analysen, Werbung und anderen Diensten. Zu den Drittanbietern, mit denen wir zusammenarbeiten, geh\u00f6ren:<\/p>\n    <ul>\n        <li><strong>Google Analytics:<\/strong> Webanalysedienst, der den Website-Verkehr verfolgt und berichtet. <a href=\"https:\/\/policies.google.com\/privacy\" target=\"_blank\" rel=\"noopener\">Google-Datenschutzbestimmungen<\/a><\/li>\n        <li><strong>Google-Anzeigen:<\/strong> Werbeplattform f\u00fcr Remarketing und Conversion Tracking. <a href=\"https:\/\/policies.google.com\/technologies\/ads\" target=\"_blank\" rel=\"noopener\">Google Ads-Richtlinie<\/a><\/li>\n        <li><strong>Facebook\/Meta:<\/strong> Werbung in sozialen Medien und Analysen. <a href=\"https:\/\/www.facebook.com\/privacy\/policy\/\" target=\"_blank\" rel=\"noopener\">Meta-Datenschutzrichtlinie<\/a><\/li>\n        <li><strong>LinkedIn:<\/strong> B2B-Werbung und Analytik. <a href=\"https:\/\/www.linkedin.com\/legal\/privacy-policy\" target=\"_blank\" rel=\"noopener\">LinkedIn Datenschutzrichtlinie<\/a><\/li>\n        <li><strong>Hotjar:<\/strong> Verhaltensanalyse und Nutzerfeedback. <a href=\"https:\/\/www.hotjar.com\/privacy\/\" target=\"_blank\" rel=\"noopener\">Hotjar-Datenschutzrichtlinie<\/a><\/li>\n    <\/ul>\n    <p>Bitte beachten Sie, dass diese Dritten ihre eigenen Datenschutzrichtlinien haben, und wir empfehlen Ihnen, diese zu lesen.<\/p>\n\n    <h2>5. Verwalten Ihrer Cookie-Pr\u00e4ferenzen<\/h2>\n    <p>Sie haben das Recht zu entscheiden, ob Sie Cookies akzeptieren oder ablehnen. Es gibt mehrere M\u00f6glichkeiten, wie Sie Ihre Cookie-Einstellungen verwalten k\u00f6nnen:<\/p>\n\n    <h3>5.1 Cookie-Zustimmungsbanner<\/h3>\n    <p>Wenn Sie unsere Website zum ersten Mal besuchen, sehen Sie ein Cookie-Einwilligungsbanner, mit dem Sie Ihre Cookie-Einstellungen akzeptieren oder anpassen k\u00f6nnen. Sie k\u00f6nnen Ihre Einstellungen jederzeit \u00e4ndern, indem Sie auf den Link \"Cookie-Einstellungen\" in der Fu\u00dfzeile unserer Website klicken.<\/p>\n\n    <h3>5.2 Browser-Einstellungen<\/h3>\n    <p>Die meisten Webbrowser erm\u00f6glichen es Ihnen, Cookies \u00fcber ihre Einstellungen zu kontrollieren. Sie finden diese Einstellungen normalerweise im Men\u00fc \"Optionen\" oder \"Einstellungen\" Ihres Browsers. Die folgenden Links enthalten Informationen \u00fcber die Verwaltung von Cookies in g\u00e4ngigen Browsern:<\/p>\n    <ul>\n        <li><a href=\"https:\/\/support.google.com\/chrome\/answer\/95647\" target=\"_blank\" rel=\"noopener\">Google Chrome<\/a><\/li>\n        <li><a href=\"https:\/\/support.mozilla.org\/en-US\/kb\/cookies-information-websites-store-on-your-computer\" target=\"_blank\" rel=\"noopener\">Mozilla Firefox<\/a><\/li>\n        <li><a href=\"https:\/\/support.apple.com\/guide\/safari\/manage-cookies-sfri11471\/mac\" target=\"_blank\" rel=\"noopener\">Apple Safari<\/a><\/li>\n        <li><a href=\"https:\/\/support.microsoft.com\/en-us\/microsoft-edge\/delete-cookies-in-microsoft-edge-63947406-40ac-c3b8-57b9-2a946a29ae09\" target=\"_blank\" rel=\"noopener\">Microsoft Edge<\/a><\/li>\n    <\/ul>\n\n    <h3>5.3 Opt-Out-Tools<\/h3>\n    <p>Sie k\u00f6nnen auch bestimmte Cookies von Drittanbietern ablehnen, indem Sie die folgenden Tools verwenden:<\/p>\n    <ul>\n        <li><strong>Google Analytics-Abmeldung:<\/strong> <a href=\"https:\/\/tools.google.com\/dlpage\/gaoptout\" target=\"_blank\" rel=\"noopener\">Google Analytics Opt-out Browser Add-on<\/a><\/li>\n        <li><strong>Digital Advertising Alliance:<\/strong> <a href=\"https:\/\/optout.aboutads.info\/\" target=\"_blank\" rel=\"noopener\">DAA Opt-out-Plattform<\/a><\/li>\n        <li><strong>Initiative f\u00fcr Netzwerkwerbung:<\/strong> <a href=\"https:\/\/optout.networkadvertising.org\/\" target=\"_blank\" rel=\"noopener\">NAI-Ausstiegswerkzeug<\/a><\/li>\n        <li><strong>Europ\u00e4ische Allianz f\u00fcr interaktive digitale Werbung:<\/strong> <a href=\"https:\/\/www.youronlinechoices.eu\/\" target=\"_blank\" rel=\"noopener\">Ihre Online-Wahlm\u00f6glichkeiten<\/a><\/li>\n    <\/ul>\n\n    <div class=\"important-notice\">\n        <p><strong>Bitte beachten:<\/strong> Wenn Sie sich entscheiden, Cookies zu deaktivieren, funktionieren einige Funktionen unserer Website m\u00f6glicherweise nicht richtig. Wesentliche Cookies k\u00f6nnen nicht deaktiviert werden, da sie f\u00fcr den grundlegenden Betrieb unserer Website erforderlich sind.<\/p>\n    <\/div>\n\n    <h2>6. \u00c4hnliche Technologien<\/h2>\n    <p>Neben Cookies k\u00f6nnen wir auch andere \u00e4hnliche Technologien verwenden, um Informationen zu sammeln und zu speichern:<\/p>\n    <ul>\n        <li><strong>Web-Beacons (Pixel-Tags):<\/strong> Kleine Grafiken, die in Webseiten oder E-Mails eingebettet sind und uns helfen, das Nutzerverhalten zu verfolgen und die Wirksamkeit von Kampagnen zu messen.<\/li>\n        <li><strong>Lokale Lagerung:<\/strong> Technologie, die es Websites erm\u00f6glicht, Daten lokal auf Ihrem Ger\u00e4t zu speichern, \u00e4hnlich wie Cookies, jedoch mit gr\u00f6\u00dferer Speicherkapazit\u00e4t.<\/li>\n        <li><strong>Sitzung Speicherung:<\/strong> \u00c4hnlich wie beim lokalen Speicher, aber die Daten werden gel\u00f6scht, wenn Sie Ihre Browser-Registerkarte schlie\u00dfen.<\/li>\n        <li><strong>Ger\u00e4te-Fingerprinting:<\/strong> Sammeln von Informationen \u00fcber Ihre Ger\u00e4tekonfiguration, um einzelne Besucher zu identifizieren (nur zur Betrugspr\u00e4vention verwendet).<\/li>\n    <\/ul>\n\n    <h2>7. Do Not Track-Signale<\/h2>\n    <p>Einige Browser verf\u00fcgen \u00fcber eine \"Do Not Track\"-Funktion (DNT), die Websites signalisiert, dass Sie nicht m\u00f6chten, dass Ihre Online-Aktivit\u00e4ten verfolgt werden. Derzeit gibt es keinen allgemeinen Standard daf\u00fcr, wie Websites auf DNT-Signale reagieren sollten. Unsere Website reagiert derzeit nicht auf DNT-Signale, aber wir respektieren Ihre Datenschutzentscheidungen durch unseren Cookie-Zustimmungsmechanismus.<\/p>\n\n    <h2>8. Internationale Daten\u00fcbermittlung<\/h2>\n    <p>Einige unserer Drittanbieter k\u00f6nnen sich au\u00dferhalb des Landes befinden, in dem Sie wohnen. Wenn Cookies personenbezogene Daten erfassen, k\u00f6nnen diese Daten in L\u00e4nder \u00fcbertragen und dort verarbeitet werden, in denen andere Datenschutzgesetze gelten als in Ihrem Land. Wir stellen sicher, dass angemessene Sicherheitsvorkehrungen getroffen werden, um Ihre personenbezogenen Daten im Einklang mit den geltenden Gesetzen zu sch\u00fctzen.<\/p>\n\n    <h2>9. Privatsph\u00e4re der Kinder<\/h2>\n    <p>Unsere Website ist f\u00fcr gesch\u00e4ftliche Nutzer gedacht und richtet sich nicht an Kinder unter 16 Jahren. Wir sammeln nicht wissentlich personenbezogene Daten von Kindern. Wenn Sie glauben, dass ein Kind uns personenbezogene Daten zur Verf\u00fcgung gestellt hat, kontaktieren Sie uns bitte, damit wir entsprechende Ma\u00dfnahmen ergreifen k\u00f6nnen.<\/p>\n\n    <h2>10. Aktualisierungen dieser Richtlinie<\/h2>\n    <p>Wir k\u00f6nnen diese Cookie-Richtlinie von Zeit zu Zeit aktualisieren, um \u00c4nderungen unserer Praktiken, Technologien oder rechtlichen Anforderungen Rechnung zu tragen. Wenn wir wesentliche \u00c4nderungen vornehmen, werden wir Sie benachrichtigen, indem wir das Datum der \"letzten Aktualisierung\" oben in dieser Richtlinie aktualisieren und gegebenenfalls einen zus\u00e4tzlichen Hinweis, z. B. in Form eines Banners auf unserer Website, bereitstellen.<\/p>\n    <p>Wir empfehlen Ihnen, diese Cookie-Richtlinie regelm\u00e4\u00dfig zu lesen, um \u00fcber die Verwendung von Cookies durch uns informiert zu bleiben.<\/p>\n\n    <h2>11. Deine Rechte<\/h2>\n    <p>Je nach Ihrem Wohnort haben Sie m\u00f6glicherweise bestimmte Rechte in Bezug auf Ihre durch Cookies erhobenen personenbezogenen Daten:<\/p>\n    <ul>\n        <li><strong>Recht auf Zugang:<\/strong> Informationen \u00fcber die pers\u00f6nlichen Daten, die wir \u00fcber Sie gespeichert haben, anfordern<\/li>\n        <li><strong>Recht auf Berichtigung:<\/strong> Antrag auf Berichtigung unzutreffender personenbezogener Daten<\/li>\n        <li><strong>Recht auf L\u00f6schung:<\/strong> Beantragen Sie die L\u00f6schung Ihrer pers\u00f6nlichen Daten<\/li>\n        <li><strong>Recht auf Einschr\u00e4nkung der Verarbeitung:<\/strong> Bitte um Einschr\u00e4nkung der Verwendung Ihrer Daten<\/li>\n        <li><strong>Recht auf Daten\u00fcbertragbarkeit:<\/strong> Anforderung einer Kopie Ihrer Daten in einem strukturierten Format<\/li>\n        <li><strong>Recht auf Widerspruch:<\/strong> Widerspruch gegen bestimmte Arten der Verarbeitung, einschlie\u00dflich Direktmarketing<\/li>\n        <li><strong>Recht auf Entzug der Zustimmung:<\/strong> Sie k\u00f6nnen Ihre Zustimmung zu Cookies, die Sie zuvor akzeptiert haben, jederzeit widerrufen.<\/li>\n    <\/ul>\n    <p>Wenn Sie eines dieser Rechte aus\u00fcben m\u00f6chten, wenden Sie sich bitte an uns unter Verwendung der unten angegebenen Informationen.<\/p>\n\n    <h2>12. Kontakt<\/h2>\n    <p>Wenn Sie Fragen zu dieser Cookie-Richtlinie oder unserer Verwendung von Cookies haben, wenden Sie sich bitte an uns:<\/p>\n    <ul>\n        <li><strong>E-Mail:<\/strong> privacy@qyonz.com<\/li>\n        <li><strong>Betreffzeile:<\/strong> Anfrage zur Cookie-Richtlinie<\/li>\n    <\/ul>\n    <p>Wir werden Ihre Anfrage innerhalb eines angemessenen Zeitrahmens und in \u00dcbereinstimmung mit den geltenden Gesetzen beantworten.<\/p>\n\n    <p style=\"text-align: center; margin-top: 40px; color: #888; font-size: 13px;\">\u00a9 2024 Qyonz. Alle Rechte vorbehalten.<\/p>\n<\/div>\n\t\t\t\t<\/div>\n\t\t\t\t\t<\/div>\n\t\t\t\t<\/div>\n\t\t\t\t<\/div>","protected":false},"excerpt":{"rendered":"<p>Cookie Policy Last Updated: December 2024 Your Privacy Matters to Us. This Cookie Policy explains how Qyonz (&#8220;we,&#8221; &#8220;us,&#8221; or<\/p>","protected":false},"author":1,"featured_media":0,"parent":1838,"menu_order":0,"comment_status":"closed","ping_status":"closed","template":"","meta":{"_acf_changed":false,"rank_math_title":"Cookie Policy | Qyonz OEM & ODM Beauty Manufacturer","rank_math_description":"Learn how Qyonz uses cookies to enhance your browsing experience and ensure GDPR-compliant data practices for all OEM & ODM beauty manufacturing partners.","rank_math_focus_keyword":"Qyonz Cookie Policy  GDPR compliant cookies  data tracking policy  OEM website privacy  cookie usage disclosure  CCPA data compliance","footnotes":""},"class_list":["post-1848","page","type-page","status-publish","hentry"],"acf":[],"_links":{"self":[{"href":"https:\/\/qyonz.com\/de\/wp-json\/wp\/v2\/pages\/1848","targetHints":{"allow":["GET"]}}],"collection":[{"href":"https:\/\/qyonz.com\/de\/wp-json\/wp\/v2\/pages"}],"about":[{"href":"https:\/\/qyonz.com\/de\/wp-json\/wp\/v2\/types\/page"}],"author":[{"embeddable":true,"href":"https:\/\/qyonz.com\/de\/wp-json\/wp\/v2\/users\/1"}],"replies":[{"embeddable":true,"href":"https:\/\/qyonz.com\/de\/wp-json\/wp\/v2\/comments?post=1848"}],"version-history":[{"count":4,"href":"https:\/\/qyonz.com\/de\/wp-json\/wp\/v2\/pages\/1848\/revisions"}],"predecessor-version":[{"id":1852,"href":"https:\/\/qyonz.com\/de\/wp-json\/wp\/v2\/pages\/1848\/revisions\/1852"}],"up":[{"embeddable":true,"href":"https:\/\/qyonz.com\/de\/wp-json\/wp\/v2\/pages\/1838"}],"wp:attachment":[{"href":"https:\/\/qyonz.com\/de\/wp-json\/wp\/v2\/media?parent=1848"}],"curies":[{"name":"wp","href":"https:\/\/api.w.org\/{rel}","templated":true}]}}