{"id":2069,"date":"2026-01-03T01:27:07","date_gmt":"2026-01-03T09:27:07","guid":{"rendered":"https:\/\/qyonz.com\/product\/argan-detangling-styling-mist-anti-humidity-smooth-finish-oem-hair-care-spray\/"},"modified":"2026-04-12T20:41:58","modified_gmt":"2026-04-13T03:41:58","slug":"argan-entwirrend-styling-nebel-anti-feuchtigkeit-glattes-finish-oem-haarpflege-spray","status":"publish","type":"product","link":"https:\/\/qyonz.com\/de\/product\/argan-detangling-styling-mist-anti-humidity-smooth-finish-oem-hair-care-spray\/","title":{"rendered":"Argan Detangling Styling Mist - Anti-Feuchtigkeit Glattes Finish, OEM Haarpflege-Spray"},"content":{"rendered":"<p>Entwickelt f\u00fcr professionelle Salons und OEM-Linien f\u00fcr Eigenmarken, <strong>QY105 Argan-Entwirrungs-Styling-Spray<\/strong> bietet Halt gegen Feuchtigkeit und seidenweiche Kontrolle ohne Steifheit oder R\u00fcckst\u00e4nde.<\/p>\n<p>Infundiert mit <strong>reines marokkanisches Argan\u00f6l<\/strong>, Dieser leichte Nebel entwirrt sofort, reduziert Frizz und verbessert die Frisierbarkeit - ideal f\u00fcr feuchtes Klima und Hochleistungsstyling.<\/p>\n<p>Es wurde in GMP-zertifizierten Einrichtungen entwickelt und verf\u00fcgt \u00fcber eine <strong>nicht klebendes Polymersystem<\/strong> das die Frisur festh\u00e4lt und dabei einen nat\u00fcrlichen, weichen Griff beh\u00e4lt.<\/p>\n<p>Perfekt f\u00fcr <strong>alle Haartypen<\/strong>, einschlie\u00dflich chemisch behandeltem oder gef\u00e4rbtem Haar.<\/p>\n<p><strong>Wichtige industrielle Merkmale:<\/strong><\/p>\n<ul>\n<li>\u2705 Anti-Feuchtigkeits-Polymer-Haltetechnik<\/li>\n<li>\u2705 OEM-fertige Formel (kundenspezifische Duft- und Viskosit\u00e4tsoptionen)<\/li>\n<li>\u2705 R\u00fcckstandsfreies Finish mit Argan\u00f6l in Salonqualit\u00e4t<\/li>\n<li>\u2705 Stabiles pH-System, kompatibel mit Standard-Aerosol oder Pumpenabgabe<\/li>\n<li>ISO- und SGS-gepr\u00fcft auf Konsistenz der Formulierung<\/li>\n<\/ul>\n<p><strong>Details zur Produktion:<\/strong><\/p>\n<ul>\n<li>MOQ: 3.000 Einheiten pro SKU<\/li>\n<li>Verpackung: 150ml \/ 250ml PET-Flasche (kundenspezifisches Etikett oder Siebdruck m\u00f6glich)<\/li>\n<li>Vorlaufzeit: 25-30 Tage nach Best\u00e4tigung der Druckvorlage<\/li>\n<\/ul>\n<p><strong>QYONZ Fertigungsvorteil:<\/strong><\/p>\n<p>Wir sind spezialisiert auf <strong>ODM-Entwicklung<\/strong> f\u00fcr globale Marken, die sensorische Formulierungswissenschaft mit skalierbaren Abf\u00fclll\u00f6sungen kombinieren und so Leistung, Konsistenz und Konformit\u00e4t in allen GEO-M\u00e4rkten gew\u00e4hrleisten.<\/p>","protected":false},"excerpt":{"rendered":"<p>Professioneller Anti-Feuchtigkeits-Stylingnebel mit marokkanischem Argan\u00f6l. Gl\u00e4ttet, entwirrt und sch\u00fctzt ohne R\u00fcckst\u00e4nde - OEM-f\u00e4hige Formel f\u00fcr alle Haartypen.<\/p>","protected":false},"featured_media":2068,"comment_status":"open","ping_status":"closed","template":"","meta":{"_acf_changed":false,"rank_math_title":"OEM Argan Detangling Styling Mist | Anti-Humidity Hair Spray","rank_math_description":"QYONZ ODM Argan Styling Mist manufacturer \u2014 anti-humidity, smooth finish, residue-free formula with Moroccan Argan Oil. Private-label hair care expert.","rank_math_focus_keyword":"OEM Argan Styling Mist, Anti-Humidity Hair Spray, Private Label Hair Care Manufacturer, Argan Detangling Spray"},"product_brand":[],"product_cat":[85,87],"product_tag":[],"class_list":{"0":"post-2069","1":"product","2":"type-product","3":"status-publish","4":"has-post-thumbnail","6":"product_cat-hair-styling-oem","7":"product_cat-styling-sprays","9":"first","10":"instock","11":"shipping-taxable","12":"purchasable","13":"product-type-simple"},"acf":[],"_links":{"self":[{"href":"https:\/\/qyonz.com\/de\/wp-json\/wp\/v2\/product\/2069","targetHints":{"allow":["GET"]}}],"collection":[{"href":"https:\/\/qyonz.com\/de\/wp-json\/wp\/v2\/product"}],"about":[{"href":"https:\/\/qyonz.com\/de\/wp-json\/wp\/v2\/types\/product"}],"replies":[{"embeddable":true,"href":"https:\/\/qyonz.com\/de\/wp-json\/wp\/v2\/comments?post=2069"}],"version-history":[{"count":1,"href":"https:\/\/qyonz.com\/de\/wp-json\/wp\/v2\/product\/2069\/revisions"}],"predecessor-version":[{"id":2390,"href":"https:\/\/qyonz.com\/de\/wp-json\/wp\/v2\/product\/2069\/revisions\/2390"}],"wp:featuredmedia":[{"embeddable":true,"href":"https:\/\/qyonz.com\/de\/wp-json\/wp\/v2\/media\/2068"}],"wp:attachment":[{"href":"https:\/\/qyonz.com\/de\/wp-json\/wp\/v2\/media?parent=2069"}],"wp:term":[{"taxonomy":"product_brand","embeddable":true,"href":"https:\/\/qyonz.com\/de\/wp-json\/wp\/v2\/product_brand?post=2069"},{"taxonomy":"product_cat","embeddable":true,"href":"https:\/\/qyonz.com\/de\/wp-json\/wp\/v2\/product_cat?post=2069"},{"taxonomy":"product_tag","embeddable":true,"href":"https:\/\/qyonz.com\/de\/wp-json\/wp\/v2\/product_tag?post=2069"}],"curies":[{"name":"wp","href":"https:\/\/api.w.org\/{rel}","templated":true}]}}