{"id":2073,"date":"2026-01-03T02:14:13","date_gmt":"2026-01-03T10:14:13","guid":{"rendered":"https:\/\/qyonz.com\/product\/texturizing-sea-salt-spray-beach-waves-volume-enhancer-oem-odm-hair-texture-mist\/"},"modified":"2026-04-12T20:42:26","modified_gmt":"2026-04-13T03:42:26","slug":"texturierendes-meersalzspray-strandwellen-volumenverstarker-oem-odm-haar-textur-nebel","status":"publish","type":"product","link":"https:\/\/qyonz.com\/de\/product\/texturizing-sea-salt-spray-beach-waves-volume-enhancer-oem-odm-hair-texture-mist\/","title":{"rendered":"Texturierendes Meersalzspray - Beach Waves &amp; Volume Enhancer (OEM\/ODM Hair Texture Mist)"},"content":{"rendered":"<p>Entworfen f\u00fcr professionelle <strong>OEM- und ODM-Marken f\u00fcr Haarstyling<\/strong>, die <strong>QY107 Texturierendes Meersalzspray<\/strong> schafft nat\u00fcrliche Strandwellen, Volumen und m\u00fchelose Textur ohne Steifheit oder R\u00fcckst\u00e4nde.<\/p>\n<p>Formuliert mit <strong>Meeresmineralien und Magnesiumsulfat<\/strong>, Dieser leichte Nebel verbessert die Griffigkeit und Beweglichkeit und sorgt f\u00fcr ein weiches, zerzaustes Finish - ideal f\u00fcr das t\u00e4gliche Styling von M\u00e4nnern und Frauen.<\/p>\n<p>Die aerosolfreie Formel sorgt f\u00fcr eine saubere, umweltbewusste Anwendung und entspricht den EU- und nordamerikanischen Clean Beauty Standards.<\/p>\n<p><strong>Die wichtigsten technischen Highlights:<\/strong><\/p>\n<ul>\n<li>\u2705 Strandwellen-Effekt mit mattem Finish<\/li>\n<li>\u2705 Verleiht feinem oder glattem Haar Volumen und Wurzelanhebung<\/li>\n<li>\u2705 Schnell trocknend, nicht klebend und feuchtigkeitsbest\u00e4ndig<\/li>\n<li>\u2705 OEM-fertige Basisformel f\u00fcr die individuelle Anpassung von Duft und Viskosit\u00e4t<\/li>\n<li>\u2705 Abgabe ohne Aerosol (PET-Flasche \/ Feinnebelzerst\u00e4uber)<\/li>\n<\/ul>\n<p><strong>Produktion und Einhaltung der Vorschriften:<\/strong><\/p>\n<ul>\n<li>MOQ: 3.000 Einheiten pro SKU<\/li>\n<li>Verpackung: 100ml \/ 200ml PET-Flasche (individuelle Flaschenfarbe und Beschriftung m\u00f6glich)<\/li>\n<li>Vorlaufzeit: 25-35 Tage nach Best\u00e4tigung<\/li>\n<li>Herstellungsstandard: GMP \/ ISO 22716 \/ FDA-registrierte Einrichtung<\/li>\n<\/ul>\n<p><strong>QYONZ Formulierung Vorteil:<\/strong><\/p>\n<p>Mit einer firmeneigenen Mischung aus <strong>aus dem Meer stammende Mineralien und Polymerdispersionssysteme<\/strong>, QYONZ bietet eine skalierbare Meersalz-Stylingl\u00f6sung, die f\u00fcr globale Haarpflegemarken entwickelt wurde.<\/p>\n<p>Unser F&amp;E-Team bietet ma\u00dfgeschneiderte <strong>OEM\/ODM-Entwicklung<\/strong>, die Abstimmung von D\u00fcften und die Optimierung von Texturen, um die Anforderungen des regionalen Marktes zu erf\u00fcllen.<\/p>","protected":false},"excerpt":{"rendered":"<p>Nat\u00fcrliches Meersalz-Strukturspray f\u00fcr m\u00fchelose Strandwellen und Volumen. Aerosolfreie Formel, feuchtigkeitsbest\u00e4ndig und ideal f\u00fcr OEM\/ODM-Eigenmarken.<\/p>","protected":false},"featured_media":2072,"comment_status":"open","ping_status":"closed","template":"","meta":{"_acf_changed":false,"rank_math_title":"OEM Sea Salt Spray | Texturizing Hair Mist Manufacturer","rank_math_description":"QYONZ OEM Sea Salt Spray \u2014 creates beach waves, volume, and matte texture. Non-aerosol formula for professional hair styling brands worldwide.","rank_math_focus_keyword":"OEM Sea Salt Spray, Texturizing Hair Mist, Beach Wave Styling Product, ODM Hair Texture Spray"},"product_brand":[],"product_cat":[85,87],"product_tag":[],"class_list":{"0":"post-2073","1":"product","2":"type-product","3":"status-publish","4":"has-post-thumbnail","6":"product_cat-hair-styling-oem","7":"product_cat-styling-sprays","9":"first","10":"instock","11":"shipping-taxable","12":"purchasable","13":"product-type-simple"},"acf":[],"_links":{"self":[{"href":"https:\/\/qyonz.com\/de\/wp-json\/wp\/v2\/product\/2073","targetHints":{"allow":["GET"]}}],"collection":[{"href":"https:\/\/qyonz.com\/de\/wp-json\/wp\/v2\/product"}],"about":[{"href":"https:\/\/qyonz.com\/de\/wp-json\/wp\/v2\/types\/product"}],"replies":[{"embeddable":true,"href":"https:\/\/qyonz.com\/de\/wp-json\/wp\/v2\/comments?post=2073"}],"version-history":[{"count":1,"href":"https:\/\/qyonz.com\/de\/wp-json\/wp\/v2\/product\/2073\/revisions"}],"predecessor-version":[{"id":2392,"href":"https:\/\/qyonz.com\/de\/wp-json\/wp\/v2\/product\/2073\/revisions\/2392"}],"wp:featuredmedia":[{"embeddable":true,"href":"https:\/\/qyonz.com\/de\/wp-json\/wp\/v2\/media\/2072"}],"wp:attachment":[{"href":"https:\/\/qyonz.com\/de\/wp-json\/wp\/v2\/media?parent=2073"}],"wp:term":[{"taxonomy":"product_brand","embeddable":true,"href":"https:\/\/qyonz.com\/de\/wp-json\/wp\/v2\/product_brand?post=2073"},{"taxonomy":"product_cat","embeddable":true,"href":"https:\/\/qyonz.com\/de\/wp-json\/wp\/v2\/product_cat?post=2073"},{"taxonomy":"product_tag","embeddable":true,"href":"https:\/\/qyonz.com\/de\/wp-json\/wp\/v2\/product_tag?post=2073"}],"curies":[{"name":"wp","href":"https:\/\/api.w.org\/{rel}","templated":true}]}}