{"id":2003,"date":"2025-12-30T19:14:21","date_gmt":"2025-12-31T03:14:21","guid":{"rendered":"https:\/\/qyonz.com\/product\/oem-odm-for-temporary-deposit-only-hair-color-shampoos-purple-anti-yellow-and-tinted-options-low-moq-custom-shades-iso-22716-gmp\/"},"modified":"2026-04-12T20:46:26","modified_gmt":"2026-04-13T03:46:26","slug":"oem-odm-para-deposito-temporal-solo-champus-de-color-purpura-anti-amarillo-y-tintado-opciones-bajo-moq-tonos-personalizados-iso-22716-gmp","status":"publish","type":"product","link":"https:\/\/qyonz.com\/es\/product\/oem-odm-for-temporary-deposit-only-hair-color-shampoos-purple-anti-yellow-and-tinted-options-low-moq-custom-shades-iso-22716-gmp\/","title":{"rendered":"OEM\/ODM para champ\u00fas de coloraci\u00f3n temporal con dep\u00f3sito. Opciones de p\u00farpura antiamarillo y tintado. Baja cantidad m\u00ednima, tonos personalizados, ISO 22716\/GMP."},"content":{"rendered":"<p>\u2728 <strong>Productos<\/strong><\/p>\n<p>En <strong>CAI GAI BAI Color-Deposit \/ Champ\u00fa Antiamarillo<\/strong> es un <strong>sin dep\u00f3sitos, sin amon\u00edaco y sin per\u00f3xido<\/strong> f\u00f3rmula tonificante dise\u00f1ada para <strong>Cosm\u00e9ticos OEM \/ Marca blanca<\/strong> marcas.<\/p>\n<p>Refresca el color con un <strong>efecto visible durante ~10-15 d\u00edas<\/strong> y normalmente <strong>se desvanece en 3-5 lavados<\/strong> (dependiendo de la porosidad del cabello y de la rutina).<\/p>\n<p>Disponible en <strong>Morado\/Azul<\/strong> (neutralizaci\u00f3n anti-amarillo\/brillante para rubio\/gris\/plateado) y <strong>opciones tintadas<\/strong> (por ejemplo, negro\/marr\u00f3n oscuro) con <strong>tonos personalizados, fragancias, envases<\/strong>-ideal para marcas independientes que buscan un cuidado del color de bajo compromiso fabricado en China.<\/p>\n<p>\ud83c\udf3f <strong>Ingredientes clave y beneficios<\/strong><\/p>\n<p>Ingrediente \/ Sistema Funci\u00f3n Beneficio Base tensioactiva suave (p. ej., SLES + CAPB) Limpia y transporta los colorantes Limpia a la vez que deposita el tono; sensaci\u00f3n de aclarado suave Pol\u00edmero acondicionador (p. ej., derivado de guar) Deslizante y antiest\u00e1tico Peinabilidad m\u00e1s suave; ayuda a depositar uniformemente Pantenol \/ Glicerina Hidratante A\u00f1ade suavidad y brillo Extractos bot\u00e1nicos (p. ej., romero \/ jengibre) Imagen respetuosa con el cuero cabelludo Sensaci\u00f3n fresca Opciones de historias de marketing Colorantes cosm\u00e9ticos (FD&amp;C\/CI opciones por mercado) Romero \/ Jengibre) Imagen respetuosa con el cuero cabelludo Sensaci\u00f3n de frescor, opciones de historias de marketing Colorantes cosm\u00e9ticos (opciones FD&amp;C\/CI por mercado) Tonificaci\u00f3n \/ tinte Morado\/azul para anti-amarillo; tintes negro\/marr\u00f3n oscuro Sistema conservante (por regi\u00f3n) Seguridad del producto Vida \u00fatil y estabilidad microbiol\u00f3gica<\/p>\n<blockquote>\n<p><em>Nota: El INCI exacto, la lista de colorantes y la fragancia se pueden personalizar en funci\u00f3n de las necesidades de su mercado objetivo\/reclamaciones y cumplimiento.<\/em><\/p>\n<\/blockquote>\n<p>\u2699\ufe0f <strong>OEM \/ Servicio de marca blanca<\/strong><\/p>\n<ul>\n<li><strong>Fabricaci\u00f3n de champ\u00fa p\u00farpura \/ de dep\u00f3sito de color de marca privada<\/strong>\uff08S\u00f3lo dep\u00f3sito; l\u00edneas antiamarillo y tintadas\uff09<\/li>\n<li><strong>Cuidado del cabello Proveedor OEM<\/strong>\uff08Champ\u00fa \/ Acondicionador \/ Tratamientos\uff09<\/li>\n<li><strong>F\u00f3rmula, tono y fragancia personalizados; dise\u00f1o de etiquetas y envases<\/strong><\/li>\n<li><strong>MOQ bajo y plazo de entrega r\u00e1pido<\/strong>\uff08pilotaje de marcas independientes\uff09<\/li>\n<li><strong>Documentaci\u00f3n y conformidad<\/strong>\uff1aSoporte ISO 22716 \/ GMP, <strong>SDS\/COA<\/strong> por lotes, opciones de fragancias alineadas con IFRA<\/li>\n<\/ul>\n<p>\ud83d\udca1 <strong>Productos destacados<\/strong><\/p>\n<ul>\n<li>\u2705 <strong>Color temporal, s\u00f3lo con dep\u00f3sito<\/strong>\uff08sin amon\u00edaco, sin per\u00f3xido\uff09<\/li>\n<li>\u2705 <strong>~10-15 d\u00edas de efecto visible<\/strong>\uff1b<strong>se desvanece en 3-5 lavados<\/strong><\/li>\n<li>\u2705 <strong>Violeta\/Azul Antiamarillo<\/strong> para rubio\/gris\/plateado; <strong>tintado negro\/marr\u00f3n<\/strong> opciones<\/li>\n<li>\u2705 <strong>MOQ bajo \/ Peque\u00f1os lotes<\/strong>Personalizaci\u00f3n a medida<\/li>\n<li>\u2705 <strong>Embalaje y marca personalizados<\/strong>\uff08tubos\/botellas\/sets, soporte completo de ilustraciones\uff09<\/li>\n<li>\u2705 <strong>OEM \/ Marca blanca \/ ODM<\/strong> disponible para los mercados mundiales<\/li>\n<\/ul>\n<p>\ud83d\udce6 <strong>Especificaciones<\/strong><\/p>\n<ul>\n<li><strong>Tipo de producto<\/strong>\uff1aColor-Deposit \/ Champ\u00fa Antiamarillo\uff08deposit-only\uff09<\/li>\n<li><strong>Opciones de color<\/strong>\uff1aP\u00farpura \/ Azul\uff08anti-amarillo\uff09\uff1bNegro \/ Marr\u00f3n oscuro\uff08te\u00f1ido\uff09; <strong>persianas personalizadas<\/strong><\/li>\n<li><strong>Textura<\/strong>Champ\u00fa l\u00edquido viscoso<\/li>\n<li><strong>pH (25 \u00b0C)<\/strong>\uff1a~5.5-6.5\uff08personalizable\uff09<\/li>\n<li><strong>Fragancia<\/strong>\uff1aCustom (fresco \/ floral \/ amaderado \/ sin fragancia)<\/li>\n<li><strong>Solubilidad<\/strong>\uff1aSistema tensioactivo a base de agua.<\/li>\n<li><strong>Embalaje<\/strong>\uff1aTubos \/ botellas \/ juegos personalizables\uff08proporcionan dielines\uff09<\/li>\n<li><strong>MOQ<\/strong>\uff1a<strong>500 unidades<\/strong> (Marca blanca) \/ <strong>3.000 unidades<\/strong> (OEM)<\/li>\n<li><strong>Plazos de entrega<\/strong>\uff1a<strong>15-25 d\u00edas<\/strong> una vez aprobado el dise\u00f1o y listos los materiales<\/li>\n<li><strong>Docs<\/strong>\uff1aSDS\/COA por lote\uff1b Documentaci\u00f3n sobre fragancias alineada con la IFRA<\/li>\n<\/ul>\n<p>\ud83e\udded <strong>Posicionamiento recomendado (para su p\u00e1gina de producto)<\/strong><\/p>\n<ul>\n<li>\u201cRefresco de color de bajo compromiso para pruebas r\u00e1pidas de mercado\u201d<\/li>\n<li>\u201cTono anti-amarillo + cuidado del color en un solo paso\u201d<\/li>\n<li>\u201cTecnolog\u00eda s\u00f3lo dep\u00f3sito: sin da\u00f1os oxidativos, acabado agradable para el sal\u00f3n\u201d<\/li>\n<\/ul>","protected":false},"excerpt":{"rendered":"<p>\u2728 Descripci\u00f3n general del producto El champ\u00fa CAI GAI BAI Color-Deposit \/ Anti-Yellow es una f\u00f3rmula tonificante sin dep\u00f3sito, sin amon\u00edaco y sin per\u00f3xido dise\u00f1ada<\/p>","protected":false},"featured_media":2021,"comment_status":"open","ping_status":"closed","template":"","meta":{"_acf_changed":false,"rank_math_title":"","rank_math_description":"","rank_math_focus_keyword":""},"product_brand":[],"product_cat":[81,84],"product_tag":[],"class_list":{"0":"post-2003","1":"product","2":"type-product","3":"status-publish","4":"has-post-thumbnail","6":"product_cat-hair-color-oem","7":"product_cat-salon-grade-hair-developer","9":"first","10":"instock","11":"shipping-taxable","12":"purchasable","13":"product-type-simple"},"acf":[],"_links":{"self":[{"href":"https:\/\/qyonz.com\/es\/wp-json\/wp\/v2\/product\/2003","targetHints":{"allow":["GET"]}}],"collection":[{"href":"https:\/\/qyonz.com\/es\/wp-json\/wp\/v2\/product"}],"about":[{"href":"https:\/\/qyonz.com\/es\/wp-json\/wp\/v2\/types\/product"}],"replies":[{"embeddable":true,"href":"https:\/\/qyonz.com\/es\/wp-json\/wp\/v2\/comments?post=2003"}],"version-history":[{"count":2,"href":"https:\/\/qyonz.com\/es\/wp-json\/wp\/v2\/product\/2003\/revisions"}],"predecessor-version":[{"id":2406,"href":"https:\/\/qyonz.com\/es\/wp-json\/wp\/v2\/product\/2003\/revisions\/2406"}],"wp:featuredmedia":[{"embeddable":true,"href":"https:\/\/qyonz.com\/es\/wp-json\/wp\/v2\/media\/2021"}],"wp:attachment":[{"href":"https:\/\/qyonz.com\/es\/wp-json\/wp\/v2\/media?parent=2003"}],"wp:term":[{"taxonomy":"product_brand","embeddable":true,"href":"https:\/\/qyonz.com\/es\/wp-json\/wp\/v2\/product_brand?post=2003"},{"taxonomy":"product_cat","embeddable":true,"href":"https:\/\/qyonz.com\/es\/wp-json\/wp\/v2\/product_cat?post=2003"},{"taxonomy":"product_tag","embeddable":true,"href":"https:\/\/qyonz.com\/es\/wp-json\/wp\/v2\/product_tag?post=2003"}],"curies":[{"name":"wp","href":"https:\/\/api.w.org\/{rel}","templated":true}]}}