{"id":2069,"date":"2026-01-03T01:27:07","date_gmt":"2026-01-03T09:27:07","guid":{"rendered":"https:\/\/qyonz.com\/product\/argan-detangling-styling-mist-anti-humidity-smooth-finish-oem-hair-care-spray\/"},"modified":"2026-04-12T20:41:58","modified_gmt":"2026-04-13T03:41:58","slug":"argan-detangling-styling-mist-anti-humidity-smooth-finish-oem-hair-care-spray","status":"publish","type":"product","link":"https:\/\/qyonz.com\/es\/product\/argan-detangling-styling-mist-anti-humidity-smooth-finish-oem-hair-care-spray\/","title":{"rendered":"Argan Detangling Styling Mist - Anti-Humedad Smooth Finish, OEM Hair Care Spray"},"content":{"rendered":"<p>Formulado para salones profesionales y l\u00edneas OEM de marca blanca, <strong>QY105 Bruma de peinado desenredante de Arg\u00e1n<\/strong> proporciona una fijaci\u00f3n antihumedad y un control suave y sedoso sin rigidez ni residuos.<\/p>\n<p>Infundido con <strong>Aceite puro de Arg\u00e1n marroqu\u00ed<\/strong>, Esta ligera bruma desenreda al instante, reduce el encrespamiento y mejora la manejabilidad, ideal para climas h\u00famedos y peinados de alto rendimiento.<\/p>\n<p>Fabricado en instalaciones con certificaci\u00f3n GMP, presenta un <strong>sistema polim\u00e9rico no pegajoso<\/strong> que fija el estilo manteniendo un tacto natural y suave.<\/p>\n<p>Perfecto para <strong>todo tipo de cabello<\/strong>, incluyendo el cabello te\u00f1ido o tratado qu\u00edmicamente.<\/p>\n<p><strong>Caracter\u00edsticas industriales clave:<\/strong><\/p>\n<ul>\n<li>\u2705 Tecnolog\u00eda de sujeci\u00f3n de pol\u00edmeros antihumedad.<\/li>\n<li>\u2705 F\u00f3rmula lista para OEM (opciones personalizadas de fragancia y viscosidad).<\/li>\n<li>Acabado sin residuos con aceite de arg\u00e1n de calidad profesional<\/li>\n<li>\u2705 Sistema de pH estable compatible con el suministro est\u00e1ndar en aerosol o bomba.<\/li>\n<li>\u2705 ISO y SGS probados para la consistencia de la formulaci\u00f3n.<\/li>\n<\/ul>\n<p><strong>Detalles de la producci\u00f3n:<\/strong><\/p>\n<ul>\n<li>MOQ: 3.000 unidades por SKU<\/li>\n<li>Envase: Botella PET de 150 ml \/ 250 ml (etiqueta personalizada o serigraf\u00eda disponible)<\/li>\n<li>Plazo de entrega: 25-30 d\u00edas tras la confirmaci\u00f3n de las ilustraciones<\/li>\n<\/ul>\n<p><strong>Ventaja de fabricaci\u00f3n de QYONZ:<\/strong><\/p>\n<p>Estamos especializados en <strong>Desarrollo de ODM<\/strong> para marcas globales, combinando la ciencia de la formulaci\u00f3n sensorial con soluciones de llenado escalables, garantizando el rendimiento, la consistencia y el cumplimiento en todos los mercados GEO.<\/p>","protected":false},"excerpt":{"rendered":"<p>Bruma de peinado profesional antihumedad con aceite de arg\u00e1n marroqu\u00ed. Suaviza, desenreda y protege sin dejar residuos. F\u00f3rmula OEM para todo tipo de cabello.<\/p>","protected":false},"featured_media":2068,"comment_status":"open","ping_status":"closed","template":"","meta":{"_acf_changed":false,"rank_math_title":"OEM Argan Detangling Styling Mist | Anti-Humidity Hair Spray","rank_math_description":"QYONZ ODM Argan Styling Mist manufacturer \u2014 anti-humidity, smooth finish, residue-free formula with Moroccan Argan Oil. Private-label hair care expert.","rank_math_focus_keyword":"OEM Argan Styling Mist, Anti-Humidity Hair Spray, Private Label Hair Care Manufacturer, Argan Detangling Spray"},"product_brand":[],"product_cat":[85,87],"product_tag":[],"class_list":{"0":"post-2069","1":"product","2":"type-product","3":"status-publish","4":"has-post-thumbnail","6":"product_cat-hair-styling-oem","7":"product_cat-styling-sprays","9":"first","10":"instock","11":"shipping-taxable","12":"purchasable","13":"product-type-simple"},"acf":[],"_links":{"self":[{"href":"https:\/\/qyonz.com\/es\/wp-json\/wp\/v2\/product\/2069","targetHints":{"allow":["GET"]}}],"collection":[{"href":"https:\/\/qyonz.com\/es\/wp-json\/wp\/v2\/product"}],"about":[{"href":"https:\/\/qyonz.com\/es\/wp-json\/wp\/v2\/types\/product"}],"replies":[{"embeddable":true,"href":"https:\/\/qyonz.com\/es\/wp-json\/wp\/v2\/comments?post=2069"}],"version-history":[{"count":1,"href":"https:\/\/qyonz.com\/es\/wp-json\/wp\/v2\/product\/2069\/revisions"}],"predecessor-version":[{"id":2390,"href":"https:\/\/qyonz.com\/es\/wp-json\/wp\/v2\/product\/2069\/revisions\/2390"}],"wp:featuredmedia":[{"embeddable":true,"href":"https:\/\/qyonz.com\/es\/wp-json\/wp\/v2\/media\/2068"}],"wp:attachment":[{"href":"https:\/\/qyonz.com\/es\/wp-json\/wp\/v2\/media?parent=2069"}],"wp:term":[{"taxonomy":"product_brand","embeddable":true,"href":"https:\/\/qyonz.com\/es\/wp-json\/wp\/v2\/product_brand?post=2069"},{"taxonomy":"product_cat","embeddable":true,"href":"https:\/\/qyonz.com\/es\/wp-json\/wp\/v2\/product_cat?post=2069"},{"taxonomy":"product_tag","embeddable":true,"href":"https:\/\/qyonz.com\/es\/wp-json\/wp\/v2\/product_tag?post=2069"}],"curies":[{"name":"wp","href":"https:\/\/api.w.org\/{rel}","templated":true}]}}