{"id":1842,"date":"2025-12-26T21:51:53","date_gmt":"2025-12-27T05:51:53","guid":{"rendered":"https:\/\/qyonz.com\/?page_id=1842"},"modified":"2026-01-05T23:46:51","modified_gmt":"2026-01-06T07:46:51","slug":"conditions-dutilisation","status":"publish","type":"page","link":"https:\/\/qyonz.com\/fr\/policies\/terms-of-use\/","title":{"rendered":"Conditions d'utilisation"},"content":{"rendered":"<div data-elementor-type=\"wp-page\" data-elementor-id=\"1842\" class=\"elementor elementor-1842\" data-elementor-post-type=\"page\">\n\t\t\t\t<div class=\"wd-negative-gap elementor-element elementor-element-77e3158 e-flex e-con-boxed e-con e-parent\" data-id=\"77e3158\" data-element_type=\"container\" data-e-type=\"container\">\n\t\t\t\t\t<div class=\"e-con-inner\">\n\t\t\t\t<div class=\"elementor-element elementor-element-ad37566 elementor-widget elementor-widget-html\" data-id=\"ad37566\" data-element_type=\"widget\" data-e-type=\"widget\" data-widget_type=\"html.default\">\n\t\t\t\t\t<!-- Cosmetics OEM Terms of Use - Elementor Compatible HTML -->\n<style>\n.terms-container {\n    max-width: 1200px;\n    margin: 0 auto;\n    padding: 40px 30px;\n    color: #333;\n    line-height: 1.8;\n    background: #fff;\n}\n\n@media (max-width: 768px) {\n    .terms-container {\n        max-width: 100%;\n        padding: 25px 15px;\n    }\n}\n\n.terms-container h1 {\n    color: #66886D;\n    font-size: 32px;\n    text-align: center;\n    margin-bottom: 10px;\n    font-weight: 700;\n    border-bottom: 3px solid #66886D;\n    padding-bottom: 20px;\n}\n\n.terms-container .last-updated {\n    text-align: center;\n    color: #888;\n    font-size: 14px;\n    margin-bottom: 40px;\n}\n\n.terms-container h2 {\n    color: #66886D;\n    font-size: 20px;\n    margin-top: 35px;\n    margin-bottom: 15px;\n    padding-left: 15px;\n    border-left: 4px solid #66886D;\n    font-weight: 600;\n}\n\n.terms-container h3 {\n    color: #4a6b50;\n    font-size: 16px;\n    margin-top: 20px;\n    margin-bottom: 10px;\n    font-weight: 600;\n}\n\n.terms-container p {\n    margin-bottom: 15px;\n    text-align: justify;\n}\n\n.terms-container ul, .terms-container ol {\n    margin-bottom: 15px;\n    padding-left: 25px;\n}\n\n.terms-container li {\n    margin-bottom: 8px;\n}\n\n.terms-container .highlight-box {\n    background: linear-gradient(135deg, #f8faf8 0%, #eef3ef 100%);\n    border-left: 4px solid #66886D;\n    padding: 20px 25px;\n    margin: 25px 0;\n    border-radius: 0 8px 8px 0;\n}\n\n.terms-container .highlight-box p {\n    margin-bottom: 0;\n}\n\n.terms-container .important-notice {\n    background: #fff9e6;\n    border: 1px solid #f0d860;\n    padding: 15px 20px;\n    border-radius: 6px;\n    margin: 20px 0;\n}\n\n.terms-container a {\n    color: #66886D;\n    text-decoration: none;\n    font-weight: 500;\n}\n\n.terms-container a:hover {\n    text-decoration: underline;\n}\n\n.terms-container .section-intro {\n    font-style: italic;\n    color: #666;\n    margin-bottom: 20px;\n}\n\n.terms-container table {\n    width: 100%;\n    border-collapse: collapse;\n    margin: 20px 0;\n}\n\n.terms-container table th {\n    background: #66886D;\n    color: #fff;\n    padding: 12px 15px;\n    text-align: left;\n}\n\n.terms-container table td {\n    padding: 12px 15px;\n    border-bottom: 1px solid #e0e0e0;\n}\n\n.terms-container table tr:nth-child(even) {\n    background: #f9f9f9;\n}\n<\/style>\n\n<div class=\"terms-container\">\n    <h1>Conditions d'utilisation<\/h1>\n    <p class=\"last-updated\">Derni\u00e8re mise \u00e0 jour : D\u00e9cembre 2024<\/p>\n\n    <div class=\"highlight-box\">\n        <p><strong>Bienvenue sur notre plateforme de fabrication de cosm\u00e9tiques OEM\/ODM.<\/strong> Les pr\u00e9sentes conditions d'utilisation r\u00e9gissent votre acc\u00e8s et votre utilisation de notre site web, de nos services et de nos opportunit\u00e9s de partenariat commercial. En acc\u00e9dant \u00e0 notre plateforme ou en faisant appel \u00e0 nos services de fabrication, vous reconnaissez avoir lu, compris et accept\u00e9 d'\u00eatre li\u00e9 par ces conditions.<\/p>\n    <\/div>\n\n    <h2>1. Introduction et acceptation<\/h2>\n    <p>Les pr\u00e9sentes conditions d'utilisation (\" Conditions \") constituent un accord juridiquement contraignant entre vous (\" Client \", \" vous \" ou \" votre \") et notre soci\u00e9t\u00e9 (\" Qyonz \", \" nous \", \" notre \" ou \" nos \"), un fabricant de cosm\u00e9tiques OEM\/ODM de premier plan sp\u00e9cialis\u00e9 dans les soins de la peau, les soins capillaires, les soins du corps et la production de cosm\u00e9tiques de couleur.<\/p>\n    <p>En acc\u00e9dant \u00e0 notre site web, en soumettant des demandes de renseignements, en demandant des \u00e9chantillons ou en passant des commandes, vous confirmez ce qui suit :<\/p>\n    <ul>\n        <li>Vous \u00eates autoris\u00e9 \u00e0 conclure des accords contraignants au nom de votre entit\u00e9 commerciale.<\/li>\n        <li>Vous avez au moins 18 ans<\/li>\n        <li>Vous vous conformerez \u00e0 toutes les lois et r\u00e9glementations applicables \u00e0 la fabrication et \u00e0 la distribution de produits cosm\u00e9tiques dans votre juridiction.<\/li>\n        <li>toutes les informations que vous nous fournissez sont exactes, \u00e0 jour et compl\u00e8tes<\/li>\n    <\/ul>\n\n    <h2>2. Nos services<\/h2>\n    <p class=\"section-intro\">Nous proposons des solutions compl\u00e8tes de fabrication de produits cosm\u00e9tiques adapt\u00e9es aux divers besoins des entreprises.<\/p>\n    \n    <h3>2.1 OEM (Original Equipment Manufacturing)<\/h3>\n    <p>Nous fabriquons des produits cosm\u00e9tiques selon vos sp\u00e9cifications et formulations exactes. Nos services OEM comprennent :<\/p>\n    <ul>\n        <li>Production de vos formules exclusives dans nos installations de pointe<\/li>\n        <li>Respect strict de vos normes de qualit\u00e9 et de vos sp\u00e9cifications<\/li>\n        <li>Des options d'emballage et d'\u00e9tiquetage flexibles pour correspondre \u00e0 l'identit\u00e9 de votre marque<\/li>\n        <li>Volumes de production modulables, des petits lots \u00e0 la fabrication \u00e0 grande \u00e9chelle<\/li>\n    <\/ul>\n\n    <h3>2.2 ODM (Original Design Manufacturing)<\/h3>\n    <p>Nous proposons des formulations pr\u00eates \u00e0 \u00eatre commercialis\u00e9es qui peuvent \u00eatre personnalis\u00e9es et marqu\u00e9es pour votre entreprise :<\/p>\n    <ul>\n        <li>Acc\u00e8s \u00e0 notre vaste biblioth\u00e8que de formulations \u00e9prouv\u00e9es et test\u00e9es sur le march\u00e9<\/li>\n        <li>Options de personnalisation comprenant le parfum, la couleur, la texture et les ingr\u00e9dients actifs<\/li>\n        <li>Soutien complet au d\u00e9veloppement de produits, de la conception aux produits finis<\/li>\n        <li>Documentation sur la conformit\u00e9 r\u00e9glementaire pour les principaux march\u00e9s mondiaux<\/li>\n    <\/ul>\n\n    <h3>2.3 Services de marque priv\u00e9e<\/h3>\n    <p>Lancez rapidement votre marque de cosm\u00e9tiques gr\u00e2ce \u00e0 nos solutions de marques de distributeur cl\u00e9s en main :<\/p>\n    <ul>\n        <li>Produits pr\u00e9formul\u00e9s pr\u00eats \u00e0 \u00eatre commercialis\u00e9s imm\u00e9diatement<\/li>\n        <li>Quantit\u00e9s minimales de commande faibles, id\u00e9ales pour les startups et les marques \u00e9mergentes<\/li>\n        <li>Services complets de conception et d'impression d'emballages<\/li>\n        <li>Des d\u00e9lais d'ex\u00e9cution rapides pour acc\u00e9l\u00e9rer votre mise sur le march\u00e9<\/li>\n    <\/ul>\n\n    <h2>3. Assurance qualit\u00e9 et certifications<\/h2>\n    <div class=\"highlight-box\">\n        <p><strong>Notre engagement pour l'excellence :<\/strong> Nous respectons les normes de qualit\u00e9 et de s\u00e9curit\u00e9 les plus strictes en mati\u00e8re de fabrication de produits cosm\u00e9tiques. Nos installations sont \u00e9quip\u00e9es de lignes de production avanc\u00e9es et fonctionnent selon des directives strictes en mati\u00e8re de BPF (bonnes pratiques de fabrication).<\/p>\n    <\/div>\n    \n    <p>Nos certifications et normes de qualit\u00e9 comprennent<\/p>\n    <ul>\n        <li><strong>ISO 22716:2007<\/strong> - Certification BPF des produits cosm\u00e9tiques garantissant une gestion coh\u00e9rente de la qualit\u00e9<\/li>\n        <li><strong>ISO 9001:2015<\/strong> - Certification du syst\u00e8me de gestion de la qualit\u00e9<\/li>\n        <li><strong>Enregistrement aupr\u00e8s de la FDA<\/strong> - Conforme aux exigences de la Food and Drug Administration des \u00c9tats-Unis<\/li>\n        <li><strong>R\u00e8glement (CE) n\u00b0 1223\/2009 de l'UE sur les cosm\u00e9tiques<\/strong> - Conformit\u00e9 totale pour l'acc\u00e8s au march\u00e9 europ\u00e9en<\/li>\n        <li><strong>Fabrication sans cruaut\u00e9<\/strong> - Aucun test sur les animaux dans nos processus de production<\/li>\n        <li><strong>Certifications biologiques et naturelles<\/strong> - Disponible pour les lignes de produits \u00e9ligibles<\/li>\n    <\/ul>\n\n    <h2>4. Processus de commande et quantit\u00e9s minimales de commande<\/h2>\n    \n    <h3>4.1 Demande de renseignements et de devis<\/h3>\n    <p>Notre processus de commande rationalis\u00e9 garantit la transparence et l'efficacit\u00e9 :<\/p>\n    <ol>\n        <li><strong>Consultation initiale :<\/strong> Soumettez vos demandes de produits \u00e0 l'aide de notre formulaire de demande ou contactez directement notre \u00e9quipe de vente.<\/li>\n        <li><strong>\u00c9valuation de la faisabilit\u00e9 :<\/strong> Notre \u00e9quipe R&amp;D \u00e9value vos sp\u00e9cifications et fournit des recommandations techniques.<\/li>\n        <li><strong>Devis :<\/strong> Recevoir un devis d\u00e9taill\u00e9 comprenant le prix unitaire, les co\u00fbts d'outillage et le calendrier de production.<\/li>\n        <li><strong>D\u00e9veloppement d'\u00e9chantillons :<\/strong> Apr\u00e8s approbation, nous d\u00e9veloppons des \u00e9chantillons pour votre \u00e9valuation<\/li>\n        <li><strong>Production :<\/strong> Apr\u00e8s approbation de l'\u00e9chantillon et confirmation de la commande, nous proc\u00e9dons \u00e0 la fabrication en s\u00e9rie.<\/li>\n    <\/ol>\n\n    <h3>4.2 Quantit\u00e9s minimales de commande (QMC)<\/h3>\n    <p>Nos politiques flexibles en mati\u00e8re de qualit\u00e9 de fabrication s'adressent aux entreprises de toutes tailles :<\/p>\n    <table>\n        <tr>\n            <th>Cat\u00e9gorie de produits<\/th>\n            <th>MOQ standard<\/th>\n            <th>Notes<\/th>\n        <\/tr>\n        <tr>\n            <td>Soins de la peau (cr\u00e8mes, s\u00e9rums)<\/td>\n            <td>1 000 - 3 000 unit\u00e9s<\/td>\n            <td>Varie selon le type d'emballage<\/td>\n        <\/tr>\n        <tr>\n            <td>Produits capillaires<\/td>\n            <td>2 000 - 5 000 unit\u00e9s<\/td>\n            <td>Options en vrac disponibles<\/td>\n        <\/tr>\n        <tr>\n            <td>Cosm\u00e9tique de couleur<\/td>\n            <td>3 000 - 5 000 unit\u00e9s<\/td>\n            <td>Par UGS<\/td>\n        <\/tr>\n        <tr>\n            <td>Soins du corps<\/td>\n            <td>2 000 - 3 000 unit\u00e9s<\/td>\n            <td>Flexible pour les grands formats<\/td>\n        <\/tr>\n    <\/table>\n    <p><em>Remarque : les exigences en mati\u00e8re de QMo peuvent \u00eatre n\u00e9goci\u00e9es dans le cadre d'accords de partenariat \u00e0 long terme ou de commandes multiproduits. Veuillez contacter notre \u00e9quipe commerciale pour des solutions personnalis\u00e9es.<\/em><\/p>\n\n    <h2>5. Prix et conditions de paiement<\/h2>\n    \n    <h3>5.1 Structure des prix<\/h3>\n    <p>Nos prix sont comp\u00e9titifs et transparents, refl\u00e9tant la qualit\u00e9 de nos produits et services :<\/p>\n    <ul>\n        <li>Prix unitaire bas\u00e9 sur la quantit\u00e9 command\u00e9e, la complexit\u00e9 de la formule et les sp\u00e9cifications de l'emballage<\/li>\n        <li>Les co\u00fbts de l'outillage et du moule sont indiqu\u00e9s s\u00e9par\u00e9ment pour les emballages personnalis\u00e9s.<\/li>\n        <li>Frais d'\u00e9chantillonnage applicables au d\u00e9veloppement de formulations personnalis\u00e9es (cr\u00e9dit\u00e9s sur les commandes en vrac)<\/li>\n        <li>Remises sur volume disponibles pour les commandes plus importantes et les clients r\u00e9guliers<\/li>\n    <\/ul>\n\n    <h3>5.2 Conditions de paiement<\/h3>\n    <p>Conditions de paiement standard pour les commandes de fabrication :<\/p>\n    <ul>\n        <li><strong>\u00c9chantillons de commandes :<\/strong> 100% paiement \u00e0 la confirmation de la commande<\/li>\n        <li><strong>Commandes en gros :<\/strong> 30% d'acompte \u00e0 la confirmation de la commande, 70% de solde avant l'exp\u00e9dition.<\/li>\n        <li><strong>Clients \u00e9tablis :<\/strong> Conditions de paiement personnalis\u00e9es disponibles sur approbation du cr\u00e9dit<\/li>\n    <\/ul>\n    <p>Nous acceptons les paiements par virement bancaire (T\/T), lettre de cr\u00e9dit (L\/C) et autres m\u00e9thodes convenues d'un commun accord.<\/p>\n\n    <h2>6. Droits de propri\u00e9t\u00e9 intellectuelle<\/h2>\n    \n    <div class=\"important-notice\">\n        <p><strong>Important :<\/strong> Nous prenons au s\u00e9rieux la protection de la propri\u00e9t\u00e9 intellectuelle. Toutes les informations exclusives partag\u00e9es dans le cadre de notre partenariat sont trait\u00e9es avec la plus grande confidentialit\u00e9.<\/p>\n    <\/div>\n\n    <h3>6.1 Propri\u00e9t\u00e9 intellectuelle du client<\/h3>\n    <p>Vous conservez tous les droits sur<\/p>\n    <ul>\n        <li>Vos formulations exclusives et vos secrets commerciaux<\/li>\n        <li>Noms de marque, marques d\u00e9pos\u00e9es et logos<\/li>\n        <li>Conceptions de produits et d'emballages que vous fournissez<\/li>\n        <li>Mat\u00e9riel de marketing et all\u00e9gations sur les produits<\/li>\n    <\/ul>\n\n    <h3>6.2 Propri\u00e9t\u00e9 intellectuelle de l'entreprise<\/h3>\n    <p>Nous conservons tous les droits :<\/p>\n    <ul>\n        <li>Nos formulations et processus de fabrication ODM exclusifs<\/li>\n        <li>Savoir-faire technique et m\u00e9thodologies de production<\/li>\n        <li>Notre nom de marque, nos marques d\u00e9pos\u00e9es et notre image de marque<\/li>\n        <li>Contenu, conception et fonctionnalit\u00e9 du site web<\/li>\n    <\/ul>\n\n    <h3>6.3 Propri\u00e9t\u00e9 intellectuelle d\u00e9velopp\u00e9e<\/h3>\n    <p>Pour les formulations personnalis\u00e9es d\u00e9velopp\u00e9es en collaboration, les droits de propri\u00e9t\u00e9 seront clairement d\u00e9finis dans les accords de projet individuels avant le d\u00e9but du d\u00e9veloppement.<\/p>\n\n    <h2>7. La confidentialit\u00e9<\/h2>\n    <p>Nous nous engageons \u00e0 prot\u00e9ger vos informations professionnelles :<\/p>\n    <ul>\n        <li>Toutes les formulations des clients, les plans d'affaires et les informations exclusives sont strictement confidentielles.<\/li>\n        <li>Des accords de non-divulgation (NDA) sont disponibles sur demande et recommand\u00e9s pour tous les partenariats.<\/li>\n        <li>Nos employ\u00e9s et nos sous-traitants sont soumis \u00e0 des obligations de confidentialit\u00e9<\/li>\n        <li>Les informations relatives aux clients ne sont jamais communiqu\u00e9es \u00e0 des tiers sans leur consentement \u00e9crit explicite.<\/li>\n        <li>Des protocoles s\u00e9curis\u00e9s de traitement et de stockage des donn\u00e9es sont appliqu\u00e9s tout au long de nos activit\u00e9s.<\/li>\n    <\/ul>\n\n    <h2>8. Responsabilit\u00e9 du fait des produits et garanties<\/h2>\n    \n    <h3>8.1 Garantie de fabrication<\/h3>\n    <p>Nous garantissons que tous les produits que nous fabriquons seront :<\/p>\n    <ul>\n        <li>se conformer aux sp\u00e9cifications et aux normes de qualit\u00e9 convenues<\/li>\n        <li>\u00eatre fabriqu\u00e9s conform\u00e9ment aux exigences applicables en mati\u00e8re de bonnes pratiques de fabrication (BPF)<\/li>\n        <li>\u00eatre exempts de d\u00e9fauts de mat\u00e9riaux et de fabrication<\/li>\n        <li>Respecter la dur\u00e9e de conservation indiqu\u00e9e dans des conditions de stockage ad\u00e9quates<\/li>\n    <\/ul>\n\n    <h3>8.2 Limitation de la responsabilit\u00e9<\/h3>\n    <p>Notre responsabilit\u00e9 est limit\u00e9e au remplacement des produits d\u00e9fectueux ou au remboursement du prix d'achat des produits concern\u00e9s. Nous ne sommes pas responsables de :<\/p>\n    <ul>\n        <li>les dommages indirects, accessoires ou cons\u00e9cutifs<\/li>\n        <li>Perte de b\u00e9n\u00e9fices ou d'opportunit\u00e9s commerciales<\/li>\n        <li>R\u00e9clamations d\u00e9coulant de la modification des produits par le client apr\u00e8s leur livraison<\/li>\n        <li>Probl\u00e8mes r\u00e9sultant d'un stockage, d'une manipulation ou d'une utilisation incorrects des produits<\/li>\n        <li>Questions r\u00e9glementaires sur les march\u00e9s cibles du client pour lesquelles nous n'avons pas fourni de documentation de conformit\u00e9<\/li>\n    <\/ul>\n\n    <h3>8.3 Responsabilit\u00e9s du client<\/h3>\n    <p>Vous \u00eates responsable de :<\/p>\n    <ul>\n        <li>Veiller \u00e0 ce que les produits soient conformes aux r\u00e9glementations en vigueur sur vos march\u00e9s de distribution<\/li>\n        <li>Pr\u00e9cision de l'\u00e9tiquetage des produits et des all\u00e9gations marketing<\/li>\n        <li>Stockage et manipulation corrects des produits apr\u00e8s la livraison<\/li>\n        <li>Obtention des licences d'importation et des enregistrements n\u00e9cessaires<\/li>\n        <li>Assurance responsabilit\u00e9 civile produit pour vos produits distribu\u00e9s<\/li>\n    <\/ul>\n\n    <h2>9. Exp\u00e9dition et livraison<\/h2>\n    <p>Nous proposons des options d'exp\u00e9dition flexibles pour r\u00e9pondre \u00e0 vos besoins logistiques :<\/p>\n    <ul>\n        <li><strong>Incoterms :<\/strong> FOB, CIF, DDP et autres termes disponibles selon vos pr\u00e9f\u00e9rences.<\/li>\n        <li><strong>M\u00e9thodes d'exp\u00e9dition :<\/strong> Services de fret maritime, de fret a\u00e9rien et de courrier express<\/li>\n        <li><strong>D\u00e9lais d'ex\u00e9cution :<\/strong> Typiquement 30-45 jours pour la production plus le d\u00e9lai d'exp\u00e9dition (varie en fonction de la complexit\u00e9 de la commande).<\/li>\n        <li><strong>Documentation :<\/strong> Documents d'exportation complets, y compris facture commerciale, liste de colisage, certificats d'analyse et certificats d'origine.<\/li>\n    <\/ul>\n\n    <h2>10. Retours et r\u00e9clamations<\/h2>\n    <p>Les r\u00e9clamations relatives \u00e0 la qualit\u00e9 doivent \u00eatre pr\u00e9sent\u00e9es dans les 14 jours suivant la r\u00e9ception des marchandises :<\/p>\n    <ul>\n        <li>Les r\u00e9clamations doivent inclure une description d\u00e9taill\u00e9e, des photographies et les num\u00e9ros de lots concern\u00e9s.<\/li>\n        <li>Conserver des \u00e9chantillons des produits concern\u00e9s pour les soumettre \u00e0 l'examen de notre \u00e9quipe de qualit\u00e9.<\/li>\n        <li>Nous r\u00e9pondrons \u00e0 toutes les r\u00e9clamations dans un d\u00e9lai de 5 jours ouvrables.<\/li>\n        <li>Les d\u00e9fauts v\u00e9rifi\u00e9s feront l'objet d'un remplacement, d'un cr\u00e9dit ou d'un remboursement, \u00e0 notre discr\u00e9tion.<\/li>\n    <\/ul>\n    <p><em>Les produits fabriqu\u00e9s sur mesure ne peuvent pas \u00eatre retourn\u00e9s, sauf en cas de d\u00e9faut de fabrication av\u00e9r\u00e9.<\/em><\/p>\n\n    <h2>11. Force Majeure<\/h2>\n    <p>Aucune des parties n'est responsable des retards ou des d\u00e9faillances d'ex\u00e9cution r\u00e9sultant de circonstances \u00e9chappant \u00e0 un contr\u00f4le raisonnable, y compris mais sans s'y limiter :<\/p>\n    <ul>\n        <li>Catastrophes naturelles, \u00e9pid\u00e9mies ou pand\u00e9mies<\/li>\n        <li>Guerre, terrorisme ou troubles civils<\/li>\n        <li>Actions gouvernementales, embargos ou restrictions commerciales<\/li>\n        <li>Perturbations de la cha\u00eene d'approvisionnement affectant les mati\u00e8res premi\u00e8res<\/li>\n        <li>D\u00e9faillances des services publics ou perturbations des transports<\/li>\n    <\/ul>\n    <p>Dans ce cas, nous communiquerons rapidement et travaillerons ensemble pour minimiser l'impact sur votre entreprise.<\/p>\n\n    <h2>12. R\u00e9siliation<\/h2>\n    <p>Chacune des parties peut mettre fin \u00e0 la relation d'affaires :<\/p>\n    <ul>\n        <li>\u00c0 l'ach\u00e8vement de toutes les commandes et obligations en suspens<\/li>\n        <li>Avec un pr\u00e9avis \u00e9crit de 30 jours pour les accords de services continus<\/li>\n        <li>Imm\u00e9diatement en cas de violation substantielle par l'autre partie<\/li>\n    <\/ul>\n    <p>En cas de r\u00e9siliation, tous les paiements en cours deviennent imm\u00e9diatement exigibles et les obligations de confidentialit\u00e9 subsistent.<\/p>\n\n    <h2>13. Droit applicable et r\u00e8glement des litiges<\/h2>\n    <p>Les pr\u00e9sentes conditions sont r\u00e9gies et interpr\u00e9t\u00e9es conform\u00e9ment aux lois et pratiques commerciales internationales applicables. Tout litige d\u00e9coulant des pr\u00e9sentes conditions ou de notre relation d'affaires sera r\u00e9solu par l'interm\u00e9diaire de :<\/p>\n    <ol>\n        <li><strong>N\u00e9gociation :<\/strong> Discussions de bonne foi entre repr\u00e9sentants autoris\u00e9s<\/li>\n        <li><strong>M\u00e9diation :<\/strong> En cas d'\u00e9chec des n\u00e9gociations, les parties conviennent de tenter une m\u00e9diation.<\/li>\n        <li><strong>L'arbitrage :<\/strong> Les litiges non r\u00e9solus sont soumis \u00e0 un arbitrage contraignant conform\u00e9ment aux r\u00e8gles d'arbitrage internationalement reconnues<\/li>\n    <\/ol>\n\n    <h2>14. Utilisation du site web<\/h2>\n    <p>En utilisant notre site web, vous acceptez de :<\/p>\n    <ul>\n        <li>N'utiliser le site web qu'\u00e0 des fins commerciales l\u00e9gitimes<\/li>\n        <li>ne pas tenter d'obtenir un acc\u00e8s non autoris\u00e9 \u00e0 nos syst\u00e8mes<\/li>\n        <li>Ne pas reproduire, distribuer ou modifier le contenu du site web sans autorisation<\/li>\n        <li>Fournir des informations exactes dans tous les formulaires et toutes les communications<\/li>\n    <\/ul>\n\n    <h2>15. Vie priv\u00e9e et protection des donn\u00e9es<\/h2>\n    <p>Nous respectons votre vie priv\u00e9e et prot\u00e9geons vos informations personnelles et professionnelles :<\/p>\n    <ul>\n        <li>Les informations collect\u00e9es sont utilis\u00e9es uniquement \u00e0 des fins de communication commerciale et de traitement des commandes.<\/li>\n        <li>Nous ne vendons pas et ne partageons pas vos informations avec des tiers non li\u00e9s.<\/li>\n        <li>Des protocoles s\u00e9curis\u00e9s prot\u00e8gent la transmission et le stockage des donn\u00e9es<\/li>\n        <li>Vous pouvez \u00e0 tout moment demander l'acc\u00e8s \u00e0 vos donn\u00e9es personnelles ou leur suppression<\/li>\n    <\/ul>\n    <p>Pour plus de d\u00e9tails, veuillez consulter notre politique de confidentialit\u00e9.<\/p>\n\n    <h2>16. Amendements<\/h2>\n    <p>Nous nous r\u00e9servons le droit de modifier les pr\u00e9sentes conditions \u00e0 tout moment. Les modifications entreront en vigueur d\u00e8s leur publication sur notre site web. Pour les commandes et contrats existants, les conditions en vigueur au moment de la confirmation de la commande s'appliquent. Nous vous encourageons \u00e0 consulter r\u00e9guli\u00e8rement les pr\u00e9sentes conditions.<\/p>\n\n    <h2>17. Divisibilit\u00e9<\/h2>\n    <p>Si l'une des dispositions des pr\u00e9sentes conditions est jug\u00e9e invalide ou inapplicable, les autres dispositions resteront pleinement en vigueur. La disposition invalide sera modifi\u00e9e dans la mesure minimale n\u00e9cessaire pour la rendre valide et applicable.<\/p>\n\n    <h2>18. Int\u00e9gralit\u00e9 de l'accord<\/h2>\n    <p>Les pr\u00e9sentes conditions, ainsi que les devis sp\u00e9cifiques, les confirmations de commande et les accords compl\u00e9mentaires, constituent l'int\u00e9gralit\u00e9 de l'accord conclu entre vous et nous en ce qui concerne notre relation commerciale. Toute discussion, repr\u00e9sentation ou accord ant\u00e9rieurs sont remplac\u00e9s par les pr\u00e9sentes conditions, sauf s'ils sont explicitement incorpor\u00e9s par \u00e9crit.<\/p>\n\n    <p style=\"text-align: center; margin-top: 40px; color: #888; font-size: 13px;\">\u00a9 2024 Qyonz. Tous droits r\u00e9serv\u00e9s.<\/p>\n<\/div>\n\t\t\t\t<\/div>\n\t\t\t\t\t<\/div>\n\t\t\t\t<\/div>\n\t\t\t\t<\/div>","protected":false},"excerpt":{"rendered":"<p>Terms of Use Last Updated: December 2024 Welcome to our Cosmetics OEM\/ODM Manufacturing Platform. These Terms of Use govern your<\/p>","protected":false},"author":1,"featured_media":0,"parent":1838,"menu_order":0,"comment_status":"closed","ping_status":"closed","template":"","meta":{"_acf_changed":false,"rank_math_title":"Terms of Use | Qyonz OEM & ODM Beauty Manufacturer","rank_math_description":"Read Qyonz\u2019s Terms of Use outlining conditions for accessing our OEM & ODM beauty manufacturing services. Learn about user rights, data, and compliance.","rank_math_focus_keyword":"Qyonz Terms of Use  OEM service terms  user rights and compliance  legal policy for beauty manufacturing  ODM agreement conditions  website usage policy","footnotes":""},"class_list":["post-1842","page","type-page","status-publish","hentry"],"acf":[],"_links":{"self":[{"href":"https:\/\/qyonz.com\/fr\/wp-json\/wp\/v2\/pages\/1842","targetHints":{"allow":["GET"]}}],"collection":[{"href":"https:\/\/qyonz.com\/fr\/wp-json\/wp\/v2\/pages"}],"about":[{"href":"https:\/\/qyonz.com\/fr\/wp-json\/wp\/v2\/types\/page"}],"author":[{"embeddable":true,"href":"https:\/\/qyonz.com\/fr\/wp-json\/wp\/v2\/users\/1"}],"replies":[{"embeddable":true,"href":"https:\/\/qyonz.com\/fr\/wp-json\/wp\/v2\/comments?post=1842"}],"version-history":[{"count":4,"href":"https:\/\/qyonz.com\/fr\/wp-json\/wp\/v2\/pages\/1842\/revisions"}],"predecessor-version":[{"id":1847,"href":"https:\/\/qyonz.com\/fr\/wp-json\/wp\/v2\/pages\/1842\/revisions\/1847"}],"up":[{"embeddable":true,"href":"https:\/\/qyonz.com\/fr\/wp-json\/wp\/v2\/pages\/1838"}],"wp:attachment":[{"href":"https:\/\/qyonz.com\/fr\/wp-json\/wp\/v2\/media?parent=1842"}],"curies":[{"name":"wp","href":"https:\/\/api.w.org\/{rel}","templated":true}]}}