{"id":1848,"date":"2025-12-26T22:03:23","date_gmt":"2025-12-27T06:03:23","guid":{"rendered":"https:\/\/qyonz.com\/?page_id=1848"},"modified":"2026-01-05T23:48:26","modified_gmt":"2026-01-06T07:48:26","slug":"politique-en-matiere-de-cookies","status":"publish","type":"page","link":"https:\/\/qyonz.com\/fr\/policies\/cookie-policy\/","title":{"rendered":"Politique en mati\u00e8re de cookies"},"content":{"rendered":"<div data-elementor-type=\"wp-page\" data-elementor-id=\"1848\" class=\"elementor elementor-1848\" data-elementor-post-type=\"page\">\n\t\t\t\t<div class=\"wd-negative-gap elementor-element elementor-element-f4fc1bc e-flex e-con-boxed e-con e-parent\" data-id=\"f4fc1bc\" data-element_type=\"container\" data-e-type=\"container\">\n\t\t\t\t\t<div class=\"e-con-inner\">\n\t\t\t\t<div class=\"elementor-element elementor-element-85f7f09 elementor-widget elementor-widget-html\" data-id=\"85f7f09\" data-element_type=\"widget\" data-e-type=\"widget\" data-widget_type=\"html.default\">\n\t\t\t\t\t<!-- Qyonz Cookie Policy - Elementor Compatible HTML -->\n<style>\n.cookie-policy-container {\n    max-width: 1200px;\n    margin: 0 auto;\n    padding: 40px 30px;\n    color: #333;\n    line-height: 1.8;\n    background: #fff;\n}\n\n@media (max-width: 768px) {\n    .cookie-policy-container {\n        max-width: 100%;\n        padding: 25px 15px;\n    }\n}\n\n.cookie-policy-container h1 {\n    color: #66886D;\n    font-size: 32px;\n    text-align: center;\n    margin-bottom: 10px;\n    font-weight: 700;\n    border-bottom: 3px solid #66886D;\n    padding-bottom: 20px;\n}\n\n.cookie-policy-container .last-updated {\n    text-align: center;\n    color: #888;\n    font-size: 14px;\n    margin-bottom: 40px;\n}\n\n.cookie-policy-container h2 {\n    color: #66886D;\n    font-size: 20px;\n    margin-top: 35px;\n    margin-bottom: 15px;\n    padding-left: 15px;\n    border-left: 4px solid #66886D;\n    font-weight: 600;\n}\n\n.cookie-policy-container h3 {\n    color: #4a6b50;\n    font-size: 16px;\n    margin-top: 20px;\n    margin-bottom: 10px;\n    font-weight: 600;\n}\n\n.cookie-policy-container p {\n    margin-bottom: 15px;\n    text-align: justify;\n}\n\n.cookie-policy-container ul, .cookie-policy-container ol {\n    margin-bottom: 15px;\n    padding-left: 25px;\n}\n\n.cookie-policy-container li {\n    margin-bottom: 8px;\n}\n\n.cookie-policy-container .highlight-box {\n    background: linear-gradient(135deg, #f8faf8 0%, #eef3ef 100%);\n    border-left: 4px solid #66886D;\n    padding: 20px 25px;\n    margin: 25px 0;\n    border-radius: 0 8px 8px 0;\n}\n\n.cookie-policy-container .highlight-box p {\n    margin-bottom: 0;\n}\n\n.cookie-policy-container .important-notice {\n    background: #fff9e6;\n    border: 1px solid #f0d860;\n    padding: 15px 20px;\n    border-radius: 6px;\n    margin: 20px 0;\n}\n\n.cookie-policy-container a {\n    color: #66886D;\n    text-decoration: none;\n    font-weight: 500;\n}\n\n.cookie-policy-container a:hover {\n    text-decoration: underline;\n}\n\n.cookie-policy-container table {\n    width: 100%;\n    border-collapse: collapse;\n    margin: 20px 0;\n}\n\n.cookie-policy-container table th {\n    background: #66886D;\n    color: #fff;\n    padding: 12px 15px;\n    text-align: left;\n}\n\n.cookie-policy-container table td {\n    padding: 12px 15px;\n    border-bottom: 1px solid #e0e0e0;\n}\n\n.cookie-policy-container table tr:nth-child(even) {\n    background: #f9f9f9;\n}\n\n.cookie-policy-container .cookie-type-card {\n    background: #f9faf9;\n    border: 1px solid #e0e5e0;\n    border-radius: 8px;\n    padding: 20px;\n    margin: 15px 0;\n}\n\n.cookie-policy-container .cookie-type-card h3 {\n    margin-top: 0;\n    color: #66886D;\n}\n\n.cookie-policy-container .cookie-type-card .badge {\n    display: inline-block;\n    padding: 4px 10px;\n    border-radius: 4px;\n    font-size: 12px;\n    font-weight: 600;\n    margin-left: 10px;\n}\n\n.cookie-policy-container .badge-required {\n    background: #66886D;\n    color: #fff;\n}\n\n.cookie-policy-container .badge-optional {\n    background: #e0e5e0;\n    color: #555;\n}\n<\/style>\n\n<div class=\"cookie-policy-container\">\n    <h1>Politique en mati\u00e8re de cookies<\/h1>\n    <p class=\"last-updated\">Derni\u00e8re mise \u00e0 jour : D\u00e9cembre 2024<\/p>\n\n    <div class=\"highlight-box\">\n        <p><strong>Votre vie priv\u00e9e est importante pour nous.<\/strong> Cette politique en mati\u00e8re de cookies explique comment Qyonz (\"nous\", \"notre\" ou \"nos\") utilise des cookies et des technologies de suivi similaires lorsque vous visitez notre site web. Nous nous engageons \u00e0 \u00eatre transparents sur les donn\u00e9es que nous collectons et sur la mani\u00e8re dont nous les utilisons pour am\u00e9liorer votre exp\u00e9rience de navigation.<\/p>\n    <\/div>\n\n    <h2>1. Qu'est-ce qu'un cookie ?<\/h2>\n    <p>Les cookies sont de petits fichiers texte qui sont stock\u00e9s sur votre appareil (ordinateur, tablette ou t\u00e9l\u00e9phone portable) lorsque vous visitez un site web. Ils sont largement utilis\u00e9s pour am\u00e9liorer le fonctionnement des sites web, offrir une meilleure exp\u00e9rience \u00e0 l'utilisateur et fournir aux propri\u00e9taires de sites web des informations utiles sur l'utilisation de leur site.<\/p>\n    <p>Les cookies peuvent \u00eatre class\u00e9s en fonction de leur dur\u00e9e de vie et du domaine auquel ils appartiennent :<\/p>\n    <ul>\n        <li><strong>Cookies de session :<\/strong> Cookies temporaires qui sont supprim\u00e9s lorsque vous fermez votre navigateur. Ils permettent de maintenir votre session lorsque vous naviguez sur notre site web.<\/li>\n        <li><strong>Cookies persistants :<\/strong> Cookies qui restent sur votre appareil pendant une p\u00e9riode d\u00e9termin\u00e9e ou jusqu'\u00e0 ce que vous les supprimiez. Ils nous aident \u00e0 vous reconna\u00eetre lorsque vous revenez sur notre site web.<\/li>\n        <li><strong>Cookies de premi\u00e8re partie :<\/strong> Cookies install\u00e9s directement par notre site web.<\/li>\n        <li><strong>Cookies de tiers :<\/strong> les cookies mis en place par des services externes que nous utilisons, tels que les fournisseurs de services d'analyse.<\/li>\n    <\/ul>\n\n    <h2>2. Comment nous utilisons les cookies<\/h2>\n    <p>Nous utilisons des cookies et des technologies similaires \u00e0 diverses fins pour am\u00e9liorer votre exp\u00e9rience sur notre site web et pour nous aider \u00e0 comprendre comment notre site est utilis\u00e9. Notre utilisation des cookies rel\u00e8ve des cat\u00e9gories suivantes :<\/p>\n\n    <div class=\"cookie-type-card\">\n        <h3>Biscuits essentiels <span class=\"badge badge-required\">Exig\u00e9e<\/span><\/h3>\n        <p>Ces cookies sont strictement n\u00e9cessaires au fonctionnement de notre site web. Ils permettent des fonctionnalit\u00e9s essentielles telles que la s\u00e9curit\u00e9, la gestion du r\u00e9seau et l'acc\u00e8s au compte. Vous ne pouvez pas refuser ces cookies, car le site web ne peut pas fonctionner correctement sans eux.<\/p>\n        <ul>\n            <li>Authentification des utilisateurs et gestion des sessions<\/li>\n            <li>Dispositifs de s\u00e9curit\u00e9 et pr\u00e9vention de la fraude<\/li>\n            <li>\u00c9quilibrage de la charge pour assurer la disponibilit\u00e9 du site web<\/li>\n            <li>M\u00e9morisation de vos pr\u00e9f\u00e9rences en mati\u00e8re de cookies<\/li>\n        <\/ul>\n    <\/div>\n\n    <div class=\"cookie-type-card\">\n        <h3>Cookies fonctionnels <span class=\"badge badge-optional\">En option<\/span><\/h3>\n        <p>Ces cookies permettent d'am\u00e9liorer les fonctionnalit\u00e9s et la personnalisation, comme la m\u00e9morisation de vos pr\u00e9f\u00e9rences et de vos param\u00e8tres. Si vous d\u00e9sactivez ces cookies, certaines fonctionnalit\u00e9s risquent de ne pas fonctionner comme pr\u00e9vu.<\/p>\n        <ul>\n            <li>Pr\u00e9f\u00e9rences linguistiques et r\u00e9gionales<\/li>\n            <li>Se souvenir de l'historique des demandes de renseignements sur les produits<\/li>\n            <li>Contenu personnalis\u00e9 en fonction de vos centres d'int\u00e9r\u00eat<\/li>\n            <li>Fonctionnalit\u00e9 de chat en direct et fonctions d'assistance<\/li>\n        <\/ul>\n    <\/div>\n\n    <div class=\"cookie-type-card\">\n        <h3>Cookies analytiques <span class=\"badge badge-optional\">En option<\/span><\/h3>\n        <p>Ces cookies nous aident \u00e0 comprendre comment les visiteurs interagissent avec notre site web en collectant et en rapportant des informations de mani\u00e8re anonyme. Cela nous aide \u00e0 am\u00e9liorer la structure, le contenu et l'exp\u00e9rience de l'utilisateur de notre site web.<\/p>\n        <ul>\n            <li>Pages visit\u00e9es et temps pass\u00e9 sur chaque page<\/li>\n            <li>Sources de trafic et informations de r\u00e9f\u00e9rence<\/li>\n            <li>Parcours de l'utilisateur et mod\u00e8les de navigation<\/li>\n            <li>Suivi des erreurs et contr\u00f4le des performances<\/li>\n        <\/ul>\n    <\/div>\n\n    <div class=\"cookie-type-card\">\n        <h3>Cookies de marketing <span class=\"badge badge-optional\">En option<\/span><\/h3>\n        <p>Ces cookies sont utilis\u00e9s pour suivre les visiteurs sur les sites web afin d'afficher des publicit\u00e9s pertinentes. Ils nous aident \u00e0 mesurer l'efficacit\u00e9 de nos campagnes de marketing et \u00e0 limiter le nombre de fois que vous voyez une publicit\u00e9.<\/p>\n        <ul>\n            <li>Publicit\u00e9 cibl\u00e9e en fonction de vos centres d'int\u00e9r\u00eat<\/li>\n            <li>Campagnes de reciblage pour les visiteurs qui reviennent<\/li>\n            <li>Int\u00e9gration des m\u00e9dias sociaux et fonctions de partage<\/li>\n            <li>Mesure de la performance des campagnes<\/li>\n        <\/ul>\n    <\/div>\n\n    <h2>3. Les cookies que nous utilisons<\/h2>\n    <p>Vous trouverez ci-dessous une liste d\u00e9taill\u00e9e des cookies que nous utilisons sur notre site web :<\/p>\n\n    <table>\n        <tr>\n            <th>Nom du cookie<\/th>\n            <th>Type<\/th>\n            <th>Objectif<\/th>\n            <th>La dur\u00e9e<\/th>\n        <\/tr>\n        <tr>\n            <td>session_id<\/td>\n            <td>Essentiel<\/td>\n            <td>Maintient l'\u00e9tat de la session de l'utilisateur<\/td>\n            <td>Session<\/td>\n        <\/tr>\n        <tr>\n            <td>csrf_token<\/td>\n            <td>Essentiel<\/td>\n            <td>Protection contre la falsification des requ\u00eates intersites<\/td>\n            <td>Session<\/td>\n        <\/tr>\n        <tr>\n            <td>cookie_consentement<\/td>\n            <td>Essentiel<\/td>\n            <td>Stocke vos pr\u00e9f\u00e9rences en mati\u00e8re de consentement aux cookies<\/td>\n            <td>1 an<\/td>\n        <\/tr>\n        <tr>\n            <td>langue_pref<\/td>\n            <td>Fonctionnel<\/td>\n            <td>Se souvient de votre langue pr\u00e9f\u00e9r\u00e9e<\/td>\n            <td>1 an<\/td>\n        <\/tr>\n        <tr>\n            <td>demandes_r\u00e9centes<\/td>\n            <td>Fonctionnel<\/td>\n            <td>Stocke les informations relatives aux demandes de renseignements r\u00e9centes sur les produits<\/td>\n            <td>30 jours<\/td>\n        <\/tr>\n        <tr>\n            <td>_ga<\/td>\n            <td>Analyse<\/td>\n            <td>Google Analytics - distingue les utilisateurs uniques<\/td>\n            <td>2 ans<\/td>\n        <\/tr>\n        <tr>\n            <td>La loi sur l'immigration et la protection des r\u00e9fugi\u00e9s (LIPR)<\/td>\n            <td>Analyse<\/td>\n            <td>Google Analytics - conserve l'\u00e9tat de la session<\/td>\n            <td>2 ans<\/td>\n        <\/tr>\n        <tr>\n            <td>_gid<\/td>\n            <td>Analyse<\/td>\n            <td>Google Analytics - distingue les utilisateurs<\/td>\n            <td>24 heures<\/td>\n        <\/tr>\n        <tr>\n            <td>_fbp<\/td>\n            <td>Marketing<\/td>\n            <td>Pixel Facebook - publicit\u00e9 et analyse<\/td>\n            <td>3 mois<\/td>\n        <\/tr>\n        <tr>\n            <td>_gcl_au<\/td>\n            <td>Marketing<\/td>\n            <td>Suivi des conversions dans Google Ads<\/td>\n            <td>3 mois<\/td>\n        <\/tr>\n    <\/table>\n\n    <h2>4. Cookies de tiers<\/h2>\n    <p>Nous travaillons avec des prestataires de services tiers de confiance qui peuvent installer des cookies sur notre site web. Ces fournisseurs nous aident \u00e0 effectuer des analyses, \u00e0 faire de la publicit\u00e9 et \u00e0 fournir d'autres services. Les tiers avec lesquels nous travaillons sont les suivants :<\/p>\n    <ul>\n        <li><strong>Google Analytics :<\/strong> Service d'analyse web qui suit et rapporte le trafic d'un site web. <a href=\"https:\/\/policies.google.com\/privacy\" target=\"_blank\" rel=\"noopener\">R\u00e8gles de confidentialit\u00e9 de Google<\/a><\/li>\n        <li><strong>Annonces Google :<\/strong> Plate-forme publicitaire pour le remarketing et le suivi des conversions. <a href=\"https:\/\/policies.google.com\/technologies\/ads\" target=\"_blank\" rel=\"noopener\">R\u00e8gles relatives aux annonces Google<\/a><\/li>\n        <li><strong>Facebook\/Meta :<\/strong> Publicit\u00e9 et analyse des m\u00e9dias sociaux. <a href=\"https:\/\/www.facebook.com\/privacy\/policy\/\" target=\"_blank\" rel=\"noopener\">Politique de confidentialit\u00e9 de Meta<\/a><\/li>\n        <li><strong>LinkedIn :<\/strong> Publicit\u00e9 et analyse B2B. <a href=\"https:\/\/www.linkedin.com\/legal\/privacy-policy\" target=\"_blank\" rel=\"noopener\">Politique de confidentialit\u00e9 de LinkedIn<\/a><\/li>\n        <li><strong>Hotjar :<\/strong> Analyse du comportement et retour d'information de l'utilisateur. <a href=\"https:\/\/www.hotjar.com\/privacy\/\" target=\"_blank\" rel=\"noopener\">Politique de confidentialit\u00e9 de Hotjar<\/a><\/li>\n    <\/ul>\n    <p>Veuillez noter que ces tiers ont leurs propres politiques de confidentialit\u00e9 et nous vous encourageons \u00e0 les consulter.<\/p>\n\n    <h2>5. G\u00e9rer vos pr\u00e9f\u00e9rences en mati\u00e8re de cookies<\/h2>\n    <p>Vous avez le droit d'accepter ou de refuser les cookies. Vous pouvez g\u00e9rer vos pr\u00e9f\u00e9rences en mati\u00e8re de cookies de plusieurs mani\u00e8res :<\/p>\n\n    <h3>5.1 Banni\u00e8re de consentement aux cookies<\/h3>\n    <p>Lors de votre premi\u00e8re visite sur notre site web, vous verrez une banni\u00e8re de consentement aux cookies qui vous permet d'accepter ou de personnaliser vos pr\u00e9f\u00e9rences en mati\u00e8re de cookies. Vous pouvez modifier vos pr\u00e9f\u00e9rences \u00e0 tout moment en cliquant sur le lien \"Param\u00e8tres des cookies\" dans le pied de page de notre site web.<\/p>\n\n    <h3>5.2 Param\u00e8tres du navigateur<\/h3>\n    <p>La plupart des navigateurs web vous permettent de contr\u00f4ler les cookies par le biais de leurs param\u00e8tres. Vous trouverez g\u00e9n\u00e9ralement ces param\u00e8tres dans le menu \"Options\" ou \"Pr\u00e9f\u00e9rences\" de votre navigateur. Les liens suivants fournissent des informations sur la mani\u00e8re de g\u00e9rer les cookies dans les navigateurs les plus courants :<\/p>\n    <ul>\n        <li><a href=\"https:\/\/support.google.com\/chrome\/answer\/95647\" target=\"_blank\" rel=\"noopener\">Google Chrome<\/a><\/li>\n        <li><a href=\"https:\/\/support.mozilla.org\/en-US\/kb\/cookies-information-websites-store-on-your-computer\" target=\"_blank\" rel=\"noopener\">Mozilla Firefox<\/a><\/li>\n        <li><a href=\"https:\/\/support.apple.com\/guide\/safari\/manage-cookies-sfri11471\/mac\" target=\"_blank\" rel=\"noopener\">Apple Safari<\/a><\/li>\n        <li><a href=\"https:\/\/support.microsoft.com\/en-us\/microsoft-edge\/delete-cookies-in-microsoft-edge-63947406-40ac-c3b8-57b9-2a946a29ae09\" target=\"_blank\" rel=\"noopener\">Microsoft Edge<\/a><\/li>\n    <\/ul>\n\n    <h3>5.3 Outils de retrait<\/h3>\n    <p>Vous pouvez \u00e9galement refuser certains cookies de tiers en utilisant les outils suivants :<\/p>\n    <ul>\n        <li><strong>D\u00e9sactivation de Google Analytics :<\/strong> <a href=\"https:\/\/tools.google.com\/dlpage\/gaoptout\" target=\"_blank\" rel=\"noopener\">Module compl\u00e9mentaire de navigateur pour la d\u00e9sactivation de Google Analytics<\/a><\/li>\n        <li><strong>Alliance pour la publicit\u00e9 num\u00e9rique :<\/strong> <a href=\"https:\/\/optout.aboutads.info\/\" target=\"_blank\" rel=\"noopener\">Plateforme d'opt-out DAA<\/a><\/li>\n        <li><strong>Initiative de publicit\u00e9 en r\u00e9seau (Network Advertising Initiative) :<\/strong> <a href=\"https:\/\/optout.networkadvertising.org\/\" target=\"_blank\" rel=\"noopener\">Outil de retrait de l'ICN<\/a><\/li>\n        <li><strong>Alliance europ\u00e9enne de la publicit\u00e9 num\u00e9rique interactive :<\/strong> <a href=\"https:\/\/www.youronlinechoices.eu\/\" target=\"_blank\" rel=\"noopener\">Vos choix en ligne<\/a><\/li>\n    <\/ul>\n\n    <div class=\"important-notice\">\n        <p><strong>A noter :<\/strong> Si vous choisissez de d\u00e9sactiver les cookies, certaines fonctionnalit\u00e9s de notre site web pourraient ne pas fonctionner correctement. Les cookies essentiels ne peuvent pas \u00eatre d\u00e9sactiv\u00e9s car ils sont n\u00e9cessaires au fonctionnement de base de notre site web.<\/p>\n    <\/div>\n\n    <h2>6. Technologies similaires<\/h2>\n    <p>Outre les cookies, nous pouvons utiliser d'autres technologies similaires pour collecter et stocker des informations :<\/p>\n    <ul>\n        <li><strong>Balises Web (Pixel Tags) :<\/strong> Petites images graphiques int\u00e9gr\u00e9es dans des pages web ou des courriels qui nous aident \u00e0 suivre le comportement des utilisateurs et \u00e0 mesurer l'efficacit\u00e9 des campagnes.<\/li>\n        <li><strong>Stockage local :<\/strong> Technologie permettant aux sites web de stocker des donn\u00e9es localement sur votre appareil, similaire aux cookies mais avec une plus grande capacit\u00e9 de stockage.<\/li>\n        <li><strong>Stockage de la session :<\/strong> Similaire au stockage local, mais les donn\u00e9es sont effac\u00e9es lorsque vous fermez l'onglet de votre navigateur.<\/li>\n        <li><strong>Empreintes digitales des appareils :<\/strong> Collecte d'informations sur la configuration de votre appareil afin d'identifier les visiteurs uniques (utilis\u00e9es uniquement \u00e0 des fins de pr\u00e9vention de la fraude).<\/li>\n    <\/ul>\n\n    <h2>7. Signaux \"Ne pas suivre\" (Do Not Track)<\/h2>\n    <p>Certains navigateurs disposent d'une fonction \"Do Not Track\" (DNT) qui signale aux sites web que vous ne souhaitez pas que votre activit\u00e9 en ligne soit suivie. \u00c0 l'heure actuelle, il n'existe pas de norme universelle sur la mani\u00e8re dont les sites web doivent r\u00e9pondre aux signaux DNT. Notre site web ne r\u00e9pond pas actuellement aux signaux DNT, mais nous respectons vos choix en mati\u00e8re de protection de la vie priv\u00e9e gr\u00e2ce \u00e0 notre m\u00e9canisme de consentement en mati\u00e8re de cookies.<\/p>\n\n    <h2>8. Transferts internationaux de donn\u00e9es<\/h2>\n    <p>Certains de nos prestataires de services tiers peuvent \u00eatre situ\u00e9s en dehors de votre pays de r\u00e9sidence. Lorsque des cookies collectent des donn\u00e9es personnelles, ces donn\u00e9es peuvent \u00eatre transf\u00e9r\u00e9es et trait\u00e9es dans des pays qui peuvent avoir des lois sur la protection des donn\u00e9es diff\u00e9rentes de celles de votre pays. Nous veillons \u00e0 ce que des garanties appropri\u00e9es soient mises en place pour prot\u00e9ger vos donn\u00e9es personnelles conform\u00e9ment aux lois applicables.<\/p>\n\n    <h2>9. Vie priv\u00e9e des enfants<\/h2>\n    <p>Notre site web est destin\u00e9 aux utilisateurs professionnels et ne s'adresse pas aux enfants de moins de 16 ans. Nous ne recueillons pas sciemment d'informations personnelles aupr\u00e8s d'enfants. Si vous pensez qu'un enfant nous a fourni des informations personnelles, veuillez nous contacter afin que nous puissions prendre les mesures qui s'imposent.<\/p>\n\n    <h2>10. Mises \u00e0 jour de la pr\u00e9sente politique<\/h2>\n    <p>Nous pouvons mettre \u00e0 jour la pr\u00e9sente politique en mati\u00e8re de cookies de temps \u00e0 autre afin de refl\u00e9ter les modifications apport\u00e9es \u00e0 nos pratiques, \u00e0 nos technologies ou aux exigences l\u00e9gales. Lorsque nous apportons des modifications importantes, nous vous en informons en mettant \u00e0 jour la date de la \"derni\u00e8re mise \u00e0 jour\" en haut de la pr\u00e9sente politique et, le cas \u00e9ch\u00e9ant, en fournissant un avis suppl\u00e9mentaire tel qu'une banni\u00e8re sur notre site web.<\/p>\n    <p>Nous vous encourageons \u00e0 consulter r\u00e9guli\u00e8rement la pr\u00e9sente politique en mati\u00e8re de cookies afin de rester inform\u00e9 de la mani\u00e8re dont nous utilisons les cookies.<\/p>\n\n    <h2>11. Vos droits<\/h2>\n    <p>En fonction de votre situation g\u00e9ographique, vous pouvez disposer de certains droits concernant vos donn\u00e9es personnelles collect\u00e9es par le biais de cookies :<\/p>\n    <ul>\n        <li><strong>Droit d'acc\u00e8s :<\/strong> Demander des informations sur les donn\u00e9es personnelles que nous d\u00e9tenons \u00e0 votre sujet<\/li>\n        <li><strong>Droit de rectification :<\/strong> Demander la correction de donn\u00e9es personnelles inexactes<\/li>\n        <li><strong>Droit \u00e0 l'effacement :<\/strong> Demander la suppression de vos donn\u00e9es personnelles<\/li>\n        <li><strong>Droit de restreindre le traitement :<\/strong> Demande de limitation de l'utilisation de vos donn\u00e9es<\/li>\n        <li><strong>Droit \u00e0 la portabilit\u00e9 des donn\u00e9es :<\/strong> Demander une copie de vos donn\u00e9es dans un format structur\u00e9<\/li>\n        <li><strong>Droit d'opposition :<\/strong> S'opposer \u00e0 certains types de traitement, y compris le marketing direct<\/li>\n        <li><strong>Droit de retirer son consentement :<\/strong> Retirer votre consentement \u00e0 tout moment pour les cookies que vous avez pr\u00e9c\u00e9demment accept\u00e9s<\/li>\n    <\/ul>\n    <p>Pour exercer l'un de ces droits, veuillez nous contacter en utilisant les informations fournies ci-dessous.<\/p>\n\n    <h2>12. Nous contacter<\/h2>\n    <p>Si vous avez des questions sur la pr\u00e9sente politique en mati\u00e8re de cookies ou sur notre utilisation des cookies, veuillez nous contacter :<\/p>\n    <ul>\n        <li><strong>Courriel :<\/strong> privacy@qyonz.com<\/li>\n        <li><strong>Ligne d'objet :<\/strong> Politique en mati\u00e8re de cookies Demande de renseignements<\/li>\n    <\/ul>\n    <p>Nous r\u00e9pondrons \u00e0 votre demande dans un d\u00e9lai raisonnable et conform\u00e9ment aux lois applicables.<\/p>\n\n    <p style=\"text-align: center; margin-top: 40px; color: #888; font-size: 13px;\">\u00a9 2024 Qyonz. Tous droits r\u00e9serv\u00e9s.<\/p>\n<\/div>\n\t\t\t\t<\/div>\n\t\t\t\t\t<\/div>\n\t\t\t\t<\/div>\n\t\t\t\t<\/div>","protected":false},"excerpt":{"rendered":"<p>Cookie Policy Last Updated: December 2024 Your Privacy Matters to Us. This Cookie Policy explains how Qyonz (&#8220;we,&#8221; &#8220;us,&#8221; or<\/p>","protected":false},"author":1,"featured_media":0,"parent":1838,"menu_order":0,"comment_status":"closed","ping_status":"closed","template":"","meta":{"_acf_changed":false,"rank_math_title":"Cookie Policy | Qyonz OEM & ODM Beauty Manufacturer","rank_math_description":"Learn how Qyonz uses cookies to enhance your browsing experience and ensure GDPR-compliant data practices for all OEM & ODM beauty manufacturing partners.","rank_math_focus_keyword":"Qyonz Cookie Policy  GDPR compliant cookies  data tracking policy  OEM website privacy  cookie usage disclosure  CCPA data compliance","footnotes":""},"class_list":["post-1848","page","type-page","status-publish","hentry"],"acf":[],"_links":{"self":[{"href":"https:\/\/qyonz.com\/fr\/wp-json\/wp\/v2\/pages\/1848","targetHints":{"allow":["GET"]}}],"collection":[{"href":"https:\/\/qyonz.com\/fr\/wp-json\/wp\/v2\/pages"}],"about":[{"href":"https:\/\/qyonz.com\/fr\/wp-json\/wp\/v2\/types\/page"}],"author":[{"embeddable":true,"href":"https:\/\/qyonz.com\/fr\/wp-json\/wp\/v2\/users\/1"}],"replies":[{"embeddable":true,"href":"https:\/\/qyonz.com\/fr\/wp-json\/wp\/v2\/comments?post=1848"}],"version-history":[{"count":4,"href":"https:\/\/qyonz.com\/fr\/wp-json\/wp\/v2\/pages\/1848\/revisions"}],"predecessor-version":[{"id":1852,"href":"https:\/\/qyonz.com\/fr\/wp-json\/wp\/v2\/pages\/1848\/revisions\/1852"}],"up":[{"embeddable":true,"href":"https:\/\/qyonz.com\/fr\/wp-json\/wp\/v2\/pages\/1838"}],"wp:attachment":[{"href":"https:\/\/qyonz.com\/fr\/wp-json\/wp\/v2\/media?parent=1848"}],"curies":[{"name":"wp","href":"https:\/\/api.w.org\/{rel}","templated":true}]}}