{"id":1997,"date":"2025-12-30T19:14:19","date_gmt":"2025-12-31T03:14:19","guid":{"rendered":"https:\/\/qyonz.com\/product\/body-firming-cream-with-marula-oil-customizable-fragrance-feel-packaging-private-label-oem-odm-china-manufacturer-low-moq-iso-22716-gmp-sds-coa-exw-fob-cif-ddp-model-0123\/"},"modified":"2026-04-12T20:45:10","modified_gmt":"2026-04-13T03:45:10","slug":"creme-raffermissante-pour-le-corps-a-lhuile-de-marula-parfum-personnalisable-emballage-marque-de-distributeur-oem-odm-fabricant-chinois-faible-moq-iso-22716-gmp-sds-coa-exw-fob-cif-ddp-modele-0123","status":"publish","type":"product","link":"https:\/\/qyonz.com\/fr\/product\/body-firming-cream-with-marula-oil-customizable-fragrance-feel-packaging-private-label-oem-odm-china-manufacturer-low-moq-iso-22716-gmp-sds-coa-exw-fob-cif-ddp-model-0123\/","title":{"rendered":"Cr\u00e8me raffermissante pour le corps (avec huile de marula\uff5c parfum, sensation et emballage personnalisables) | Label priv\u00e9 OEM\/ODM Fabricant chinois | Faible MOQ | ISO 22716\/GMP | SDS\/COA | EXW\/FOB\/CIF\/DDP (Mod\u00e8le 0123)"},"content":{"rendered":"<h3>\u2728 Aper\u00e7u du produit<\/h3>\n<p>A <strong>base raffermissante pour le corps, l\u00e9g\u00e8re comme l'eau et \u00e0 diffusion rapide<\/strong> mis \u00e0 jour avec <strong>Huile de marula<\/strong> pour un <strong>finition soyeuse et propre<\/strong>. Construit pour <strong>Label priv\u00e9 B2B\/OEM\/ODM<\/strong> avec <strong>March\u00e9 am\u00e9ricain<\/strong> positioning in mind&mdash;supporting custom <strong>actifs, parfum, viscosit\u00e9 et emballage<\/strong> pour passer de <strong>pilote (faible co\u00fbt) \u00e0 l'\u00e9chelle<\/strong> efficacement.<\/p>\n<h3>\ud83c\udf3f Principaux ingr\u00e9dients et avantages (tendance verte)<\/h3>\n<ul>\n<li><strong>Huile de marula<\/strong>: \u00e9mollience l\u00e9g\u00e8re pour les personnes souffrant de troubles de l'humeur <strong>sensation plus douce<\/strong> et un <strong>une brillance d'apparence saine<\/strong> sans r\u00e9sidus graisseux.<\/li>\n<li><strong>Glyc\u00e9rine<\/strong>humectant qui am\u00e9liore l'hydratation de l'\u00e9piderme. <strong>apparence de s\u00e9cheresse<\/strong> et renforce la douceur.<\/li>\n<li><strong>Tocoph\u00e9rol (Vitamine E)<\/strong>La peau est plus souple, plus douce, plus souple, plus souple, plus souple, plus souple, plus souple, plus souple, plus souple ; <strong>aspect plus brillant<\/strong>.<\/li>\n<li><strong>Filmog\u00e8nes l\u00e9gers et syst\u00e8me de rh\u00e9ologie<\/strong>: <strong>glissement soyeux<\/strong>, <strong>non lourd<\/strong> finition, absorption rapide.<\/li>\n<li><strong>Ajouts facultatifs<\/strong>: <strong>Niacinamide<\/strong> \/ <strong>Prot\u00e9ines de soja hydrolys\u00e9es<\/strong> pour <strong>aspect uniforme\/plus lisse<\/strong> les r\u00e9cits d'apparence.<\/li>\n<\/ul>\n<h3>\ud83d\udca1 Faits marquants<\/h3>\n<ul>\n<li>\u2705 <strong>Label priv\u00e9 B2B \/ OEM\/ODM \/ Fabricant chinois \/ Fabrication en sous-traitance<\/strong><\/li>\n<li>\u2705 <strong>Faible MOQ<\/strong> pilots with tiered pricing &rarr; rapid scale<\/li>\n<li>\u2705 <strong>Huile de marula<\/strong> narratif : nourrit proprement et en toute l\u00e9g\u00e8ret\u00e9 ; excellent en <strong>U.S. &ldquo;natural &amp; premium value&rdquo;<\/strong> positionnement<\/li>\n<li>\u2705 Personnalisation compl\u00e8te : <strong>actifs \/ parfum \/ viscosit\u00e9 \/ couleur \/ emballage<\/strong><\/li>\n<li>\u2705 Docs et logistique : <strong>SDS\/COA<\/strong>, <strong>ISO 22716\/GMP<\/strong>, <strong>EXW\/FOB\/CIF\/DDP<\/strong><\/li>\n<\/ul>\n<h3>\ud83d\udce6 Sp\u00e9cifications<\/h3>\n<ul>\n<li><strong>Apparence\/Phys-chimie<\/strong>: <strong>transparent, soluble dans l'eau<\/strong>; <strong>pH 5.5&ndash;7 (25 &deg;C)<\/strong>; magasin <strong>0&ndash;40 &deg;C<\/strong>; <strong>sans danger pour le transport<\/strong>; par d\u00e9faut <strong>bouteille en verre + bo\u00eete de couleur<\/strong> (sur mesure) <strong>bocal\/tube\/pompe\/travail\/ensemble cadeau<\/strong> disponible).&nbsp;<\/li>\n<li><strong>Ligne directrice sur l'huile de marula<\/strong>: typiquement <strong>0.5&ndash;5%<\/strong> (modulable en fonction du budget\/sensoriel).<\/li>\n<li><strong>D\u00e9lai de livraison et MOQ<\/strong>: <strong>15-25 jours<\/strong> apr\u00e8s que la maquette et les mat\u00e9riaux sont pr\u00eats ; en g\u00e9n\u00e9ral <strong>500-1 000 unit\u00e9s<\/strong>.<\/li>\n<\/ul>\n<p>&nbsp;<\/p>\n<h3>\u2753 FAQ pour le r\u00e9f\u00e9rencement<\/h3>\n<ul>\n<li><strong>Pouvez-vous bloquer % d'huile de marula ?<\/strong> Yes&mdash;share target markets &amp; levels; we&rsquo;ll return a <strong>stabilit\u00e9\/r\u00e9glementation\/co\u00fbt<\/strong> examen.<\/li>\n<li><strong>Peau sensible ou sans parfum ?<\/strong> Disponible avec un d\u00e9pistage des allerg\u00e8nes et des options conformes \u00e0 l'IFRA.<\/li>\n<li><strong>Petits lots ?<\/strong> Yes&mdash;<strong>Faible MOQ<\/strong> pilotes avec <strong>nomenclature \u00e0 \u00e9tages<\/strong>.<\/li>\n<li><strong>Quels sont les documents inclus ?<\/strong> <strong>SDS\/COA<\/strong> (par lot), \u00e9l\u00e9ments INCI\/\u00e9tiquette, <strong>ISO 22716\/GMP<\/strong> le soutien.<\/li>\n<li><strong>Conditions commerciales ?<\/strong> <strong>EXW\/FOB\/CIF\/DDP<\/strong>; entrep\u00f4t d'outre-mer\/FBA convivial.<\/li>\n<\/ul>\n<h3>\ud83d\udce9 Enqu\u00eate CTA<\/h3>\n<p>Partager <strong>march\u00e9 cible, huile de marula cible %, contraintes li\u00e9es aux parfums et aux allerg\u00e8nes, emballage, MOQ, calendrier<\/strong> \u2192 recevoir <strong>\u00e9chantillons + nomenclature \u00e0 \u00e9tages + estimation du d\u00e9lai de livraison<\/strong>.<\/p>","protected":false},"excerpt":{"rendered":"<p>\u2728 Pr\u00e9sentation du produit Une base raffermissante pour le corps, l\u00e9g\u00e8re comme l'eau et \u00e0 diffusion rapide, enrichie d'huile de marula pour un fini soyeux et propre. Construite \u00e0 partir de l'huile de marula.<\/p>","protected":false},"featured_media":2015,"comment_status":"open","ping_status":"closed","template":"","meta":{"_acf_changed":false,"rank_math_title":"","rank_math_description":"","rank_math_focus_keyword":""},"product_brand":[],"product_cat":[88,89],"product_tag":[],"class_list":{"0":"post-1997","1":"product","2":"type-product","3":"status-publish","4":"has-post-thumbnail","6":"product_cat-other-beauty-oem","7":"product_cat-skincare","9":"first","10":"instock","11":"shipping-taxable","12":"purchasable","13":"product-type-simple"},"acf":[],"_links":{"self":[{"href":"https:\/\/qyonz.com\/fr\/wp-json\/wp\/v2\/product\/1997","targetHints":{"allow":["GET"]}}],"collection":[{"href":"https:\/\/qyonz.com\/fr\/wp-json\/wp\/v2\/product"}],"about":[{"href":"https:\/\/qyonz.com\/fr\/wp-json\/wp\/v2\/types\/product"}],"replies":[{"embeddable":true,"href":"https:\/\/qyonz.com\/fr\/wp-json\/wp\/v2\/comments?post=1997"}],"version-history":[{"count":2,"href":"https:\/\/qyonz.com\/fr\/wp-json\/wp\/v2\/product\/1997\/revisions"}],"predecessor-version":[{"id":2400,"href":"https:\/\/qyonz.com\/fr\/wp-json\/wp\/v2\/product\/1997\/revisions\/2400"}],"wp:featuredmedia":[{"embeddable":true,"href":"https:\/\/qyonz.com\/fr\/wp-json\/wp\/v2\/media\/2015"}],"wp:attachment":[{"href":"https:\/\/qyonz.com\/fr\/wp-json\/wp\/v2\/media?parent=1997"}],"wp:term":[{"taxonomy":"product_brand","embeddable":true,"href":"https:\/\/qyonz.com\/fr\/wp-json\/wp\/v2\/product_brand?post=1997"},{"taxonomy":"product_cat","embeddable":true,"href":"https:\/\/qyonz.com\/fr\/wp-json\/wp\/v2\/product_cat?post=1997"},{"taxonomy":"product_tag","embeddable":true,"href":"https:\/\/qyonz.com\/fr\/wp-json\/wp\/v2\/product_tag?post=1997"}],"curies":[{"name":"wp","href":"https:\/\/api.w.org\/{rel}","templated":true}]}}