{"id":2005,"date":"2025-12-30T19:14:21","date_gmt":"2025-12-31T03:14:21","guid":{"rendered":"https:\/\/qyonz.com\/product\/hair-color-cream-ginger-ginseng-extract-oem-cosmetics-private-label-hair-dye-manufacturer-china-natural-black-long-lasting-hair-color\/"},"modified":"2026-04-12T20:47:00","modified_gmt":"2026-04-13T03:47:00","slug":"creme-colorante-pour-cheveux-extrait-de-gingembre-ginseng-oem-cosmetics-private-label-hair-dye-manufacturer-china-natural-black-long-lasting-hair-color","status":"publish","type":"product","link":"https:\/\/qyonz.com\/fr\/product\/hair-color-cream-ginger-ginseng-extract-oem-cosmetics-private-label-hair-dye-manufacturer-china-natural-black-long-lasting-hair-color\/","title":{"rendered":"Cr\u00e8me colorante pour cheveux - Extrait de gingembre et de ginseng | OEM Cosmetics &amp; Private Label Hair Dye Manufacturer China | Coloration naturelle longue dur\u00e9e pour cheveux noirs"},"content":{"rendered":"<h3>\u2728 Aper\u00e7u du produit<\/h3>\n<p>Les <strong>Cr\u00e8me colorante pour cheveux CAI GAI BAI (mod\u00e8le ZL-19)<\/strong> est un produit de qualit\u00e9 professionnelle <strong>formulation d'une teinture pour cheveux<\/strong> con\u00e7u pour <strong>Marques de cosm\u00e9tiques OEM et de colorations capillaires sous marque de distributeur<\/strong>.<\/p>\n<p>Enrichi en <strong>Extrait de racine de gingembre, Polygonum Multiflorum, Ginseng, Ang\u00e9lique et Extrait de feuille de Platycladus<\/strong>, Il pr\u00e9voit <strong>une couverture de couleur d'apparence naturelle<\/strong>, deep conditioning, and gentle scalp care &mdash; all without harsh ammonia odors.<\/p>\n<h3>\ud83c\udf3f Principaux ingr\u00e9dients et avantages<\/h3>\n<p>Ingr\u00e9dient Fonction B\u00e9n\u00e9fice <strong>Extrait de racine de Zingiber Officinale (gingembre)<\/strong> Stimulant \u00e0 base de plantes Favorise la circulation du cuir chevelu et renforce les racines. <strong>Extrait de Polygonum Multiflorum<\/strong> Booster de couleur \u00e0 base de plantes Approfondit le ton naturel des cheveux, aide \u00e0 restaurer la brillance. <strong>Extrait de ginseng panax<\/strong> Revitalizer Nourrit les follicules et am\u00e9liore la densit\u00e9 des cheveux. <strong>Extrait d'ang\u00e9lique<\/strong> Hydratant Am\u00e9liore le confort et la douceur du cuir chevelu. <strong>Extrait de feuille de Platycladus Orientalis<\/strong> Antioxydant Prot\u00e8ge le cuir chevelu de l'oxydation et de la d\u00e9coloration. <strong>P-Ph\u00e9nyl\u00e8nediamine (0.5%) &amp; M-Aminoph\u00e9nol (0.5%)<\/strong> Des agents colorants doux permettent d'obtenir une couleur noire uniforme et riche. <strong>Alcool c\u00e9t\u00e9arylique et st\u00e9arate de sodium<\/strong> Les \u00e9mulsifiants donnent une texture cr\u00e9meuse pour une application en douceur. <strong>Peroxyde d'hydrog\u00e8ne (6.5%)<\/strong> R\u00e9v\u00e9lateur Assure une forte fixation de la couleur et un ton durable. <strong>Acide \u00e9tidronique et parfum<\/strong> Stabilisateurs Maintiennent la stabilit\u00e9 de la couleur et le parfum agr\u00e9able.<\/p>\n<h3>\u2699\ufe0f OEM \/ Private Label Service<\/h3>\n<p>Nous sommes une <strong>Fabricant professionnel de cosm\u00e9tiques OEM en Chine<\/strong>, en fournissant :<\/p>\n<ul>\n<li><strong>Cr\u00e8mes de teinture et de coloration sous marque de distributeur<\/strong><\/li>\n<li><strong>Fournisseur OEM de soins capillaires (shampooing, apr\u00e8s-shampooing, traitement)<\/strong><\/li>\n<li><strong>Fabrication OEM de produits de lavage corporel et de parfums<\/strong><\/li>\n<li><strong>Formule, couleur et conception de l'emballage sur mesure<\/strong><\/li>\n<li><strong>Faible MOQ + production rapide pour les marques internationales<\/strong><\/li>\n<\/ul>\n<p>Collaborer avec une personne de confiance <strong>Soins capillaires Fournisseur OEM<\/strong> pour cr\u00e9er des produits de coloration de haute performance adapt\u00e9s \u00e0 votre marque.<\/p>\n<h3>\ud83d\udca1 Points forts du produit<\/h3>\n<p>Couverture de couleur riche et durable<\/p>\n<p>\u2705 Formule douce enrichie d'extraits de plantes<\/p>\n<p>\u2705 Sans ammoniaque, respectueux du cuir chevelu<\/p>\n<p>\u2705 OEM \/ Private Label \/ ODM disponibles<\/p>\n<p>Options de couleurs et de parfums personnalis\u00e9es<\/p>\n<p>\u2705 Fast Lead Time (15&ndash;25 Days)<\/p>\n<h3>\ud83d\udce6 Sp\u00e9cifications<\/h3>\n<ul>\n<li><strong>Num\u00e9ro de mod\u00e8le<\/strong> ZL-19<\/li>\n<li><strong>Type de produit :<\/strong> Cr\u00e8me colorante pour cheveux<\/li>\n<li><strong>Couleur :<\/strong> Noir naturel \/ Marron fonc\u00e9<\/li>\n<li><strong>Texture :<\/strong> Cr\u00e8me onctueuse<\/li>\n<li><strong>pH (25 &deg;C):<\/strong> 5.5 &ndash; 7.0<\/li>\n<li><strong>Solubilit\u00e9 :<\/strong> Soluble dans l'eau<\/li>\n<li><strong>Emballage :<\/strong> Tubes \/ pots \/ bouteilles personnalisables<\/li>\n<li><strong>MOQ :<\/strong> 500 unit\u00e9s (Private Label) \/ 3 000 unit\u00e9s (OEM)<\/li>\n<li><strong>D\u00e9lai d'ex\u00e9cution :<\/strong> 15-25 jours apr\u00e8s confirmation<\/li>\n<\/ul>","protected":false},"excerpt":{"rendered":"<p>\u2728 Aper\u00e7u du produit La cr\u00e8me colorante CAI GAI BAI (mod\u00e8le ZL-19) est une formule de teinture pour cheveux de qualit\u00e9 professionnelle con\u00e7ue pour la coloration des cheveux.<\/p>","protected":false},"featured_media":2023,"comment_status":"open","ping_status":"closed","template":"","meta":{"_acf_changed":false,"rank_math_title":"","rank_math_description":"","rank_math_focus_keyword":""},"product_brand":[],"product_cat":[83,81],"product_tag":[68],"class_list":{"0":"post-2005","1":"product","2":"type-product","3":"status-publish","4":"has-post-thumbnail","6":"product_cat-color-depositing-systems","7":"product_cat-hair-color-oem","8":"product_tag-hair-color","10":"first","11":"instock","12":"shipping-taxable","13":"purchasable","14":"product-type-simple"},"acf":[],"_links":{"self":[{"href":"https:\/\/qyonz.com\/fr\/wp-json\/wp\/v2\/product\/2005","targetHints":{"allow":["GET"]}}],"collection":[{"href":"https:\/\/qyonz.com\/fr\/wp-json\/wp\/v2\/product"}],"about":[{"href":"https:\/\/qyonz.com\/fr\/wp-json\/wp\/v2\/types\/product"}],"replies":[{"embeddable":true,"href":"https:\/\/qyonz.com\/fr\/wp-json\/wp\/v2\/comments?post=2005"}],"version-history":[{"count":2,"href":"https:\/\/qyonz.com\/fr\/wp-json\/wp\/v2\/product\/2005\/revisions"}],"predecessor-version":[{"id":2408,"href":"https:\/\/qyonz.com\/fr\/wp-json\/wp\/v2\/product\/2005\/revisions\/2408"}],"wp:featuredmedia":[{"embeddable":true,"href":"https:\/\/qyonz.com\/fr\/wp-json\/wp\/v2\/media\/2023"}],"wp:attachment":[{"href":"https:\/\/qyonz.com\/fr\/wp-json\/wp\/v2\/media?parent=2005"}],"wp:term":[{"taxonomy":"product_brand","embeddable":true,"href":"https:\/\/qyonz.com\/fr\/wp-json\/wp\/v2\/product_brand?post=2005"},{"taxonomy":"product_cat","embeddable":true,"href":"https:\/\/qyonz.com\/fr\/wp-json\/wp\/v2\/product_cat?post=2005"},{"taxonomy":"product_tag","embeddable":true,"href":"https:\/\/qyonz.com\/fr\/wp-json\/wp\/v2\/product_tag?post=2005"}],"curies":[{"name":"wp","href":"https:\/\/api.w.org\/{rel}","templated":true}]}}