{"id":2069,"date":"2026-01-03T01:27:07","date_gmt":"2026-01-03T09:27:07","guid":{"rendered":"https:\/\/qyonz.com\/product\/argan-detangling-styling-mist-anti-humidity-smooth-finish-oem-hair-care-spray\/"},"modified":"2026-04-12T20:41:58","modified_gmt":"2026-04-13T03:41:58","slug":"brume-coiffante-demelante-argan-anti-humidite-smooth-finish-oem-hair-care-spray","status":"publish","type":"product","link":"https:\/\/qyonz.com\/fr\/product\/argan-detangling-styling-mist-anti-humidity-smooth-finish-oem-hair-care-spray\/","title":{"rendered":"Brume d\u00e9m\u00ealante coiffante \u00e0 l'argan - Finition lisse anti-humidit\u00e9, Spray de soin capillaire OEM"},"content":{"rendered":"<p>Formul\u00e9 pour les salons de coiffure professionnels et les lignes OEM de marques priv\u00e9es, <strong>QY105 Brume d\u00e9m\u00ealante et coiffante \u00e0 l'argan<\/strong> offre une tenue anti-humidit\u00e9 et un contr\u00f4le soyeux sans rigidit\u00e9 ni r\u00e9sidu.<\/p>\n<p>Infus\u00e9 avec <strong>Huile d'argan marocaine pure<\/strong>, Cette brume l\u00e9g\u00e8re d\u00e9m\u00eale instantan\u00e9ment, r\u00e9duit les frisottis et am\u00e9liore la maniabilit\u00e9 - id\u00e9al pour les climats humides et les coiffages de haute performance.<\/p>\n<p>Con\u00e7u dans des installations certifi\u00e9es BPF, il est dot\u00e9 d'un <strong>syst\u00e8me polym\u00e8re non collant<\/strong> qui verrouille le style tout en conservant un toucher naturel et doux.<\/p>\n<p>Parfait pour <strong>tous types de cheveux<\/strong>, y compris les cheveux trait\u00e9s chimiquement ou color\u00e9s.<\/p>\n<p><strong>Principales caract\u00e9ristiques industrielles :<\/strong><\/p>\n<ul>\n<li>\u2705 Technologie de maintien en polym\u00e8re anti-humidit\u00e9<\/li>\n<li>\u2705 Formule pr\u00eate \u00e0 l'emploi pour les \u00e9quipementiers (options de parfum et de viscosit\u00e9 personnalis\u00e9es)<\/li>\n<li>\u2705 Finition sans r\u00e9sidus gr\u00e2ce \u00e0 l'huile d'argan de qualit\u00e9 salon<\/li>\n<li>\u2705 Syst\u00e8me de pH stable compatible avec les a\u00e9rosols ou les pompes standard<\/li>\n<li>\u2705 La coh\u00e9rence de la formulation est test\u00e9e par ISO et SGS<\/li>\n<\/ul>\n<p><strong>D\u00e9tails de la production :<\/strong><\/p>\n<ul>\n<li>MOQ : 3 000 unit\u00e9s par SKU<\/li>\n<li>Conditionnement : flacon PET 150ml \/ 250ml (\u00e9tiquette personnalis\u00e9e ou s\u00e9rigraphie possible)<\/li>\n<li>D\u00e9lai de livraison : 25-30 jours apr\u00e8s confirmation de la maquette<\/li>\n<\/ul>\n<p><strong>Avantage de la fabrication de QYONZ :<\/strong><\/p>\n<p>Nous sommes sp\u00e9cialis\u00e9s dans <strong>D\u00e9veloppement ODM<\/strong> pour les marques mondiales, en combinant la science de la formulation sensorielle avec des solutions de remplissage \u00e9volutives - garantissant la performance, la coh\u00e9rence et la conformit\u00e9 sur tous les march\u00e9s GEO.<\/p>","protected":false},"excerpt":{"rendered":"<p>Brume coiffante professionnelle anti-humidit\u00e9 \u00e0 base d'huile d'argan marocaine. Lisse, d\u00e9m\u00eale et prot\u00e8ge sans r\u00e9sidus - Formule pr\u00eate \u00e0 l'emploi pour tous les types de cheveux.<\/p>","protected":false},"featured_media":2068,"comment_status":"open","ping_status":"closed","template":"","meta":{"_acf_changed":false,"rank_math_title":"OEM Argan Detangling Styling Mist | Anti-Humidity Hair Spray","rank_math_description":"QYONZ ODM Argan Styling Mist manufacturer \u2014 anti-humidity, smooth finish, residue-free formula with Moroccan Argan Oil. Private-label hair care expert.","rank_math_focus_keyword":"OEM Argan Styling Mist, Anti-Humidity Hair Spray, Private Label Hair Care Manufacturer, Argan Detangling Spray"},"product_brand":[],"product_cat":[85,87],"product_tag":[],"class_list":{"0":"post-2069","1":"product","2":"type-product","3":"status-publish","4":"has-post-thumbnail","6":"product_cat-hair-styling-oem","7":"product_cat-styling-sprays","9":"first","10":"instock","11":"shipping-taxable","12":"purchasable","13":"product-type-simple"},"acf":[],"_links":{"self":[{"href":"https:\/\/qyonz.com\/fr\/wp-json\/wp\/v2\/product\/2069","targetHints":{"allow":["GET"]}}],"collection":[{"href":"https:\/\/qyonz.com\/fr\/wp-json\/wp\/v2\/product"}],"about":[{"href":"https:\/\/qyonz.com\/fr\/wp-json\/wp\/v2\/types\/product"}],"replies":[{"embeddable":true,"href":"https:\/\/qyonz.com\/fr\/wp-json\/wp\/v2\/comments?post=2069"}],"version-history":[{"count":1,"href":"https:\/\/qyonz.com\/fr\/wp-json\/wp\/v2\/product\/2069\/revisions"}],"predecessor-version":[{"id":2390,"href":"https:\/\/qyonz.com\/fr\/wp-json\/wp\/v2\/product\/2069\/revisions\/2390"}],"wp:featuredmedia":[{"embeddable":true,"href":"https:\/\/qyonz.com\/fr\/wp-json\/wp\/v2\/media\/2068"}],"wp:attachment":[{"href":"https:\/\/qyonz.com\/fr\/wp-json\/wp\/v2\/media?parent=2069"}],"wp:term":[{"taxonomy":"product_brand","embeddable":true,"href":"https:\/\/qyonz.com\/fr\/wp-json\/wp\/v2\/product_brand?post=2069"},{"taxonomy":"product_cat","embeddable":true,"href":"https:\/\/qyonz.com\/fr\/wp-json\/wp\/v2\/product_cat?post=2069"},{"taxonomy":"product_tag","embeddable":true,"href":"https:\/\/qyonz.com\/fr\/wp-json\/wp\/v2\/product_tag?post=2069"}],"curies":[{"name":"wp","href":"https:\/\/api.w.org\/{rel}","templated":true}]}}