{"id":2073,"date":"2026-01-03T02:14:13","date_gmt":"2026-01-03T10:14:13","guid":{"rendered":"https:\/\/qyonz.com\/product\/texturizing-sea-salt-spray-beach-waves-volume-enhancer-oem-odm-hair-texture-mist\/"},"modified":"2026-04-12T20:42:26","modified_gmt":"2026-04-13T03:42:26","slug":"texturizing-sea-salt-spray-beach-waves-volume-enhancer-oem-odm-hair-texture-mist","status":"publish","type":"product","link":"https:\/\/qyonz.com\/fr\/product\/texturizing-sea-salt-spray-beach-waves-volume-enhancer-oem-odm-hair-texture-mist\/","title":{"rendered":"Spray texturant au sel de mer - Ondes de plage et rehausseur de volume (OEM\/ODM Hair Texture Mist)"},"content":{"rendered":"<p>Con\u00e7u pour les professionnels <strong>Marques de coiffure OEM et ODM<\/strong>, le <strong>QY107 Spray au sel de mer texturant<\/strong> cr\u00e9e des vagues de plage naturelles, du volume et une texture sans effort, sans rigidit\u00e9 ni r\u00e9sidu.<\/p>\n<p>Formul\u00e9 avec <strong>min\u00e9raux marins et sulfate de magn\u00e9sium<\/strong>, this lightweight mist enhances grip and movement, delivering a soft, tousled finish ideal for both men&rsquo;s and women&rsquo;s daily styling routines.<\/p>\n<p>Its non-aerosol formula ensures a clean, eco-conscious application &mdash; meeting EU and North American clean beauty standards.<\/p>\n<p><strong>Principales caract\u00e9ristiques techniques :<\/strong><\/p>\n<ul>\n<li>\u2705 Effet de texture \"vagues de plage\" avec finition mate<\/li>\n<li>\u2705 Ajoute du volume et des racines aux cheveux fins ou plats<\/li>\n<li>\u2705 S\u00e9chage rapide, non collant et r\u00e9sistant \u00e0 l'humidit\u00e9<\/li>\n<li>\u2705 Formule de base pr\u00eate \u00e0 l'emploi pour la personnalisation des parfums et de la viscosit\u00e9<\/li>\n<li>\u2705 Diffusion non a\u00e9rosol (bouteille PET \/ pulv\u00e9risateur \u00e0 brouillard fin)<\/li>\n<\/ul>\n<p><strong>Production et conformit\u00e9 :<\/strong><\/p>\n<ul>\n<li>MOQ : 3 000 unit\u00e9s par SKU<\/li>\n<li>Conditionnement : flacon PET de 100 ml \/ 200 ml (couleur et \u00e9tiquetage personnalis\u00e9s disponibles)<\/li>\n<li>Lead time: 25&ndash;35 days after confirmation<\/li>\n<li>Norme de fabrication : GMP \/ ISO 22716 \/ FDA installation enregistr\u00e9e<\/li>\n<\/ul>\n<p><strong>Avantage de la formulation QYONZ :<\/strong><\/p>\n<p>Avec un m\u00e9lange exclusif de <strong>min\u00e9raux d'origine marine et syst\u00e8mes de dispersion de polym\u00e8res<\/strong>, QYONZ offre une solution \u00e9volutive de coiffage au sel marin con\u00e7ue pour les marques mondiales de soins capillaires.<\/p>\n<p>Notre \u00e9quipe de R&amp;D fournit des <strong>D\u00e9veloppement OEM\/ODM<\/strong>, Les services d'optimisation de la texture, d'harmonisation des parfums et d'optimisation de la texture permettent de r\u00e9pondre aux demandes des march\u00e9s r\u00e9gionaux.<\/p>","protected":false},"excerpt":{"rendered":"<p>Spray de texture au sel de mer naturel pour des ondulations et un volume de plage sans effort. Formule non a\u00e9rosol, r\u00e9sistante \u00e0 l'humidit\u00e9 et id\u00e9ale pour les marques priv\u00e9es OEM\/ODM.<\/p>","protected":false},"featured_media":2072,"comment_status":"open","ping_status":"closed","template":"","meta":{"_acf_changed":false,"rank_math_title":"OEM Sea Salt Spray | Texturizing Hair Mist Manufacturer","rank_math_description":"QYONZ OEM Sea Salt Spray \u2014 creates beach waves, volume, and matte texture. Non-aerosol formula for professional hair styling brands worldwide.","rank_math_focus_keyword":"OEM Sea Salt Spray, Texturizing Hair Mist, Beach Wave Styling Product, ODM Hair Texture Spray"},"product_brand":[],"product_cat":[85,87],"product_tag":[],"class_list":{"0":"post-2073","1":"product","2":"type-product","3":"status-publish","4":"has-post-thumbnail","6":"product_cat-hair-styling-oem","7":"product_cat-styling-sprays","9":"first","10":"instock","11":"shipping-taxable","12":"purchasable","13":"product-type-simple"},"acf":[],"_links":{"self":[{"href":"https:\/\/qyonz.com\/fr\/wp-json\/wp\/v2\/product\/2073","targetHints":{"allow":["GET"]}}],"collection":[{"href":"https:\/\/qyonz.com\/fr\/wp-json\/wp\/v2\/product"}],"about":[{"href":"https:\/\/qyonz.com\/fr\/wp-json\/wp\/v2\/types\/product"}],"replies":[{"embeddable":true,"href":"https:\/\/qyonz.com\/fr\/wp-json\/wp\/v2\/comments?post=2073"}],"version-history":[{"count":1,"href":"https:\/\/qyonz.com\/fr\/wp-json\/wp\/v2\/product\/2073\/revisions"}],"predecessor-version":[{"id":2392,"href":"https:\/\/qyonz.com\/fr\/wp-json\/wp\/v2\/product\/2073\/revisions\/2392"}],"wp:featuredmedia":[{"embeddable":true,"href":"https:\/\/qyonz.com\/fr\/wp-json\/wp\/v2\/media\/2072"}],"wp:attachment":[{"href":"https:\/\/qyonz.com\/fr\/wp-json\/wp\/v2\/media?parent=2073"}],"wp:term":[{"taxonomy":"product_brand","embeddable":true,"href":"https:\/\/qyonz.com\/fr\/wp-json\/wp\/v2\/product_brand?post=2073"},{"taxonomy":"product_cat","embeddable":true,"href":"https:\/\/qyonz.com\/fr\/wp-json\/wp\/v2\/product_cat?post=2073"},{"taxonomy":"product_tag","embeddable":true,"href":"https:\/\/qyonz.com\/fr\/wp-json\/wp\/v2\/product_tag?post=2073"}],"curies":[{"name":"wp","href":"https:\/\/api.w.org\/{rel}","templated":true}]}}