{"id":2009,"date":"2025-12-30T19:14:22","date_gmt":"2025-12-31T03:14:22","guid":{"rendered":"https:\/\/qyonz.com\/product\/oem-cosmetics-china-private-label-shampoo-hair-care-supplier-batatana-fruit-hair-growth-mask-deep-repair-argan-rosemary-formula\/"},"modified":"2026-04-12T20:47:50","modified_gmt":"2026-04-13T03:47:50","slug":"oem-cosmetics-china-private-label-shampoo-hair-care-supplier-batatana-fruit-hair-growth-mask-deep-repair-argan-rosemary-formula","status":"publish","type":"product","link":"https:\/\/qyonz.com\/pt\/product\/oem-cosmetics-china-private-label-shampoo-hair-care-supplier-batatana-fruit-hair-growth-mask-deep-repair-argan-rosemary-formula\/","title":{"rendered":"OEM Cosmetics China | Fornecedor de champ\u00f4 e produtos para o cabelo de marca pr\u00f3pria | Batatana Fruit Hair Growth Mask - Deep Repair, Argan &amp; Rosemary Formula"},"content":{"rendered":"<h3>Vis\u00e3o geral do produto<\/h3>\n<p>D\u00ea vida \u00e0 sua marca com a nossa <strong>M\u00e1scara de crescimento capilar de frutos da Batatana<\/strong>, uma f\u00f3rmula de qualidade superior infundida com <strong>\u00d3leo de arg\u00e3o e extrato de alecrim<\/strong> para nutrir, reparar e fortalecer o cabelo danificado da raiz at\u00e9 \u00e0s pontas.<\/p>\n<p>Concebido para <strong>Parceiros OEM Cosmetics e Private Label<\/strong>, Esta m\u00e1scara oferece resultados de qualidade de sal\u00e3o ao mesmo tempo que real\u00e7a a identidade da sua pr\u00f3pria marca.<\/p>\n<h3>Principais ingredientes e benef\u00edcios<\/h3>\n<ul>\n<li><strong>Extrato de fruto de Batatana<\/strong> &ndash; Rich in antioxidants and natural lipids, it deeply nourishes the scalp and stimulates new hair growth.<\/li>\n<li><strong>\u00d3leo de arg\u00e3o<\/strong> &ndash; Provides long-lasting moisture, shine, and smoothness.<\/li>\n<li><strong>Extrato de alecrim<\/strong> &ndash; Promotes circulation to the scalp, helping prevent thinning and breakage.<\/li>\n<li><strong>Complexo de queratina<\/strong> &ndash; Repairs and strengthens the hair shaft for healthy resilience.<\/li>\n<li><strong>Sem sulfatos e sem parabenos<\/strong> &ndash; Safe for all hair types, including color-treated hair.<\/li>\n<\/ul>\n<h3>\u2699\ufe0f Servi\u00e7o OEM \/ Marca pr\u00f3pria<\/h3>\n<p>Somos uma <strong>F\u00e1brica de produtos de cuidados da pele OEM certificada na China<\/strong>, especializado em:<\/p>\n<ul>\n<li><strong>Fabrico de champ\u00f4s e amaciadores de marca pr\u00f3pria<\/strong><\/li>\n<li><strong>Produ\u00e7\u00e3o OEM de produtos de limpeza corporal e de perfumes<\/strong><\/li>\n<li><strong>Design de f\u00f3rmulas e embalagens personalizadas<\/strong><\/li>\n<li><strong>Baixo MOQ e produ\u00e7\u00e3o em lote flex\u00edvel<\/strong><\/li>\n<\/ul>\n<p>Estabelecer uma parceria com uma empresa de confian\u00e7a <strong>Fornecedor OEM de produtos para o cuidado do cabelo<\/strong> for your next product line &mdash; choose from our ready-made formulas or request a fully customized solution.<\/p>\n<h3>\ud83e\uddea Destaques do produto<\/h3>\n<p>Repara\u00e7\u00e3o profunda e a\u00e7\u00e3o hidratante<\/p>\n<p>Promove o crescimento saud\u00e1vel do cabelo<\/p>\n<p>Mistura Natural de Arg\u00e3o + Alecrim<\/p>\n<p>OEM de marca pr\u00f3pria dispon\u00edvel<\/p>\n<p>Tempo de execu\u00e7\u00e3o r\u00e1pido e baixo MOQ<\/p>\n<p>Em conformidade com as normas da UE e da FDA<\/p>\n<h3>Op\u00e7\u00f5es dispon\u00edveis<\/h3>\n<ul>\n<li><strong>Tamanho:<\/strong> 500 ml \/ 16,9 fl. oz (garrafa ou frasco)<\/li>\n<li><strong>Embalagem:<\/strong> Customizable &ndash; jar, tube, or pump bottle with your logo<\/li>\n<li><strong>MOQ:<\/strong> 500 unidades para marca pr\u00f3pria \/ 3 000 unidades para OEM<\/li>\n<li><strong>Prazo de entrega:<\/strong> 15-25 dias ap\u00f3s a aprova\u00e7\u00e3o do projeto<\/li>\n<\/ul>","protected":false},"excerpt":{"rendered":"<p>Vis\u00e3o Geral do Produto D\u00ea vida \u00e0 sua marca com a nossa M\u00e1scara de Crescimento Capilar Batatana Fruit, uma f\u00f3rmula premium infundida com<\/p>","protected":false},"featured_media":2027,"comment_status":"open","ping_status":"closed","template":"","meta":{"_acf_changed":false,"rank_math_title":"","rank_math_description":"","rank_math_focus_keyword":""},"product_brand":[],"product_cat":[77,79],"product_tag":[69],"class_list":{"0":"post-2009","1":"product","2":"type-product","3":"status-publish","4":"has-post-thumbnail","6":"product_cat-hair-care-oem","7":"product_cat-hair-mask-treatment","8":"product_tag-hair-mask","10":"first","11":"instock","12":"shipping-taxable","13":"purchasable","14":"product-type-simple"},"acf":[],"_links":{"self":[{"href":"https:\/\/qyonz.com\/pt\/wp-json\/wp\/v2\/product\/2009","targetHints":{"allow":["GET"]}}],"collection":[{"href":"https:\/\/qyonz.com\/pt\/wp-json\/wp\/v2\/product"}],"about":[{"href":"https:\/\/qyonz.com\/pt\/wp-json\/wp\/v2\/types\/product"}],"replies":[{"embeddable":true,"href":"https:\/\/qyonz.com\/pt\/wp-json\/wp\/v2\/comments?post=2009"}],"version-history":[{"count":2,"href":"https:\/\/qyonz.com\/pt\/wp-json\/wp\/v2\/product\/2009\/revisions"}],"predecessor-version":[{"id":2412,"href":"https:\/\/qyonz.com\/pt\/wp-json\/wp\/v2\/product\/2009\/revisions\/2412"}],"wp:featuredmedia":[{"embeddable":true,"href":"https:\/\/qyonz.com\/pt\/wp-json\/wp\/v2\/media\/2027"}],"wp:attachment":[{"href":"https:\/\/qyonz.com\/pt\/wp-json\/wp\/v2\/media?parent=2009"}],"wp:term":[{"taxonomy":"product_brand","embeddable":true,"href":"https:\/\/qyonz.com\/pt\/wp-json\/wp\/v2\/product_brand?post=2009"},{"taxonomy":"product_cat","embeddable":true,"href":"https:\/\/qyonz.com\/pt\/wp-json\/wp\/v2\/product_cat?post=2009"},{"taxonomy":"product_tag","embeddable":true,"href":"https:\/\/qyonz.com\/pt\/wp-json\/wp\/v2\/product_tag?post=2009"}],"curies":[{"name":"wp","href":"https:\/\/api.w.org\/{rel}","templated":true}]}}