{"id":2069,"date":"2026-01-03T01:27:07","date_gmt":"2026-01-03T09:27:07","guid":{"rendered":"https:\/\/qyonz.com\/product\/argan-detangling-styling-mist-anti-humidity-smooth-finish-oem-hair-care-spray\/"},"modified":"2026-04-12T20:41:58","modified_gmt":"2026-04-13T03:41:58","slug":"argan-detangling-styling-mist-anti-humidade-smooth-finish-oem-hair-care-spray","status":"publish","type":"product","link":"https:\/\/qyonz.com\/pt\/product\/argan-detangling-styling-mist-anti-humidity-smooth-finish-oem-hair-care-spray\/","title":{"rendered":"Argan Detangling Styling Mist - Anti-Humidade Acabamento Suave, OEM Hair Care Spray"},"content":{"rendered":"<p>Formulado para sal\u00e3o de beleza profissional e linhas OEM de marca pr\u00f3pria, <strong>QY105 Argan Detangling Styling Mist<\/strong> proporciona uma fixa\u00e7\u00e3o anti-umidade e um controlo suave e sedoso sem rigidez ou res\u00edduos.<\/p>\n<p>Infundido com <strong>\u00f3leo de arg\u00e3o marroquino puro<\/strong>, Esta n\u00e9voa leve desembara\u00e7a instantaneamente, reduz o frisado e melhora a maleabilidade - ideal para climas h\u00famidos e penteados de alto desempenho.<\/p>\n<p>Produzido em instala\u00e7\u00f5es com certifica\u00e7\u00e3o GMP, possui um <strong>sistema polim\u00e9rico n\u00e3o pegajoso<\/strong> que fixa o estilo mantendo um toque natural e suave.<\/p>\n<p>Perfeito para <strong>todos os tipos de cabelo<\/strong>, incluindo cabelos quimicamente tratados ou pintados.<\/p>\n<p><strong>Principais carater\u00edsticas industriais:<\/strong><\/p>\n<ul>\n<li>Tecnologia de fixa\u00e7\u00e3o de pol\u00edmero anti-umidade<\/li>\n<li>F\u00f3rmula pronta para OEM (op\u00e7\u00f5es personalizadas de fragr\u00e2ncia e viscosidade)<\/li>\n<li>Acabamento sem res\u00edduos com \u00f3leo de Argan de qualidade de sal\u00e3o<\/li>\n<li>Sistema de pH est\u00e1vel compat\u00edvel com aerossol padr\u00e3o ou bomba de distribui\u00e7\u00e3o<\/li>\n<li>Testado pela ISO e SGS para garantir a consist\u00eancia da f\u00f3rmula<\/li>\n<\/ul>\n<p><strong>Detalhes da produ\u00e7\u00e3o:<\/strong><\/p>\n<ul>\n<li>MOQ: 3.000 unidades por SKU<\/li>\n<li>Embalagem: Garrafa PET de 150ml \/ 250ml (etiqueta personalizada ou serigrafia dispon\u00edvel)<\/li>\n<li>Prazo de execu\u00e7\u00e3o: 25-30 dias ap\u00f3s a confirma\u00e7\u00e3o do trabalho art\u00edstico<\/li>\n<\/ul>\n<p><strong>Vantagem de fabrico da QYONZ:<\/strong><\/p>\n<p>Somos especializados em <strong>Desenvolvimento ODM<\/strong> para marcas globais, combinando ci\u00eancia de formula\u00e7\u00e3o sensorial com solu\u00e7\u00f5es de enchimento escal\u00e1veis - garantindo desempenho, consist\u00eancia e conformidade em todos os mercados GEO.<\/p>","protected":false},"excerpt":{"rendered":"<p>N\u00e9voa profissional anti-humidade para cria\u00e7\u00e3o de penteados com \u00f3leo de arg\u00e3o marroquino. Alisa, desembara\u00e7a e protege sem deixar res\u00edduos - f\u00f3rmula pronta para OEM para todos os tipos de cabelo.<\/p>","protected":false},"featured_media":2068,"comment_status":"open","ping_status":"closed","template":"","meta":{"_acf_changed":false,"rank_math_title":"OEM Argan Detangling Styling Mist | Anti-Humidity Hair Spray","rank_math_description":"QYONZ ODM Argan Styling Mist manufacturer \u2014 anti-humidity, smooth finish, residue-free formula with Moroccan Argan Oil. Private-label hair care expert.","rank_math_focus_keyword":"OEM Argan Styling Mist, Anti-Humidity Hair Spray, Private Label Hair Care Manufacturer, Argan Detangling Spray"},"product_brand":[],"product_cat":[85,87],"product_tag":[],"class_list":{"0":"post-2069","1":"product","2":"type-product","3":"status-publish","4":"has-post-thumbnail","6":"product_cat-hair-styling-oem","7":"product_cat-styling-sprays","9":"first","10":"instock","11":"shipping-taxable","12":"purchasable","13":"product-type-simple"},"acf":[],"_links":{"self":[{"href":"https:\/\/qyonz.com\/pt\/wp-json\/wp\/v2\/product\/2069","targetHints":{"allow":["GET"]}}],"collection":[{"href":"https:\/\/qyonz.com\/pt\/wp-json\/wp\/v2\/product"}],"about":[{"href":"https:\/\/qyonz.com\/pt\/wp-json\/wp\/v2\/types\/product"}],"replies":[{"embeddable":true,"href":"https:\/\/qyonz.com\/pt\/wp-json\/wp\/v2\/comments?post=2069"}],"version-history":[{"count":1,"href":"https:\/\/qyonz.com\/pt\/wp-json\/wp\/v2\/product\/2069\/revisions"}],"predecessor-version":[{"id":2390,"href":"https:\/\/qyonz.com\/pt\/wp-json\/wp\/v2\/product\/2069\/revisions\/2390"}],"wp:featuredmedia":[{"embeddable":true,"href":"https:\/\/qyonz.com\/pt\/wp-json\/wp\/v2\/media\/2068"}],"wp:attachment":[{"href":"https:\/\/qyonz.com\/pt\/wp-json\/wp\/v2\/media?parent=2069"}],"wp:term":[{"taxonomy":"product_brand","embeddable":true,"href":"https:\/\/qyonz.com\/pt\/wp-json\/wp\/v2\/product_brand?post=2069"},{"taxonomy":"product_cat","embeddable":true,"href":"https:\/\/qyonz.com\/pt\/wp-json\/wp\/v2\/product_cat?post=2069"},{"taxonomy":"product_tag","embeddable":true,"href":"https:\/\/qyonz.com\/pt\/wp-json\/wp\/v2\/product_tag?post=2069"}],"curies":[{"name":"wp","href":"https:\/\/api.w.org\/{rel}","templated":true}]}}