{"id":2073,"date":"2026-01-03T02:14:13","date_gmt":"2026-01-03T10:14:13","guid":{"rendered":"https:\/\/qyonz.com\/product\/texturizing-sea-salt-spray-beach-waves-volume-enhancer-oem-odm-hair-texture-mist\/"},"modified":"2026-04-12T20:42:26","modified_gmt":"2026-04-13T03:42:26","slug":"spray-texturizante-de-sal-marinho-beach-waves-intensificador-de-volume-oem-odm-hair-texture-mist","status":"publish","type":"product","link":"https:\/\/qyonz.com\/pt\/product\/texturizing-sea-salt-spray-beach-waves-volume-enhancer-oem-odm-hair-texture-mist\/","title":{"rendered":"Spray Texturizante de Sal Marinho - Ondas de Praia e Intensificador de Volume (OEM\/ODM Hair Texture Mist)"},"content":{"rendered":"<p>Concebido para profissionais <strong>Marcas de cabeleireiro OEM e ODM<\/strong>, o <strong>QY107 Spray Texturizante de Sal Marinho<\/strong> cria ondas de praia naturais, volume e textura sem esfor\u00e7o, sem rigidez ou res\u00edduos.<\/p>\n<p>Formulado com <strong>minerais marinhos e sulfato de magn\u00e9sio<\/strong>, Esta n\u00e9voa leve aumenta a ader\u00eancia e o movimento, proporcionando um acabamento suave e despenteado, ideal para as rotinas di\u00e1rias de penteados de homens e mulheres.<\/p>\n<p>A sua f\u00f3rmula sem aerossol garante uma aplica\u00e7\u00e3o limpa e ecol\u00f3gica - cumprindo as normas de beleza limpa da UE e da Am\u00e9rica do Norte.<\/p>\n<p><strong>Principais destaques t\u00e9cnicos:<\/strong><\/p>\n<ul>\n<li>Efeito de textura de ondas de praia com acabamento mate<\/li>\n<li>Adiciona volume e eleva\u00e7\u00e3o da raiz ao cabelo fino ou liso<\/li>\n<li>Secagem r\u00e1pida, n\u00e3o pegajosa e resistente \u00e0 humidade<\/li>\n<li>F\u00f3rmula base pronta para OEM para personaliza\u00e7\u00e3o da fragr\u00e2ncia e da viscosidade<\/li>\n<li>Entrega sem aerossol (garrafa PET \/ pulverizador de n\u00e9voa fina)<\/li>\n<\/ul>\n<p><strong>Produ\u00e7\u00e3o e conformidade:<\/strong><\/p>\n<ul>\n<li>MOQ: 3.000 unidades por SKU<\/li>\n<li>Embalagem: Garrafa PET de 100ml \/ 200ml (cor da garrafa e rotulagem personalizadas dispon\u00edveis)<\/li>\n<li>Prazo de entrega: 25-35 dias ap\u00f3s a confirma\u00e7\u00e3o<\/li>\n<li>Norma de fabrico: Instala\u00e7\u00f5es registadas GMP \/ ISO 22716 \/ FDA<\/li>\n<\/ul>\n<p><strong>Vantagem da formula\u00e7\u00e3o QYONZ:<\/strong><\/p>\n<p>Com uma mistura patenteada de <strong>minerais de origem marinha e sistemas de dispers\u00e3o de pol\u00edmeros<\/strong>, A QYONZ oferece uma solu\u00e7\u00e3o escal\u00e1vel de modela\u00e7\u00e3o com sal marinho concebida para marcas globais de produtos para o cabelo.<\/p>\n<p>A nossa equipa de I&amp;D fornece <strong>Desenvolvimento OEM\/ODM<\/strong>, A empresa oferece servi\u00e7os de otimiza\u00e7\u00e3o de fragr\u00e2ncias e texturas para satisfazer as exig\u00eancias do mercado regional.<\/p>","protected":false},"excerpt":{"rendered":"<p>Spray de textura natural de sal marinho para ondas de praia e volume sem esfor\u00e7o. F\u00f3rmula sem aerossol, resistente \u00e0 humidade e ideal para marcas privadas OEM\/ODM.<\/p>","protected":false},"featured_media":2072,"comment_status":"open","ping_status":"closed","template":"","meta":{"_acf_changed":false,"rank_math_title":"OEM Sea Salt Spray | Texturizing Hair Mist Manufacturer","rank_math_description":"QYONZ OEM Sea Salt Spray \u2014 creates beach waves, volume, and matte texture. Non-aerosol formula for professional hair styling brands worldwide.","rank_math_focus_keyword":"OEM Sea Salt Spray, Texturizing Hair Mist, Beach Wave Styling Product, ODM Hair Texture Spray"},"product_brand":[],"product_cat":[85,87],"product_tag":[],"class_list":{"0":"post-2073","1":"product","2":"type-product","3":"status-publish","4":"has-post-thumbnail","6":"product_cat-hair-styling-oem","7":"product_cat-styling-sprays","9":"first","10":"instock","11":"shipping-taxable","12":"purchasable","13":"product-type-simple"},"acf":[],"_links":{"self":[{"href":"https:\/\/qyonz.com\/pt\/wp-json\/wp\/v2\/product\/2073","targetHints":{"allow":["GET"]}}],"collection":[{"href":"https:\/\/qyonz.com\/pt\/wp-json\/wp\/v2\/product"}],"about":[{"href":"https:\/\/qyonz.com\/pt\/wp-json\/wp\/v2\/types\/product"}],"replies":[{"embeddable":true,"href":"https:\/\/qyonz.com\/pt\/wp-json\/wp\/v2\/comments?post=2073"}],"version-history":[{"count":1,"href":"https:\/\/qyonz.com\/pt\/wp-json\/wp\/v2\/product\/2073\/revisions"}],"predecessor-version":[{"id":2392,"href":"https:\/\/qyonz.com\/pt\/wp-json\/wp\/v2\/product\/2073\/revisions\/2392"}],"wp:featuredmedia":[{"embeddable":true,"href":"https:\/\/qyonz.com\/pt\/wp-json\/wp\/v2\/media\/2072"}],"wp:attachment":[{"href":"https:\/\/qyonz.com\/pt\/wp-json\/wp\/v2\/media?parent=2073"}],"wp:term":[{"taxonomy":"product_brand","embeddable":true,"href":"https:\/\/qyonz.com\/pt\/wp-json\/wp\/v2\/product_brand?post=2073"},{"taxonomy":"product_cat","embeddable":true,"href":"https:\/\/qyonz.com\/pt\/wp-json\/wp\/v2\/product_cat?post=2073"},{"taxonomy":"product_tag","embeddable":true,"href":"https:\/\/qyonz.com\/pt\/wp-json\/wp\/v2\/product_tag?post=2073"}],"curies":[{"name":"wp","href":"https:\/\/api.w.org\/{rel}","templated":true}]}}